{"id":16,"date":"2024-04-05T08:58:28","date_gmt":"2024-04-05T06:58:28","guid":{"rendered":"http:\/\/zern-verbund.de\/?page_id=16"},"modified":"2024-10-29T13:51:00","modified_gmt":"2024-10-29T12:51:00","slug":"ueber-uns","status":"publish","type":"page","link":"https:\/\/zern-verbund.de\/en\/ueber-uns\/","title":{"rendered":"ABOUT US"},"content":{"rendered":"<div data-elementor-type=\"wp-page\" data-elementor-id=\"16\" class=\"elementor elementor-16\" data-elementor-post-type=\"page\">\n\t\t\t\t<div class=\"elementor-element elementor-element-fbc900b e-con-full e-flex e-con e-parent\" data-id=\"fbc900b\" data-element_type=\"container\" data-e-type=\"container\">\n\t\t<div class=\"elementor-element elementor-element-8ab5fb4 e-con-full e-flex e-con e-child\" data-id=\"8ab5fb4\" data-element_type=\"container\" data-e-type=\"container\" data-settings=\"{&quot;background_background&quot;:&quot;classic&quot;}\">\n\t\t\t\t<div class=\"elementor-element elementor-element-7e7ef51 elementor-widget__width-initial elementor-widget-mobile__width-inherit elementor-widget elementor-widget-heading\" data-id=\"7e7ef51\" data-element_type=\"widget\" data-e-type=\"widget\" data-widget_type=\"heading.default\">\n\t\t\t\t<div class=\"elementor-widget-container\">\n\t\t\t\t\t<h1 class=\"elementor-heading-title elementor-size-default\">ABOUT US<\/h1>\t\t\t\t<\/div>\n\t\t\t\t<\/div>\n\t\t\t\t<\/div>\n\t\t<div class=\"elementor-element elementor-element-9aac0bd e-con-full e-flex e-con e-child\" data-id=\"9aac0bd\" data-element_type=\"container\" data-e-type=\"container\" data-settings=\"{&quot;background_background&quot;:&quot;classic&quot;}\">\n\t\t\t\t<\/div>\n\t\t\t\t<\/div>\n\t\t<div class=\"elementor-element elementor-element-c71492d e-flex e-con-boxed e-con e-parent\" data-id=\"c71492d\" data-element_type=\"container\" data-e-type=\"container\">\n\t\t\t\t\t<div class=\"e-con-inner\">\n\t\t\t\t<div class=\"elementor-element elementor-element-ba0809b elementor-align-left elementor-widget elementor-widget-breadcrumbs\" data-id=\"ba0809b\" data-element_type=\"widget\" data-e-type=\"widget\" data-widget_type=\"breadcrumbs.default\">\n\t\t\t\t<div class=\"elementor-widget-container\">\n\t\t\t\t\t<p id=\"breadcrumbs\"><span><span><a href=\"https:\/\/zern-verbund.de\/en\/\">Home<\/a><\/span><\/span><\/p>\t\t\t\t<\/div>\n\t\t\t\t<\/div>\n\t\t\t\t\t<\/div>\n\t\t\t\t<\/div>\n\t\t<div class=\"elementor-element elementor-element-aa863d7 e-flex e-con-boxed e-con e-parent\" data-id=\"aa863d7\" data-element_type=\"container\" data-e-type=\"container\">\n\t\t\t\t\t<div class=\"e-con-inner\">\n\t\t\t\t<div class=\"elementor-element elementor-element-4e8976f elementor-widget elementor-widget-heading\" data-id=\"4e8976f\" data-element_type=\"widget\" data-e-type=\"widget\" data-widget_type=\"heading.default\">\n\t\t\t\t<div class=\"elementor-widget-container\">\n\t\t\t\t\t<h1 class=\"elementor-heading-title elementor-size-default\">BACKGROUND<\/h1>\t\t\t\t<\/div>\n\t\t\t\t<\/div>\n\t\t\t\t<div class=\"elementor-element elementor-element-feb503a elementor-widget elementor-widget-text-editor\" data-id=\"feb503a\" data-element_type=\"widget\" data-e-type=\"widget\" data-widget_type=\"text-editor.default\">\n\t\t\t\t<div class=\"elementor-widget-container\">\n\t\t\t\t\t\t\t\t\t<p class=\"translation-block\">Nutrition is an essential basic need of every human being and probably never before in the history of mankind have there been <strong>so many alternatives to food.<\/strong> Today, we experience the most diverse food cultures and find an incredible variety of products in the food retail trade.<\/p><p>However, even though food is available in sufficient quality and quantity, there are still major challenges that will have a significant impact on the <strong> future of nutrition <\/strong>:<\/p><ul><li class=\"translation-block\">The <strong>expansion of land use <\/strong>often affects biodiversity habitats and greenhouse gas emissions, which has a negative impact on the effects of climate change.<\/li><li class=\"translation-block\">The <strong>increase in diet-associated diseases and obesity<\/strong> combined with micronutrient deficiencies reflects dietary patterns dominated by unhealthy and extremely processed foods.<\/li><li class=\"translation-block\">The <strong>intensive use of fertilizers, pesticides and herbicides to increase crop yields<\/strong> can affect the quality of groundwater and create further risks to ecosystem cycles.<\/li><li class=\"translation-block\"><strong>Development policy requirements<\/strong>, including the creation of decent jobs, the reduction of gender inequalities and combating the economic and socio-political marginalization of certain communities.<\/li><\/ul><p class=\"translation-block\">As a result, a number of initiatives in current research have already begun to take an integrative perspective on the <strong>multiple links between food, agriculture and the environment.<\/strong> Their initial results all indicate that <strong>a major transformation of the food system must be tackled in order to meet human needs without violating planetary boundaries.<\/strong> This is already being taken to the political level (e.g. Scientific Advisory Council on Agricultural Policy, Food and Consumer Health Protection 2020).<\/p><p class=\"translation-block\">As it cannot be assumed that a sustainable balance of economic, ecological and social concerns can be achieved through market forces alone, the ZERN research and transfer network is developing a concept to tackle these issues. By creating and linking knowledge and know-how, the innovative strength of Lower Saxony as a business location is to be strengthened and a <strong>future-proof agricultural and food industry established.<\/strong><\/p>\t\t\t\t\t\t\t\t<\/div>\n\t\t\t\t<\/div>\n\t\t\t\t\t<\/div>\n\t\t\t\t<\/div>\n\t\t<div class=\"elementor-element elementor-element-4e808b1 e-flex e-con-boxed e-con e-parent\" data-id=\"4e808b1\" data-element_type=\"container\" data-e-type=\"container\">\n\t\t\t\t\t<div class=\"e-con-inner\">\n\t\t<div class=\"elementor-element elementor-element-3902cc8 e-grid e-con-boxed e-con e-child\" data-id=\"3902cc8\" data-element_type=\"container\" data-e-type=\"container\">\n\t\t\t\t\t<div class=\"e-con-inner\">\n\t\t\t\t<div class=\"elementor-element elementor-element-38e9f31 elementor-widget elementor-widget-heading\" data-id=\"38e9f31\" data-element_type=\"widget\" data-e-type=\"widget\" data-widget_type=\"heading.default\">\n\t\t\t\t<div class=\"elementor-widget-container\">\n\t\t\t\t\t<h2 class=\"elementor-heading-title elementor-size-default\">Lower Saxony: Need for action and future framework conditions<\/h2>\t\t\t\t<\/div>\n\t\t\t\t<\/div>\n\t\t\t\t<div class=\"elementor-element elementor-element-ab35b79 elementor-widget elementor-widget-text-editor\" data-id=\"ab35b79\" data-element_type=\"widget\" data-e-type=\"widget\" data-widget_type=\"text-editor.default\">\n\t\t\t\t<div class=\"elementor-widget-container\">\n\t\t\t\t\t\t\t\t\t<p>From the economic and social consequences of food production and processing to the socio-cultural effects of food consumption, an improvement in the food system can only be expected if an integrated, holistic combination of agricultural science, nutritional science and socio-economic expertise is successful. This expertise is available in Lower Saxony \u2026<\/p>\t\t\t\t\t\t\t\t<\/div>\n\t\t\t\t<\/div>\n\t\t\t\t<div class=\"elementor-element elementor-element-6da531e elementor-align-right elementor-widget elementor-widget-button\" data-id=\"6da531e\" data-element_type=\"widget\" data-e-type=\"widget\" data-widget_type=\"button.default\">\n\t\t\t\t<div class=\"elementor-widget-container\">\n\t\t\t\t\t\t\t\t\t<div class=\"elementor-button-wrapper\">\n\t\t\t\t\t<a class=\"elementor-button elementor-button-link elementor-size-sm\" href=\"https:\/\/zern-verbund.de\/en\/ueber-uns\/niedersachsen-handlungsbedarf-und-zukunftige-rahmenbedingungen\/\">\n\t\t\t\t\t\t<span class=\"elementor-button-content-wrapper\">\n\t\t\t\t\t\t\t\t\t<span class=\"elementor-button-text\">Read more<\/span>\n\t\t\t\t\t<\/span>\n\t\t\t\t\t<\/a>\n\t\t\t\t<\/div>\n\t\t\t\t\t\t\t\t<\/div>\n\t\t\t\t<\/div>\n\t\t\t\t\t<\/div>\n\t\t\t\t<\/div>\n\t\t<div class=\"elementor-element elementor-element-dfa03ac e-grid e-con-boxed e-con e-child\" data-id=\"dfa03ac\" data-element_type=\"container\" data-e-type=\"container\">\n\t\t\t\t\t<div class=\"e-con-inner\">\n\t\t\t\t<div class=\"elementor-element elementor-element-461cb4b elementor-widget elementor-widget-heading\" data-id=\"461cb4b\" data-element_type=\"widget\" data-e-type=\"widget\" data-widget_type=\"heading.default\">\n\t\t\t\t<div class=\"elementor-widget-container\">\n\t\t\t\t\t<h2 class=\"elementor-heading-title elementor-size-default\">OBJECTIVES<br> &nbsp;<\/h2>\t\t\t\t<\/div>\n\t\t\t\t<\/div>\n\t\t\t\t<div class=\"elementor-element elementor-element-59599c3 elementor-widget elementor-widget-text-editor\" data-id=\"59599c3\" data-element_type=\"widget\" data-e-type=\"widget\" data-widget_type=\"text-editor.default\">\n\t\t\t\t<div class=\"elementor-widget-container\">\n\t\t\t\t\t\t\t\t\t<p class=\"translation-block\">1. agriculture in functioning ecosystems<br>\n2. regional food economy in a global context<br>\n3. innovative food and sustainable nutrition<br>\n4. efficient research and transfer network<br><\/p>\t\t\t\t\t\t\t\t<\/div>\n\t\t\t\t<\/div>\n\t\t\t\t<div class=\"elementor-element elementor-element-2f8185e elementor-align-right elementor-widget elementor-widget-button\" data-id=\"2f8185e\" data-element_type=\"widget\" data-e-type=\"widget\" data-widget_type=\"button.default\">\n\t\t\t\t<div class=\"elementor-widget-container\">\n\t\t\t\t\t\t\t\t\t<div class=\"elementor-button-wrapper\">\n\t\t\t\t\t<a class=\"elementor-button elementor-button-link elementor-size-sm\" href=\"https:\/\/zern-verbund.de\/en\/ueber-uns\/zielsetzung\/\">\n\t\t\t\t\t\t<span class=\"elementor-button-content-wrapper\">\n\t\t\t\t\t\t\t\t\t<span class=\"elementor-button-text\">Read more<\/span>\n\t\t\t\t\t<\/span>\n\t\t\t\t\t<\/a>\n\t\t\t\t<\/div>\n\t\t\t\t\t\t\t\t<\/div>\n\t\t\t\t<\/div>\n\t\t\t\t\t<\/div>\n\t\t\t\t<\/div>\n\t\t\t\t\t<\/div>\n\t\t\t\t<\/div>\n\t\t<div class=\"elementor-element elementor-element-087e171 e-flex e-con-boxed e-con e-parent\" data-id=\"087e171\" data-element_type=\"container\" data-e-type=\"container\">\n\t\t\t\t\t<div class=\"e-con-inner\">\n\t\t\t\t<div class=\"elementor-element elementor-element-13eb860 elementor-widget elementor-widget-image\" data-id=\"13eb860\" data-element_type=\"widget\" data-e-type=\"widget\" data-widget_type=\"image.default\">\n\t\t\t\t<div class=\"elementor-widget-container\">\n\t\t\t\t\t\t\t\t\t\t\t\t<figure class=\"wp-caption\">\n\t\t\t\t\t\t\t\t\t\t<img fetchpriority=\"high\" decoding=\"async\" width=\"800\" height=\"323\" src=\"https:\/\/zern-verbund.de\/wp-content\/uploads\/2024\/04\/Uebersicht-ZERN-1024x413.png\" class=\"attachment-large size-large wp-image-1114\" alt=\"\" srcset=\"https:\/\/zern-verbund.de\/wp-content\/uploads\/2024\/04\/Uebersicht-ZERN-1024x413.png 1024w, https:\/\/zern-verbund.de\/wp-content\/uploads\/2024\/04\/Uebersicht-ZERN-300x121.png 300w, https:\/\/zern-verbund.de\/wp-content\/uploads\/2024\/04\/Uebersicht-ZERN-768x310.png 768w, https:\/\/zern-verbund.de\/wp-content\/uploads\/2024\/04\/Uebersicht-ZERN-1536x620.png 1536w, https:\/\/zern-verbund.de\/wp-content\/uploads\/2024\/04\/Uebersicht-ZERN-2048x827.png 2048w\" sizes=\"(max-width: 800px) 100vw, 800px\" \/>\t\t\t\t\t\t\t\t\t\t\t<figcaption class=\"widget-image-caption wp-caption-text\">Overview of the ZERN network<\/figcaption>\n\t\t\t\t\t\t\t\t\t\t<\/figure>\n\t\t\t\t\t\t\t\t\t<\/div>\n\t\t\t\t<\/div>\n\t\t\t\t\t<\/div>\n\t\t\t\t<\/div>\n\t\t\t\t<\/div>","protected":false},"excerpt":{"rendered":"<p>Hintergrund Ern\u00e4hrung ist ein essenzielles Grundbed\u00fcrfnis eines jeden Menschen und wohl noch nie in der Geschichte der Menschheit gab es so viele Alternativen sich zu ern\u00e4hren. Wir erleben heute unterschiedlichste Esskulturen und finden eine unglaubliche Produktvielfalt im Lebensmitteleinzelhandel vor. Doch auch wenn die Lebensmittel in qualitativ und quantitativ ausreichendem Ma\u00dfe zur Verf\u00fcgung stehen, gibt es [&hellip;]<\/p>\n","protected":false},"author":1,"featured_media":0,"parent":0,"menu_order":0,"comment_status":"closed","ping_status":"closed","template":"elementor_header_footer","meta":{"footnotes":""},"class_list":["post-16","page","type-page","status-publish","hentry"],"yoast_head":"<!-- This site is optimized with the Yoast SEO plugin v27.5 - https:\/\/yoast.com\/product\/yoast-seo-wordpress\/ -->\n<title>\u00dcBER UNS - ZERN<\/title>\n<meta name=\"description\" content=\"...wenn eine holistische Verkn\u00fcpfung von agrarwissenschaftlicher, ern\u00e4hrungswissenschaftlicher und sozio\u00f6konomischer Expertise gelingt...\" \/>\n<meta name=\"robots\" content=\"index, follow, max-snippet:-1, max-image-preview:large, max-video-preview:-1\" \/>\n<link rel=\"canonical\" href=\"https:\/\/zern-verbund.de\/en\/ueber-uns\/\" \/>\n<meta property=\"og:locale\" content=\"en_GB\" \/>\n<meta property=\"og:type\" content=\"article\" \/>\n<meta property=\"og:title\" content=\"\u00dcBER UNS - ZERN\" \/>\n<meta property=\"og:description\" content=\"...wenn eine holistische Verkn\u00fcpfung von agrarwissenschaftlicher, ern\u00e4hrungswissenschaftlicher und sozio\u00f6konomischer Expertise gelingt...\" \/>\n<meta property=\"og:url\" content=\"https:\/\/zern-verbund.de\/en\/ueber-uns\/\" \/>\n<meta property=\"og:site_name\" content=\"ZERN\" \/>\n<meta property=\"article:modified_time\" content=\"2024-10-29T12:51:00+00:00\" \/>\n<meta property=\"og:image\" content=\"https:\/\/zern-verbund.de\/wp-content\/uploads\/2024\/04\/Uebersicht-ZERN-1024x413.png\" \/>\n<meta name=\"twitter:card\" content=\"summary_large_image\" \/>\n<meta name=\"twitter:site\" content=\"@ZernZukunf34174\" \/>\n<meta name=\"twitter:label1\" content=\"Estimated reading time\" \/>\n\t<meta name=\"twitter:data1\" content=\"3 minutes\" \/>\n<script type=\"application\/ld+json\" class=\"yoast-schema-graph\">{\"@context\":\"https:\\\/\\\/schema.org\",\"@graph\":[{\"@type\":\"WebPage\",\"@id\":\"https:\\\/\\\/zern-verbund.de\\\/ueber-uns\\\/\",\"url\":\"https:\\\/\\\/zern-verbund.de\\\/ueber-uns\\\/\",\"name\":\"\u00dcBER UNS - ZERN\",\"isPartOf\":{\"@id\":\"https:\\\/\\\/zern-verbund.de\\\/#website\"},\"primaryImageOfPage\":{\"@id\":\"https:\\\/\\\/zern-verbund.de\\\/ueber-uns\\\/#primaryimage\"},\"image\":{\"@id\":\"https:\\\/\\\/zern-verbund.de\\\/ueber-uns\\\/#primaryimage\"},\"thumbnailUrl\":\"https:\\\/\\\/zern-verbund.de\\\/wp-content\\\/uploads\\\/2024\\\/04\\\/Uebersicht-ZERN-1024x413.png\",\"datePublished\":\"2024-04-05T06:58:28+00:00\",\"dateModified\":\"2024-10-29T12:51:00+00:00\",\"description\":\"...wenn eine holistische Verkn\u00fcpfung von agrarwissenschaftlicher, ern\u00e4hrungswissenschaftlicher und sozio\u00f6konomischer Expertise gelingt...\",\"breadcrumb\":{\"@id\":\"https:\\\/\\\/zern-verbund.de\\\/ueber-uns\\\/#breadcrumb\"},\"inLanguage\":\"en-GB\",\"potentialAction\":[{\"@type\":\"ReadAction\",\"target\":[\"https:\\\/\\\/zern-verbund.de\\\/ueber-uns\\\/\"]}]},{\"@type\":\"ImageObject\",\"inLanguage\":\"en-GB\",\"@id\":\"https:\\\/\\\/zern-verbund.de\\\/ueber-uns\\\/#primaryimage\",\"url\":\"https:\\\/\\\/zern-verbund.de\\\/wp-content\\\/uploads\\\/2024\\\/04\\\/Uebersicht-ZERN-1024x413.png\",\"contentUrl\":\"https:\\\/\\\/zern-verbund.de\\\/wp-content\\\/uploads\\\/2024\\\/04\\\/Uebersicht-ZERN-1024x413.png\"},{\"@type\":\"BreadcrumbList\",\"@id\":\"https:\\\/\\\/zern-verbund.de\\\/ueber-uns\\\/#breadcrumb\",\"itemListElement\":[{\"@type\":\"ListItem\",\"position\":1,\"name\":\"Home\",\"item\":\"https:\\\/\\\/zern-verbund.de\\\/\"},{\"@type\":\"ListItem\",\"position\":2,\"name\":\"\u00dcBER UNS\"}]},{\"@type\":\"WebSite\",\"@id\":\"https:\\\/\\\/zern-verbund.de\\\/#website\",\"url\":\"https:\\\/\\\/zern-verbund.de\\\/\",\"name\":\"ZERN\",\"description\":\"ZERN Verbund\",\"publisher\":{\"@id\":\"https:\\\/\\\/zern-verbund.de\\\/#organization\"},\"alternateName\":\"Zukunft Ern\u00e4hrung Niedersachsen\",\"potentialAction\":[{\"@type\":\"SearchAction\",\"target\":{\"@type\":\"EntryPoint\",\"urlTemplate\":\"https:\\\/\\\/zern-verbund.de\\\/?s={search_term_string}\"},\"query-input\":{\"@type\":\"PropertyValueSpecification\",\"valueRequired\":true,\"valueName\":\"search_term_string\"}}],\"inLanguage\":\"en-GB\"},{\"@type\":\"Organization\",\"@id\":\"https:\\\/\\\/zern-verbund.de\\\/#organization\",\"name\":\"ZERN\",\"alternateName\":\"Zukunft Ern\u00e4hrung Niedersachsen\",\"url\":\"https:\\\/\\\/zern-verbund.de\\\/\",\"logo\":{\"@type\":\"ImageObject\",\"inLanguage\":\"en-GB\",\"@id\":\"https:\\\/\\\/zern-verbund.de\\\/#\\\/schema\\\/logo\\\/image\\\/\",\"url\":\"https:\\\/\\\/zern-verbund.de\\\/wp-content\\\/uploads\\\/2024\\\/04\\\/zern_logo.png\",\"contentUrl\":\"https:\\\/\\\/zern-verbund.de\\\/wp-content\\\/uploads\\\/2024\\\/04\\\/zern_logo.png\",\"width\":167,\"height\":155,\"caption\":\"ZERN\"},\"image\":{\"@id\":\"https:\\\/\\\/zern-verbund.de\\\/#\\\/schema\\\/logo\\\/image\\\/\"},\"sameAs\":[\"https:\\\/\\\/x.com\\\/ZernZukunf34174\",\"https:\\\/\\\/www.linkedin.com\\\/in\\\/zern-zukunft-ernhrung-niedersachsen-5089292b8\\\/\",\"https:\\\/\\\/www.instagram.com\\\/zern.verbund\\\/\"]}]}<\/script>\n<!-- \/ Yoast SEO plugin. -->","yoast_head_json":{"title":"\u00dcBER UNS - ZERN","description":"...wenn eine holistische Verkn\u00fcpfung von agrarwissenschaftlicher, ern\u00e4hrungswissenschaftlicher und sozio\u00f6konomischer Expertise gelingt...","robots":{"index":"index","follow":"follow","max-snippet":"max-snippet:-1","max-image-preview":"max-image-preview:large","max-video-preview":"max-video-preview:-1"},"canonical":"https:\/\/zern-verbund.de\/en\/ueber-uns\/","og_locale":"en_GB","og_type":"article","og_title":"\u00dcBER UNS - ZERN","og_description":"...wenn eine holistische Verkn\u00fcpfung von agrarwissenschaftlicher, ern\u00e4hrungswissenschaftlicher und sozio\u00f6konomischer Expertise gelingt...","og_url":"https:\/\/zern-verbund.de\/en\/ueber-uns\/","og_site_name":"ZERN","article_modified_time":"2024-10-29T12:51:00+00:00","og_image":[{"url":"https:\/\/zern-verbund.de\/wp-content\/uploads\/2024\/04\/Uebersicht-ZERN-1024x413.png","type":"","width":"","height":""}],"twitter_card":"summary_large_image","twitter_site":"@ZernZukunf34174","twitter_misc":{"Estimated reading time":"3 minutes"},"schema":{"@context":"https:\/\/schema.org","@graph":[{"@type":"WebPage","@id":"https:\/\/zern-verbund.de\/ueber-uns\/","url":"https:\/\/zern-verbund.de\/ueber-uns\/","name":"\u00dcBER UNS - ZERN","isPartOf":{"@id":"https:\/\/zern-verbund.de\/#website"},"primaryImageOfPage":{"@id":"https:\/\/zern-verbund.de\/ueber-uns\/#primaryimage"},"image":{"@id":"https:\/\/zern-verbund.de\/ueber-uns\/#primaryimage"},"thumbnailUrl":"https:\/\/zern-verbund.de\/wp-content\/uploads\/2024\/04\/Uebersicht-ZERN-1024x413.png","datePublished":"2024-04-05T06:58:28+00:00","dateModified":"2024-10-29T12:51:00+00:00","description":"...wenn eine holistische Verkn\u00fcpfung von agrarwissenschaftlicher, ern\u00e4hrungswissenschaftlicher und sozio\u00f6konomischer Expertise gelingt...","breadcrumb":{"@id":"https:\/\/zern-verbund.de\/ueber-uns\/#breadcrumb"},"inLanguage":"en-GB","potentialAction":[{"@type":"ReadAction","target":["https:\/\/zern-verbund.de\/ueber-uns\/"]}]},{"@type":"ImageObject","inLanguage":"en-GB","@id":"https:\/\/zern-verbund.de\/ueber-uns\/#primaryimage","url":"https:\/\/zern-verbund.de\/wp-content\/uploads\/2024\/04\/Uebersicht-ZERN-1024x413.png","contentUrl":"https:\/\/zern-verbund.de\/wp-content\/uploads\/2024\/04\/Uebersicht-ZERN-1024x413.png"},{"@type":"BreadcrumbList","@id":"https:\/\/zern-verbund.de\/ueber-uns\/#breadcrumb","itemListElement":[{"@type":"ListItem","position":1,"name":"Home","item":"https:\/\/zern-verbund.de\/"},{"@type":"ListItem","position":2,"name":"\u00dcBER UNS"}]},{"@type":"WebSite","@id":"https:\/\/zern-verbund.de\/#website","url":"https:\/\/zern-verbund.de\/","name":"ZERN","description":"ZERN Verbund","publisher":{"@id":"https:\/\/zern-verbund.de\/#organization"},"alternateName":"Zukunft Ern\u00e4hrung Niedersachsen","potentialAction":[{"@type":"SearchAction","target":{"@type":"EntryPoint","urlTemplate":"https:\/\/zern-verbund.de\/?s={search_term_string}"},"query-input":{"@type":"PropertyValueSpecification","valueRequired":true,"valueName":"search_term_string"}}],"inLanguage":"en-GB"},{"@type":"Organization","@id":"https:\/\/zern-verbund.de\/#organization","name":"ZERN","alternateName":"Zukunft Ern\u00e4hrung Niedersachsen","url":"https:\/\/zern-verbund.de\/","logo":{"@type":"ImageObject","inLanguage":"en-GB","@id":"https:\/\/zern-verbund.de\/#\/schema\/logo\/image\/","url":"https:\/\/zern-verbund.de\/wp-content\/uploads\/2024\/04\/zern_logo.png","contentUrl":"https:\/\/zern-verbund.de\/wp-content\/uploads\/2024\/04\/zern_logo.png","width":167,"height":155,"caption":"ZERN"},"image":{"@id":"https:\/\/zern-verbund.de\/#\/schema\/logo\/image\/"},"sameAs":["https:\/\/x.com\/ZernZukunf34174","https:\/\/www.linkedin.com\/in\/zern-zukunft-ernhrung-niedersachsen-5089292b8\/","https:\/\/www.instagram.com\/zern.verbund\/"]}]}},"_links":{"self":[{"href":"https:\/\/zern-verbund.de\/en\/wp-json\/wp\/v2\/pages\/16","targetHints":{"allow":["GET"]}}],"collection":[{"href":"https:\/\/zern-verbund.de\/en\/wp-json\/wp\/v2\/pages"}],"about":[{"href":"https:\/\/zern-verbund.de\/en\/wp-json\/wp\/v2\/types\/page"}],"author":[{"embeddable":true,"href":"https:\/\/zern-verbund.de\/en\/wp-json\/wp\/v2\/users\/1"}],"replies":[{"embeddable":true,"href":"https:\/\/zern-verbund.de\/en\/wp-json\/wp\/v2\/comments?post=16"}],"version-history":[{"count":71,"href":"https:\/\/zern-verbund.de\/en\/wp-json\/wp\/v2\/pages\/16\/revisions"}],"predecessor-version":[{"id":2192,"href":"https:\/\/zern-verbund.de\/en\/wp-json\/wp\/v2\/pages\/16\/revisions\/2192"}],"wp:attachment":[{"href":"https:\/\/zern-verbund.de\/en\/wp-json\/wp\/v2\/media?parent=16"}],"curies":[{"name":"wp","href":"https:\/\/api.w.org\/{rel}","templated":true}]}}