{"id":167,"date":"2024-04-11T11:35:48","date_gmt":"2024-04-11T09:35:48","guid":{"rendered":"http:\/\/zern-verbund.de\/?page_id=167"},"modified":"2024-06-05T16:03:26","modified_gmt":"2024-06-05T14:03:26","slug":"zielsetzung","status":"publish","type":"page","link":"https:\/\/zern-verbund.de\/en\/ueber-uns\/zielsetzung\/","title":{"rendered":"OBJECTIVES"},"content":{"rendered":"<div data-elementor-type=\"wp-page\" data-elementor-id=\"167\" class=\"elementor elementor-167\" data-elementor-post-type=\"page\">\n\t\t\t\t<div class=\"elementor-element elementor-element-fbc900b e-con-full e-flex e-con e-parent\" data-id=\"fbc900b\" data-element_type=\"container\" data-e-type=\"container\">\n\t\t<div class=\"elementor-element elementor-element-8ab5fb4 e-con-full e-flex e-con e-child\" data-id=\"8ab5fb4\" data-element_type=\"container\" data-e-type=\"container\" data-settings=\"{&quot;background_background&quot;:&quot;classic&quot;}\">\n\t\t\t\t<div class=\"elementor-element elementor-element-cdd288e elementor-widget__width-initial elementor-widget-mobile__width-inherit elementor-widget elementor-widget-heading\" data-id=\"cdd288e\" data-element_type=\"widget\" data-e-type=\"widget\" data-widget_type=\"heading.default\">\n\t\t\t\t<div class=\"elementor-widget-container\">\n\t\t\t\t\t<h1 class=\"elementor-heading-title elementor-size-default\">OBJECTIVES<\/h1>\t\t\t\t<\/div>\n\t\t\t\t<\/div>\n\t\t\t\t<\/div>\n\t\t<div class=\"elementor-element elementor-element-9aac0bd e-con-full e-flex e-con e-child\" data-id=\"9aac0bd\" data-element_type=\"container\" data-e-type=\"container\" data-settings=\"{&quot;background_background&quot;:&quot;classic&quot;}\">\n\t\t\t\t<\/div>\n\t\t\t\t<\/div>\n\t\t<div class=\"elementor-element elementor-element-c71492d e-flex e-con-boxed e-con e-parent\" data-id=\"c71492d\" data-element_type=\"container\" data-e-type=\"container\">\n\t\t\t\t\t<div class=\"e-con-inner\">\n\t\t\t\t<div class=\"elementor-element elementor-element-ba0809b elementor-align-left elementor-widget__width-initial elementor-widget elementor-widget-breadcrumbs\" data-id=\"ba0809b\" data-element_type=\"widget\" data-e-type=\"widget\" data-widget_type=\"breadcrumbs.default\">\n\t\t\t\t<div class=\"elementor-widget-container\">\n\t\t\t\t\t<p id=\"breadcrumbs\"><span><span><a href=\"https:\/\/zern-verbund.de\/en\/\">Home<\/a><\/span><\/span><\/p>\t\t\t\t<\/div>\n\t\t\t\t<\/div>\n\t\t\t\t\t<\/div>\n\t\t\t\t<\/div>\n\t\t<div class=\"elementor-element elementor-element-aa863d7 e-flex e-con-boxed e-con e-parent\" data-id=\"aa863d7\" data-element_type=\"container\" data-e-type=\"container\">\n\t\t\t\t\t<div class=\"e-con-inner\">\n\t\t<div class=\"elementor-element elementor-element-2a03d55 e-flex e-con-boxed e-con e-child\" data-id=\"2a03d55\" data-element_type=\"container\" data-e-type=\"container\">\n\t\t\t\t\t<div class=\"e-con-inner\">\n\t\t\t\t<div class=\"elementor-element elementor-element-57a5720 elementor-widget elementor-widget-heading\" data-id=\"57a5720\" data-element_type=\"widget\" data-e-type=\"widget\" data-widget_type=\"heading.default\">\n\t\t\t\t<div class=\"elementor-widget-container\">\n\t\t\t\t\t<h3 class=\"elementor-heading-title elementor-size-default\">1. Agriculture in functioning ecosystems<\/h3>\t\t\t\t<\/div>\n\t\t\t\t<\/div>\n\t\t\t\t<div class=\"elementor-element elementor-element-6e38c21 elementor-widget elementor-widget-text-editor\" data-id=\"6e38c21\" data-element_type=\"widget\" data-e-type=\"widget\" data-widget_type=\"text-editor.default\">\n\t\t\t\t<div class=\"elementor-widget-container\">\n\t\t\t\t\t\t\t\t\t<p class=\"translation-block\">Agricultural production that provides economically viable food and agricultural raw materials without jeopardizing other ecosystem functions (e.g. biodiversity,\nregulation of the water balance, carbon storage).<\/p>\t\t\t\t\t\t\t\t<\/div>\n\t\t\t\t<\/div>\n\t\t\t\t<div class=\"elementor-element elementor-element-4023b7a elementor-widget elementor-widget-heading\" data-id=\"4023b7a\" data-element_type=\"widget\" data-e-type=\"widget\" data-widget_type=\"heading.default\">\n\t\t\t\t<div class=\"elementor-widget-container\">\n\t\t\t\t\t<h3 class=\"elementor-heading-title elementor-size-default\">2. Regional food industry in a global context<\/h3>\t\t\t\t<\/div>\n\t\t\t\t<\/div>\n\t\t\t\t<div class=\"elementor-element elementor-element-324d62b elementor-widget elementor-widget-text-editor\" data-id=\"324d62b\" data-element_type=\"widget\" data-e-type=\"widget\" data-widget_type=\"text-editor.default\">\n\t\t\t\t<div class=\"elementor-widget-container\">\n\t\t\t\t\t\t\t\t\t<p>Processing and marketing food that is conducive to a healthy diet without wasting energy and raw materials and accepting negative social conditions for employees.<\/p>\t\t\t\t\t\t\t\t<\/div>\n\t\t\t\t<\/div>\n\t\t\t\t<div class=\"elementor-element elementor-element-797ac26 elementor-widget elementor-widget-heading\" data-id=\"797ac26\" data-element_type=\"widget\" data-e-type=\"widget\" data-widget_type=\"heading.default\">\n\t\t\t\t<div class=\"elementor-widget-container\">\n\t\t\t\t\t<h3 class=\"elementor-heading-title elementor-size-default\">3. Innovative food and sustainable nutrition<\/h3>\t\t\t\t<\/div>\n\t\t\t\t<\/div>\n\t\t\t\t<div class=\"elementor-element elementor-element-3bf9387 elementor-widget elementor-widget-text-editor\" data-id=\"3bf9387\" data-element_type=\"widget\" data-e-type=\"widget\" data-widget_type=\"text-editor.default\">\n\t\t\t\t<div class=\"elementor-widget-container\">\n\t\t\t\t\t\t\t\t\t<p>A form of food consumption that provides consumers with healthy, high-quality food at affordable prices without neglecting social expectations and cultural aspects.<\/p>\t\t\t\t\t\t\t\t<\/div>\n\t\t\t\t<\/div>\n\t\t\t\t<div class=\"elementor-element elementor-element-beb8048 elementor-widget elementor-widget-heading\" data-id=\"beb8048\" data-element_type=\"widget\" data-e-type=\"widget\" data-widget_type=\"heading.default\">\n\t\t\t\t<div class=\"elementor-widget-container\">\n\t\t\t\t\t<h3 class=\"elementor-heading-title elementor-size-default\">4. Efficient research and transfer network<\/h3>\t\t\t\t<\/div>\n\t\t\t\t<\/div>\n\t\t\t\t<div class=\"elementor-element elementor-element-49b4e38 elementor-widget elementor-widget-text-editor\" data-id=\"49b4e38\" data-element_type=\"widget\" data-e-type=\"widget\" data-widget_type=\"text-editor.default\">\n\t\t\t\t<div class=\"elementor-widget-container\">\n\t\t\t\t\t\t\t\t\t<p>Sustainable strengthening and increased visibility of Lower Saxony\u2019s research landscape, companies and other players in Lower Saxony\u2019s food industry.<\/p>\t\t\t\t\t\t\t\t<\/div>\n\t\t\t\t<\/div>\n\t\t\t\t<div class=\"elementor-element elementor-element-7e4f1e9 elementor-widget elementor-widget-heading\" data-id=\"7e4f1e9\" data-element_type=\"widget\" data-e-type=\"widget\" data-widget_type=\"heading.default\">\n\t\t\t\t<div class=\"elementor-widget-container\">\n\t\t\t\t\t<h3 class=\"elementor-heading-title elementor-size-default\">Primary goal of the ZERN network:<\/h3>\t\t\t\t<\/div>\n\t\t\t\t<\/div>\n\t\t\t\t<div class=\"elementor-element elementor-element-11c121a elementor-widget elementor-widget-text-editor\" data-id=\"11c121a\" data-element_type=\"widget\" data-e-type=\"widget\" data-widget_type=\"text-editor.default\">\n\t\t\t\t<div class=\"elementor-widget-container\">\n\t\t\t\t\t\t\t\t\t<p>The development of measures to support the transformation of the food system in Lower Saxony so that the food of the future can be geared towards sustainable production, processing, marketing and consumption of food.<\/p>\t\t\t\t\t\t\t\t<\/div>\n\t\t\t\t<\/div>\n\t\t\t\t\t<\/div>\n\t\t\t\t<\/div>\n\t\t<div class=\"elementor-element elementor-element-90a7b04 e-flex e-con-boxed e-con e-child\" data-id=\"90a7b04\" data-element_type=\"container\" data-e-type=\"container\">\n\t\t\t\t\t<div class=\"e-con-inner\">\n\t\t\t\t<div class=\"elementor-element elementor-element-23ae1bf elementor-widget elementor-widget-image\" data-id=\"23ae1bf\" data-element_type=\"widget\" data-e-type=\"widget\" data-widget_type=\"image.default\">\n\t\t\t\t<div class=\"elementor-widget-container\">\n\t\t\t\t\t\t\t\t\t\t\t\t\t\t\t<img fetchpriority=\"high\" decoding=\"async\" width=\"2048\" height=\"1283\" src=\"https:\/\/zern-verbund.de\/wp-content\/uploads\/2025\/09\/Ziele-Englisch-2048x1559-1.png\" class=\"attachment-2048x2048 size-2048x2048 wp-image-1404\" alt=\"\" srcset=\"https:\/\/zern-verbund.de\/wp-content\/uploads\/2025\/09\/Ziele-Englisch-2048x1559-1.png 2048w, https:\/\/zern-verbund.de\/wp-content\/uploads\/2025\/09\/Ziele-Englisch-2048x1559-1-300x228.png 300w, https:\/\/zern-verbund.de\/wp-content\/uploads\/2025\/09\/Ziele-Englisch-2048x1559-1-1024x780.png 1024w, https:\/\/zern-verbund.de\/wp-content\/uploads\/2025\/09\/Ziele-Englisch-2048x1559-1-768x585.png 768w, https:\/\/zern-verbund.de\/wp-content\/uploads\/2025\/09\/Ziele-Englisch-2048x1559-1-1536x1169.png 1536w, https:\/\/zern-verbund.de\/wp-content\/uploads\/2025\/09\/Ziele-Englisch-2048x1559-1-16x12.png 16w\" sizes=\"(max-width: 2048px) 100vw, 2048px\" \/>\t\t\t\t\t\t\t\t\t\t\t\t\t\t\t<\/div>\n\t\t\t\t<\/div>\n\t\t\t\t\t<\/div>\n\t\t\t\t<\/div>\n\t\t\t\t\t<\/div>\n\t\t\t\t<\/div>\n\t\t\t\t<\/div>","protected":false},"excerpt":{"rendered":"<p>1. Landwirtschaft in funktionierenden \u00d6kosystemen Eine landwirtschaftliche Produktion, die wirtschaftlich tragf\u00e4hig Lebensmittel und agrarische Rohstoffe bereitstellt, ohne andere \u00d6kosystemfunktionen (z.B. Biodiversit\u00e4t,Regulierung des Wasserhaushalts, Kohlenstoffspeicherung) zu gef\u00e4hrden. 2. Regionale Ern\u00e4hrungswirtschaft im globalen Kontext Eine Verarbeitung und Vermarktung von Lebensmitteln, die einer gesunden Ern\u00e4hrungsweise f\u00f6rderlich sind, ohne Energie und Rohstoffe zu verschwenden und negative soziale Bedingungen der [&hellip;]<\/p>\n","protected":false},"author":1,"featured_media":0,"parent":16,"menu_order":0,"comment_status":"closed","ping_status":"closed","template":"elementor_header_footer","meta":{"footnotes":""},"class_list":["post-167","page","type-page","status-publish","hentry"],"yoast_head":"<!-- This site is optimized with the Yoast SEO plugin v27.5 - https:\/\/yoast.com\/product\/yoast-seo-wordpress\/ -->\n<title>Zielsetzung - ZERN<\/title>\n<meta name=\"description\" content=\"Landwirtschaft in funktionierenden \u00d6kosystemen, regionale Ern\u00e4hrungswirtschaft im globalen Kontext, innovative Lebensmittel...\" \/>\n<meta name=\"robots\" content=\"index, follow, max-snippet:-1, max-image-preview:large, max-video-preview:-1\" \/>\n<link rel=\"canonical\" href=\"https:\/\/zern-verbund.de\/en\/ueber-uns\/zielsetzung\/\" \/>\n<meta property=\"og:locale\" content=\"en_GB\" \/>\n<meta property=\"og:type\" content=\"article\" \/>\n<meta property=\"og:title\" content=\"Zielsetzung - ZERN\" \/>\n<meta property=\"og:description\" content=\"Landwirtschaft in funktionierenden \u00d6kosystemen, regionale Ern\u00e4hrungswirtschaft im globalen Kontext, innovative Lebensmittel...\" \/>\n<meta property=\"og:url\" content=\"https:\/\/zern-verbund.de\/en\/ueber-uns\/zielsetzung\/\" \/>\n<meta property=\"og:site_name\" content=\"ZERN\" \/>\n<meta property=\"article:modified_time\" content=\"2024-06-05T14:03:26+00:00\" \/>\n<meta property=\"og:image\" content=\"https:\/\/zern-verbund.de\/wp-content\/uploads\/2024\/05\/Ziele-ZERN-2048x1283.png\" \/>\n<meta name=\"twitter:card\" content=\"summary_large_image\" \/>\n<meta name=\"twitter:site\" content=\"@ZernZukunf34174\" \/>\n<meta name=\"twitter:label1\" content=\"Estimated reading time\" \/>\n\t<meta name=\"twitter:data1\" content=\"2 minutes\" \/>\n<script type=\"application\/ld+json\" class=\"yoast-schema-graph\">{\"@context\":\"https:\\\/\\\/schema.org\",\"@graph\":[{\"@type\":\"WebPage\",\"@id\":\"https:\\\/\\\/zern-verbund.de\\\/ueber-uns\\\/zielsetzung\\\/\",\"url\":\"https:\\\/\\\/zern-verbund.de\\\/ueber-uns\\\/zielsetzung\\\/\",\"name\":\"Zielsetzung - ZERN\",\"isPartOf\":{\"@id\":\"https:\\\/\\\/zern-verbund.de\\\/#website\"},\"primaryImageOfPage\":{\"@id\":\"https:\\\/\\\/zern-verbund.de\\\/ueber-uns\\\/zielsetzung\\\/#primaryimage\"},\"image\":{\"@id\":\"https:\\\/\\\/zern-verbund.de\\\/ueber-uns\\\/zielsetzung\\\/#primaryimage\"},\"thumbnailUrl\":\"https:\\\/\\\/zern-verbund.de\\\/wp-content\\\/uploads\\\/2024\\\/05\\\/Ziele-ZERN-2048x1283.png\",\"datePublished\":\"2024-04-11T09:35:48+00:00\",\"dateModified\":\"2024-06-05T14:03:26+00:00\",\"description\":\"Landwirtschaft in funktionierenden \u00d6kosystemen, regionale Ern\u00e4hrungswirtschaft im globalen Kontext, innovative Lebensmittel...\",\"breadcrumb\":{\"@id\":\"https:\\\/\\\/zern-verbund.de\\\/ueber-uns\\\/zielsetzung\\\/#breadcrumb\"},\"inLanguage\":\"en-GB\",\"potentialAction\":[{\"@type\":\"ReadAction\",\"target\":[\"https:\\\/\\\/zern-verbund.de\\\/ueber-uns\\\/zielsetzung\\\/\"]}]},{\"@type\":\"ImageObject\",\"inLanguage\":\"en-GB\",\"@id\":\"https:\\\/\\\/zern-verbund.de\\\/ueber-uns\\\/zielsetzung\\\/#primaryimage\",\"url\":\"https:\\\/\\\/zern-verbund.de\\\/wp-content\\\/uploads\\\/2024\\\/05\\\/Ziele-ZERN-2048x1283.png\",\"contentUrl\":\"https:\\\/\\\/zern-verbund.de\\\/wp-content\\\/uploads\\\/2024\\\/05\\\/Ziele-ZERN-2048x1283.png\"},{\"@type\":\"BreadcrumbList\",\"@id\":\"https:\\\/\\\/zern-verbund.de\\\/ueber-uns\\\/zielsetzung\\\/#breadcrumb\",\"itemListElement\":[{\"@type\":\"ListItem\",\"position\":1,\"name\":\"Home\",\"item\":\"https:\\\/\\\/zern-verbund.de\\\/\"},{\"@type\":\"ListItem\",\"position\":2,\"name\":\"\u00dcBER UNS\",\"item\":\"https:\\\/\\\/zern-verbund.de\\\/ueber-uns\\\/\"},{\"@type\":\"ListItem\",\"position\":3,\"name\":\"Zielsetzung\"}]},{\"@type\":\"WebSite\",\"@id\":\"https:\\\/\\\/zern-verbund.de\\\/#website\",\"url\":\"https:\\\/\\\/zern-verbund.de\\\/\",\"name\":\"ZERN\",\"description\":\"ZERN Verbund\",\"publisher\":{\"@id\":\"https:\\\/\\\/zern-verbund.de\\\/#organization\"},\"alternateName\":\"Zukunft Ern\u00e4hrung Niedersachsen\",\"potentialAction\":[{\"@type\":\"SearchAction\",\"target\":{\"@type\":\"EntryPoint\",\"urlTemplate\":\"https:\\\/\\\/zern-verbund.de\\\/?s={search_term_string}\"},\"query-input\":{\"@type\":\"PropertyValueSpecification\",\"valueRequired\":true,\"valueName\":\"search_term_string\"}}],\"inLanguage\":\"en-GB\"},{\"@type\":\"Organization\",\"@id\":\"https:\\\/\\\/zern-verbund.de\\\/#organization\",\"name\":\"ZERN\",\"alternateName\":\"Zukunft Ern\u00e4hrung Niedersachsen\",\"url\":\"https:\\\/\\\/zern-verbund.de\\\/\",\"logo\":{\"@type\":\"ImageObject\",\"inLanguage\":\"en-GB\",\"@id\":\"https:\\\/\\\/zern-verbund.de\\\/#\\\/schema\\\/logo\\\/image\\\/\",\"url\":\"https:\\\/\\\/zern-verbund.de\\\/wp-content\\\/uploads\\\/2024\\\/04\\\/zern_logo.png\",\"contentUrl\":\"https:\\\/\\\/zern-verbund.de\\\/wp-content\\\/uploads\\\/2024\\\/04\\\/zern_logo.png\",\"width\":167,\"height\":155,\"caption\":\"ZERN\"},\"image\":{\"@id\":\"https:\\\/\\\/zern-verbund.de\\\/#\\\/schema\\\/logo\\\/image\\\/\"},\"sameAs\":[\"https:\\\/\\\/x.com\\\/ZernZukunf34174\",\"https:\\\/\\\/www.linkedin.com\\\/in\\\/zern-zukunft-ernhrung-niedersachsen-5089292b8\\\/\",\"https:\\\/\\\/www.instagram.com\\\/zern.verbund\\\/\"]}]}<\/script>\n<!-- \/ Yoast SEO plugin. -->","yoast_head_json":{"title":"Zielsetzung - ZERN","description":"Landwirtschaft in funktionierenden \u00d6kosystemen, regionale Ern\u00e4hrungswirtschaft im globalen Kontext, innovative Lebensmittel...","robots":{"index":"index","follow":"follow","max-snippet":"max-snippet:-1","max-image-preview":"max-image-preview:large","max-video-preview":"max-video-preview:-1"},"canonical":"https:\/\/zern-verbund.de\/en\/ueber-uns\/zielsetzung\/","og_locale":"en_GB","og_type":"article","og_title":"Zielsetzung - ZERN","og_description":"Landwirtschaft in funktionierenden \u00d6kosystemen, regionale Ern\u00e4hrungswirtschaft im globalen Kontext, innovative Lebensmittel...","og_url":"https:\/\/zern-verbund.de\/en\/ueber-uns\/zielsetzung\/","og_site_name":"ZERN","article_modified_time":"2024-06-05T14:03:26+00:00","og_image":[{"url":"https:\/\/zern-verbund.de\/wp-content\/uploads\/2024\/05\/Ziele-ZERN-2048x1283.png","type":"","width":"","height":""}],"twitter_card":"summary_large_image","twitter_site":"@ZernZukunf34174","twitter_misc":{"Estimated reading time":"2 minutes"},"schema":{"@context":"https:\/\/schema.org","@graph":[{"@type":"WebPage","@id":"https:\/\/zern-verbund.de\/ueber-uns\/zielsetzung\/","url":"https:\/\/zern-verbund.de\/ueber-uns\/zielsetzung\/","name":"Zielsetzung - ZERN","isPartOf":{"@id":"https:\/\/zern-verbund.de\/#website"},"primaryImageOfPage":{"@id":"https:\/\/zern-verbund.de\/ueber-uns\/zielsetzung\/#primaryimage"},"image":{"@id":"https:\/\/zern-verbund.de\/ueber-uns\/zielsetzung\/#primaryimage"},"thumbnailUrl":"https:\/\/zern-verbund.de\/wp-content\/uploads\/2024\/05\/Ziele-ZERN-2048x1283.png","datePublished":"2024-04-11T09:35:48+00:00","dateModified":"2024-06-05T14:03:26+00:00","description":"Landwirtschaft in funktionierenden \u00d6kosystemen, regionale Ern\u00e4hrungswirtschaft im globalen Kontext, innovative Lebensmittel...","breadcrumb":{"@id":"https:\/\/zern-verbund.de\/ueber-uns\/zielsetzung\/#breadcrumb"},"inLanguage":"en-GB","potentialAction":[{"@type":"ReadAction","target":["https:\/\/zern-verbund.de\/ueber-uns\/zielsetzung\/"]}]},{"@type":"ImageObject","inLanguage":"en-GB","@id":"https:\/\/zern-verbund.de\/ueber-uns\/zielsetzung\/#primaryimage","url":"https:\/\/zern-verbund.de\/wp-content\/uploads\/2024\/05\/Ziele-ZERN-2048x1283.png","contentUrl":"https:\/\/zern-verbund.de\/wp-content\/uploads\/2024\/05\/Ziele-ZERN-2048x1283.png"},{"@type":"BreadcrumbList","@id":"https:\/\/zern-verbund.de\/ueber-uns\/zielsetzung\/#breadcrumb","itemListElement":[{"@type":"ListItem","position":1,"name":"Home","item":"https:\/\/zern-verbund.de\/"},{"@type":"ListItem","position":2,"name":"\u00dcBER UNS","item":"https:\/\/zern-verbund.de\/ueber-uns\/"},{"@type":"ListItem","position":3,"name":"Zielsetzung"}]},{"@type":"WebSite","@id":"https:\/\/zern-verbund.de\/#website","url":"https:\/\/zern-verbund.de\/","name":"ZERN","description":"ZERN Verbund","publisher":{"@id":"https:\/\/zern-verbund.de\/#organization"},"alternateName":"Zukunft Ern\u00e4hrung Niedersachsen","potentialAction":[{"@type":"SearchAction","target":{"@type":"EntryPoint","urlTemplate":"https:\/\/zern-verbund.de\/?s={search_term_string}"},"query-input":{"@type":"PropertyValueSpecification","valueRequired":true,"valueName":"search_term_string"}}],"inLanguage":"en-GB"},{"@type":"Organization","@id":"https:\/\/zern-verbund.de\/#organization","name":"ZERN","alternateName":"Zukunft Ern\u00e4hrung Niedersachsen","url":"https:\/\/zern-verbund.de\/","logo":{"@type":"ImageObject","inLanguage":"en-GB","@id":"https:\/\/zern-verbund.de\/#\/schema\/logo\/image\/","url":"https:\/\/zern-verbund.de\/wp-content\/uploads\/2024\/04\/zern_logo.png","contentUrl":"https:\/\/zern-verbund.de\/wp-content\/uploads\/2024\/04\/zern_logo.png","width":167,"height":155,"caption":"ZERN"},"image":{"@id":"https:\/\/zern-verbund.de\/#\/schema\/logo\/image\/"},"sameAs":["https:\/\/x.com\/ZernZukunf34174","https:\/\/www.linkedin.com\/in\/zern-zukunft-ernhrung-niedersachsen-5089292b8\/","https:\/\/www.instagram.com\/zern.verbund\/"]}]}},"_links":{"self":[{"href":"https:\/\/zern-verbund.de\/en\/wp-json\/wp\/v2\/pages\/167","targetHints":{"allow":["GET"]}}],"collection":[{"href":"https:\/\/zern-verbund.de\/en\/wp-json\/wp\/v2\/pages"}],"about":[{"href":"https:\/\/zern-verbund.de\/en\/wp-json\/wp\/v2\/types\/page"}],"author":[{"embeddable":true,"href":"https:\/\/zern-verbund.de\/en\/wp-json\/wp\/v2\/users\/1"}],"replies":[{"embeddable":true,"href":"https:\/\/zern-verbund.de\/en\/wp-json\/wp\/v2\/comments?post=167"}],"version-history":[{"count":47,"href":"https:\/\/zern-verbund.de\/en\/wp-json\/wp\/v2\/pages\/167\/revisions"}],"predecessor-version":[{"id":1410,"href":"https:\/\/zern-verbund.de\/en\/wp-json\/wp\/v2\/pages\/167\/revisions\/1410"}],"up":[{"embeddable":true,"href":"https:\/\/zern-verbund.de\/en\/wp-json\/wp\/v2\/pages\/16"}],"wp:attachment":[{"href":"https:\/\/zern-verbund.de\/en\/wp-json\/wp\/v2\/media?parent=167"}],"curies":[{"name":"wp","href":"https:\/\/api.w.org\/{rel}","templated":true}]}}