{"id":2436,"date":"2025-02-19T17:29:07","date_gmt":"2025-02-19T16:29:07","guid":{"rendered":"https:\/\/zern-verbund.de\/?page_id=2436"},"modified":"2025-02-19T18:10:17","modified_gmt":"2025-02-19T17:10:17","slug":"elementor-2436","status":"publish","type":"page","link":"https:\/\/zern-verbund.de\/en\/elementor-2436\/","title":{"rendered":"Wertsch\u00f6pfende stoffliche Nutzung von Pressr\u00fcckst\u00e4nden der Eiwei\u00dfgewinnung aus gr\u00fcner Biomasse (Presswert)"},"content":{"rendered":"<div data-elementor-type=\"wp-page\" data-elementor-id=\"2436\" class=\"elementor elementor-2436\" data-elementor-post-type=\"page\">\n\t\t\t\t<div class=\"elementor-element elementor-element-f4c03d6 e-con-full e-flex e-con e-parent\" data-id=\"f4c03d6\" data-element_type=\"container\" data-e-type=\"container\">\n\t\t<div class=\"elementor-element elementor-element-1d9d667 e-con-full e-flex e-con e-child\" data-id=\"1d9d667\" data-element_type=\"container\" data-e-type=\"container\" data-settings=\"{&quot;background_background&quot;:&quot;classic&quot;}\">\n\t\t\t\t<div class=\"elementor-element elementor-element-35a9f8c elementor-widget__width-initial elementor-widget-tablet__width-inherit elementor-widget elementor-widget-heading\" data-id=\"35a9f8c\" data-element_type=\"widget\" data-e-type=\"widget\" data-widget_type=\"heading.default\">\n\t\t\t\t<div class=\"elementor-widget-container\">\n\t\t\t\t\t<h1 class=\"elementor-heading-title elementor-size-default\"><a href=\"https:\/\/zern-verbund.de\/en\/themenbereiche-2\/themenbereich-gruenland\/IP1\/\">Wertsch\u00f6pfende stoffliche Nutzung von Pressr\u00fcckst\u00e4nden\nder Eiwei\u00dfgewinnung aus gr\u00fcner Biomasse (Presswert)\n<\/a><\/h1>\t\t\t\t<\/div>\n\t\t\t\t<\/div>\n\t\t\t\t<\/div>\n\t\t<div class=\"elementor-element elementor-element-488dcd1 e-con-full e-flex e-con e-child\" data-id=\"488dcd1\" data-element_type=\"container\" data-e-type=\"container\" data-settings=\"{&quot;background_background&quot;:&quot;classic&quot;}\">\n\t\t\t\t<\/div>\n\t\t\t\t<\/div>\n\t\t<div class=\"elementor-element elementor-element-15752dc e-flex e-con-boxed e-con e-parent\" data-id=\"15752dc\" data-element_type=\"container\" data-e-type=\"container\">\n\t\t\t\t\t<div class=\"e-con-inner\">\n\t\t\t\t<div class=\"elementor-element elementor-element-858299f elementor-widget elementor-widget-text-editor\" data-id=\"858299f\" data-element_type=\"widget\" data-e-type=\"widget\" data-widget_type=\"text-editor.default\">\n\t\t\t\t<div class=\"elementor-widget-container\">\n\t\t\t\t\t\t\t\t\t<p class=\"translation-block\"><img loading=\"lazy\" class=\"size-medium wp-image-2476 alignleft\" src=\"https:\/\/zern-verbund.de\/wp-content\/uploads\/2025\/02\/Presswert-300x300.png\" alt=\"\" width=\"300\" height=\"300\"> Permanent grassland is important for soil and water protection and, as a carbon sink, makes an important contribution to climate protection. In the field of grassland use, a <a href=\"https:\/\/zern-verbund.de\/en\/themenbereiche-2\/themenbereich-gruenland\/https-zern-verbund-de-themenbereiche-2-themenbereich-gruenland-ip1\/\" target=\"_self\">project at the German Institute for Food Technology (DIL)<\/a>  is investigating fundamental scientific questions for a process for <strong>extracting techno-functional proteins from grassland plants<\/strong>. In addition to the protein-rich pressed juice, a relatively dry press residue is produced, for which it is necessary to find ways of utilization that add as much value as possible.<\/p><p class=\"translation-block\">This is where the Presswert project comes in. <strong>It complements the DIL project by using the press residues produced there in a high-quality material application for the extraction of fibers for paper production and hydrogels<\/strong>. The project is being carried out in close cooperation between the two Th\u00fcnen Institutes for Agricultural Technology and Wood Research. In addition to the DIL, GeCo GbR and the Klingele paper factory are also involved as associated partners.<\/p><p>Schwerpunkt der Arbeiten am Th\u00fcnen-Institut f\u00fcr Agrartechnologie ist die <strong>Gewinnung der Hemicellulose-Fraktion aus den Pressr\u00fcckst\u00e4nden<\/strong>, die durch geeignete chemische Modifikationen zu Hydrogelen umgesetzt werden sollen. Hydrogele spielen eine zunehmend wichtige Rolle in der modernen Land- und Forstwirtschaft. Sie k\u00f6nnen gro\u00dfe Mengen Wasser speichern und langsam an Pflanzen abgeben, wodurch die Wasserversorgung und damit der Ertrag in ausgedehnteren Trockenperioden, wie sie angesichts des Klimawandels zu erwarten sind, sichern k\u00f6nnen. Im Gegensatz zu synthetischen Materialien, wie sie heute vielfach eingesetzt werden, bietet Hemicellulose den Vorteil, dass sie biobasiert und biologisch abbaubar ist, wodurch eine umweltfreundliche und nachhaltige L\u00f6sung geschaffen werden kann.<\/p><p>Im Th\u00fcnen-Institut f\u00fcr Holzforschung steht dagegen die <strong>cellulosereiche Faserfraktion im Fokus<\/strong>. Diese soll durch m\u00f6glichst einfache Technologien gewonnen werden, gleichzeitig aber hohe Zellstoffertr\u00e4ge bei guter Papierfestigkeit liefern. Damit k\u00f6nnen Papierfabriken mit geringen Investitionen direkt im Werk frische Fasern gewinnen und damit den sinkenden Altpapierqualit\u00e4ten, wie sie in den letzten Jahren durch gestiegene Recyclingquoten zu verzeichnen sind, begegnen. Die Nutzung von Frischfasern aus Einjahrespflanzen wie Gras <strong>erweitert die Rohstoffgrundlage f\u00fcr Papierfabriken<\/strong> und ist besonders vielversprechend und nachhaltig.<\/p><p>Beide Th\u00fcnen-Institute arbeiten mit denselben Pressr\u00fcckst\u00e4nden und optimieren zun\u00e4chst die jeweiligen Prozesse zur Gewinnung der Hemicellulose und der cellulosereichen Faserfraktion. Die h\u00f6chste Wertsch\u00f6pfung aus der Nutzung der Gr\u00fcnland-Biomasse wird aber erst durch eine optimale Kombination der einzelnen Verwertungsstr\u00e4nge erreicht. Daher ist das Gesamtziel von Presswert, die entwickelten Verfahren so aufeinander abzustimmen, dass alle gewonnenen Fraktionen m\u00f6glichst stofflich genutzt werden k\u00f6nnen. Diese zus\u00e4tzliche Wertsch\u00f6pfung der Pressr\u00fcckst\u00e4nde durch Hydrogele und Papierfasern wird auch die Wirtschaftlichkeit der Proteingewinnung aus gr\u00fcner Biomasse als innovatives Lebensmittel f\u00fcr eine zuk\u00fcnftige Ern\u00e4hrung steigern. \u00a0<\/p><p><strong>Projektleitung:<\/strong><\/p><p>Prof. Dr. Ulf Pr\u00fc\u00dfe (Th\u00fcnen-Institut f\u00fcr Agrartechnologie)<\/p><p><a href=\"mailto:ulf.pruesse@thuenen.de\">ulf.pruesse@thuenen.de<\/a><\/p>\t\t\t\t\t\t\t\t<\/div>\n\t\t\t\t<\/div>\n\t\t\t\t<div class=\"elementor-element elementor-element-d4545ab elementor-widget__width-initial elementor-widget elementor-widget-heading\" data-id=\"d4545ab\" data-element_type=\"widget\" data-e-type=\"widget\" data-widget_type=\"heading.default\">\n\t\t\t\t<div class=\"elementor-widget-container\">\n\t\t\t\t\t<h2 class=\"elementor-heading-title elementor-size-default\">Planned work packages <\/h2>\t\t\t\t<\/div>\n\t\t\t\t<\/div>\n\t\t\t\t\t<\/div>\n\t\t\t\t<\/div>\n\t\t<div class=\"elementor-element elementor-element-a615f2d e-grid e-con-boxed e-con e-parent\" data-id=\"a615f2d\" data-element_type=\"container\" data-e-type=\"container\">\n\t\t\t\t\t<div class=\"e-con-inner\">\n\t\t\t\t<div class=\"elementor-element elementor-element-5730c94 elementor-widget elementor-widget-text-editor\" data-id=\"5730c94\" data-element_type=\"widget\" data-e-type=\"widget\" data-widget_type=\"text-editor.default\">\n\t\t\t\t<div class=\"elementor-widget-container\">\n\t\t\t\t\t\t\t\t\t<p>\u2022\u00a0 Rohstoffbeschaffung und Charakterisierung <br \/>\u2022\u00a0 Hei\u00dfwasserextraktion von Pressr\u00fcckst\u00e4nden<br \/>\u2022\u00a0 Alkalische Aufschl\u00fcsse von Pressr\u00fcckst\u00e4nden<br \/>\u2022\u00a0 Mechanische Faseraufbereitung<br \/>\u2022\u00a0 Fraktionierung und Analyse der Extrakte und Ablaugen<br \/>\u2022\u00a0 Hydrogelsynthese und Charakterisierung<br \/>\u2022\u00a0 Upscaling der Fraktionierung und Gelherstellung, Beurteilung der Praxistauglichkeit<br \/>\u2022\u00a0 Zellstoffcharakterisierung und Papierherstellung<br \/>\u2022\u00a0 Projektmanagement<\/p>\t\t\t\t\t\t\t\t<\/div>\n\t\t\t\t<\/div>\n\t\t\t\t\t<\/div>\n\t\t\t\t<\/div>\n\t\t\t\t<\/div>","protected":false},"excerpt":{"rendered":"<p>Wertsch\u00f6pfende stoffliche Nutzung von Pressr\u00fcckst\u00e4nden der Eiwei\u00dfgewinnung aus gr\u00fcner Biomasse (Presswert) Dauergr\u00fcnland ist wichtig f\u00fcr den Boden- und Gew\u00e4sserschutz und leistet als Kohlenstoffspeicher einen wichtigen Beitrag zum Klimaschutz. Im Bereich der Gr\u00fcnlandnutzung untersucht ein Projekt am Deutschen Institut f\u00fcr Lebensmitteltechnik (DIL) grundlegende, wissenschaftliche Fragen f\u00fcr ein Verfahren zur Gewinnung technofunktionaler Proteine aus Gr\u00fcnlandpflanzen. Neben dem [&hellip;]<\/p>\n","protected":false},"author":6,"featured_media":0,"parent":0,"menu_order":0,"comment_status":"closed","ping_status":"closed","template":"","meta":{"footnotes":""},"class_list":["post-2436","page","type-page","status-publish","hentry"],"yoast_head":"<!-- This site is optimized with the Yoast SEO plugin v27.4 - https:\/\/yoast.com\/product\/yoast-seo-wordpress\/ -->\n<title>Wertsch\u00f6pfende stoffliche Nutzung von Pressr\u00fcckst\u00e4nden der Eiwei\u00dfgewinnung aus gr\u00fcner Biomasse (Presswert) - ZERN<\/title>\n<meta name=\"description\" content=\"Agrar Ern\u00e4hrung Landwirtschaft\" \/>\n<meta name=\"robots\" content=\"index, follow, max-snippet:-1, max-image-preview:large, max-video-preview:-1\" \/>\n<link rel=\"canonical\" href=\"https:\/\/zern-verbund.de\/en\/elementor-2436\/\" \/>\n<meta property=\"og:locale\" content=\"en_GB\" \/>\n<meta property=\"og:type\" content=\"article\" \/>\n<meta property=\"og:title\" content=\"Wertsch\u00f6pfende stoffliche Nutzung von Pressr\u00fcckst\u00e4nden der Eiwei\u00dfgewinnung aus gr\u00fcner Biomasse (Presswert) - ZERN\" \/>\n<meta property=\"og:description\" content=\"Agrar Ern\u00e4hrung Landwirtschaft\" \/>\n<meta property=\"og:url\" content=\"https:\/\/zern-verbund.de\/en\/elementor-2436\/\" \/>\n<meta property=\"og:site_name\" content=\"ZERN\" \/>\n<meta property=\"article:modified_time\" content=\"2025-02-19T17:10:17+00:00\" \/>\n<meta name=\"twitter:card\" content=\"summary_large_image\" \/>\n<meta name=\"twitter:site\" content=\"@ZernZukunf34174\" \/>\n<meta name=\"twitter:label1\" content=\"Estimated reading time\" \/>\n\t<meta name=\"twitter:data1\" content=\"3 minutes\" \/>\n<script type=\"application\/ld+json\" class=\"yoast-schema-graph\">{\"@context\":\"https:\\\/\\\/schema.org\",\"@graph\":[{\"@type\":\"WebPage\",\"@id\":\"https:\\\/\\\/zern-verbund.de\\\/elementor-2436\\\/\",\"url\":\"https:\\\/\\\/zern-verbund.de\\\/elementor-2436\\\/\",\"name\":\"Wertsch\u00f6pfende stoffliche Nutzung von Pressr\u00fcckst\u00e4nden der Eiwei\u00dfgewinnung aus gr\u00fcner Biomasse (Presswert) - ZERN\",\"isPartOf\":{\"@id\":\"https:\\\/\\\/zern-verbund.de\\\/#website\"},\"datePublished\":\"2025-02-19T16:29:07+00:00\",\"dateModified\":\"2025-02-19T17:10:17+00:00\",\"description\":\"Agrar Ern\u00e4hrung Landwirtschaft\",\"breadcrumb\":{\"@id\":\"https:\\\/\\\/zern-verbund.de\\\/elementor-2436\\\/#breadcrumb\"},\"inLanguage\":\"en-GB\",\"potentialAction\":[{\"@type\":\"ReadAction\",\"target\":[\"https:\\\/\\\/zern-verbund.de\\\/elementor-2436\\\/\"]}]},{\"@type\":\"BreadcrumbList\",\"@id\":\"https:\\\/\\\/zern-verbund.de\\\/elementor-2436\\\/#breadcrumb\",\"itemListElement\":[{\"@type\":\"ListItem\",\"position\":1,\"name\":\"Home\",\"item\":\"https:\\\/\\\/zern-verbund.de\\\/\"},{\"@type\":\"ListItem\",\"position\":2,\"name\":\"Wertsch\u00f6pfende stoffliche Nutzung von Pressr\u00fcckst\u00e4nden der Eiwei\u00dfgewinnung aus gr\u00fcner Biomasse (Presswert)\"}]},{\"@type\":\"WebSite\",\"@id\":\"https:\\\/\\\/zern-verbund.de\\\/#website\",\"url\":\"https:\\\/\\\/zern-verbund.de\\\/\",\"name\":\"ZERN\",\"description\":\"ZERN Verbund\",\"publisher\":{\"@id\":\"https:\\\/\\\/zern-verbund.de\\\/#organization\"},\"alternateName\":\"Zukunft Ern\u00e4hrung Niedersachsen\",\"potentialAction\":[{\"@type\":\"SearchAction\",\"target\":{\"@type\":\"EntryPoint\",\"urlTemplate\":\"https:\\\/\\\/zern-verbund.de\\\/?s={search_term_string}\"},\"query-input\":{\"@type\":\"PropertyValueSpecification\",\"valueRequired\":true,\"valueName\":\"search_term_string\"}}],\"inLanguage\":\"en-GB\"},{\"@type\":\"Organization\",\"@id\":\"https:\\\/\\\/zern-verbund.de\\\/#organization\",\"name\":\"ZERN\",\"alternateName\":\"Zukunft Ern\u00e4hrung Niedersachsen\",\"url\":\"https:\\\/\\\/zern-verbund.de\\\/\",\"logo\":{\"@type\":\"ImageObject\",\"inLanguage\":\"en-GB\",\"@id\":\"https:\\\/\\\/zern-verbund.de\\\/#\\\/schema\\\/logo\\\/image\\\/\",\"url\":\"https:\\\/\\\/zern-verbund.de\\\/wp-content\\\/uploads\\\/2024\\\/04\\\/zern_logo.png\",\"contentUrl\":\"https:\\\/\\\/zern-verbund.de\\\/wp-content\\\/uploads\\\/2024\\\/04\\\/zern_logo.png\",\"width\":167,\"height\":155,\"caption\":\"ZERN\"},\"image\":{\"@id\":\"https:\\\/\\\/zern-verbund.de\\\/#\\\/schema\\\/logo\\\/image\\\/\"},\"sameAs\":[\"https:\\\/\\\/x.com\\\/ZernZukunf34174\",\"https:\\\/\\\/www.linkedin.com\\\/in\\\/zern-zukunft-ernhrung-niedersachsen-5089292b8\\\/\",\"https:\\\/\\\/www.instagram.com\\\/zern.verbund\\\/\"]}]}<\/script>\n<!-- \/ Yoast SEO plugin. -->","yoast_head_json":{"title":"Wertsch\u00f6pfende stoffliche Nutzung von Pressr\u00fcckst\u00e4nden der Eiwei\u00dfgewinnung aus gr\u00fcner Biomasse (Presswert) - ZERN","description":"Agrar Ern\u00e4hrung Landwirtschaft","robots":{"index":"index","follow":"follow","max-snippet":"max-snippet:-1","max-image-preview":"max-image-preview:large","max-video-preview":"max-video-preview:-1"},"canonical":"https:\/\/zern-verbund.de\/en\/elementor-2436\/","og_locale":"en_GB","og_type":"article","og_title":"Wertsch\u00f6pfende stoffliche Nutzung von Pressr\u00fcckst\u00e4nden der Eiwei\u00dfgewinnung aus gr\u00fcner Biomasse (Presswert) - ZERN","og_description":"Agrar Ern\u00e4hrung Landwirtschaft","og_url":"https:\/\/zern-verbund.de\/en\/elementor-2436\/","og_site_name":"ZERN","article_modified_time":"2025-02-19T17:10:17+00:00","twitter_card":"summary_large_image","twitter_site":"@ZernZukunf34174","twitter_misc":{"Estimated reading time":"3 minutes"},"schema":{"@context":"https:\/\/schema.org","@graph":[{"@type":"WebPage","@id":"https:\/\/zern-verbund.de\/elementor-2436\/","url":"https:\/\/zern-verbund.de\/elementor-2436\/","name":"Wertsch\u00f6pfende stoffliche Nutzung von Pressr\u00fcckst\u00e4nden der Eiwei\u00dfgewinnung aus gr\u00fcner Biomasse (Presswert) - ZERN","isPartOf":{"@id":"https:\/\/zern-verbund.de\/#website"},"datePublished":"2025-02-19T16:29:07+00:00","dateModified":"2025-02-19T17:10:17+00:00","description":"Agrar Ern\u00e4hrung Landwirtschaft","breadcrumb":{"@id":"https:\/\/zern-verbund.de\/elementor-2436\/#breadcrumb"},"inLanguage":"en-GB","potentialAction":[{"@type":"ReadAction","target":["https:\/\/zern-verbund.de\/elementor-2436\/"]}]},{"@type":"BreadcrumbList","@id":"https:\/\/zern-verbund.de\/elementor-2436\/#breadcrumb","itemListElement":[{"@type":"ListItem","position":1,"name":"Home","item":"https:\/\/zern-verbund.de\/"},{"@type":"ListItem","position":2,"name":"Wertsch\u00f6pfende stoffliche Nutzung von Pressr\u00fcckst\u00e4nden der Eiwei\u00dfgewinnung aus gr\u00fcner Biomasse (Presswert)"}]},{"@type":"WebSite","@id":"https:\/\/zern-verbund.de\/#website","url":"https:\/\/zern-verbund.de\/","name":"ZERN","description":"ZERN Verbund","publisher":{"@id":"https:\/\/zern-verbund.de\/#organization"},"alternateName":"Zukunft Ern\u00e4hrung Niedersachsen","potentialAction":[{"@type":"SearchAction","target":{"@type":"EntryPoint","urlTemplate":"https:\/\/zern-verbund.de\/?s={search_term_string}"},"query-input":{"@type":"PropertyValueSpecification","valueRequired":true,"valueName":"search_term_string"}}],"inLanguage":"en-GB"},{"@type":"Organization","@id":"https:\/\/zern-verbund.de\/#organization","name":"ZERN","alternateName":"Zukunft Ern\u00e4hrung Niedersachsen","url":"https:\/\/zern-verbund.de\/","logo":{"@type":"ImageObject","inLanguage":"en-GB","@id":"https:\/\/zern-verbund.de\/#\/schema\/logo\/image\/","url":"https:\/\/zern-verbund.de\/wp-content\/uploads\/2024\/04\/zern_logo.png","contentUrl":"https:\/\/zern-verbund.de\/wp-content\/uploads\/2024\/04\/zern_logo.png","width":167,"height":155,"caption":"ZERN"},"image":{"@id":"https:\/\/zern-verbund.de\/#\/schema\/logo\/image\/"},"sameAs":["https:\/\/x.com\/ZernZukunf34174","https:\/\/www.linkedin.com\/in\/zern-zukunft-ernhrung-niedersachsen-5089292b8\/","https:\/\/www.instagram.com\/zern.verbund\/"]}]}},"_links":{"self":[{"href":"https:\/\/zern-verbund.de\/en\/wp-json\/wp\/v2\/pages\/2436","targetHints":{"allow":["GET"]}}],"collection":[{"href":"https:\/\/zern-verbund.de\/en\/wp-json\/wp\/v2\/pages"}],"about":[{"href":"https:\/\/zern-verbund.de\/en\/wp-json\/wp\/v2\/types\/page"}],"author":[{"embeddable":true,"href":"https:\/\/zern-verbund.de\/en\/wp-json\/wp\/v2\/users\/6"}],"replies":[{"embeddable":true,"href":"https:\/\/zern-verbund.de\/en\/wp-json\/wp\/v2\/comments?post=2436"}],"version-history":[{"count":14,"href":"https:\/\/zern-verbund.de\/en\/wp-json\/wp\/v2\/pages\/2436\/revisions"}],"predecessor-version":[{"id":2482,"href":"https:\/\/zern-verbund.de\/en\/wp-json\/wp\/v2\/pages\/2436\/revisions\/2482"}],"wp:attachment":[{"href":"https:\/\/zern-verbund.de\/en\/wp-json\/wp\/v2\/media?parent=2436"}],"curies":[{"name":"wp","href":"https:\/\/api.w.org\/{rel}","templated":true}]}}