{"id":2488,"date":"2025-02-19T18:20:09","date_gmt":"2025-02-19T17:20:09","guid":{"rendered":"https:\/\/zern-verbund.de\/?page_id=2488"},"modified":"2025-02-19T18:36:44","modified_gmt":"2025-02-19T17:36:44","slug":"informationsbereitstellungsstrategien-fuer-nachhaltige-und-klimafreundliche-produktionsmethoden-eine-analyse-des-milchsektors-in-niedersachsen","status":"publish","type":"page","link":"https:\/\/zern-verbund.de\/en\/informationsbereitstellungsstrategien-fuer-nachhaltige-und-klimafreundliche-produktionsmethoden-eine-analyse-des-milchsektors-in-niedersachsen\/","title":{"rendered":"Information provision strategies for sustainable and climate-friendly production methods: an analysis of lower saxony\u2019s dairy sector"},"content":{"rendered":"\t\t<div data-elementor-type=\"wp-page\" data-elementor-id=\"2488\" class=\"elementor elementor-2488\" data-elementor-post-type=\"page\">\n\t\t\t\t<div class=\"elementor-element elementor-element-9946488 e-con-full e-flex e-con e-parent\" data-id=\"9946488\" data-element_type=\"container\" data-e-type=\"container\">\n\t\t<div class=\"elementor-element elementor-element-2ab31d7 e-con-full e-flex e-con e-child\" data-id=\"2ab31d7\" data-element_type=\"container\" data-e-type=\"container\" data-settings=\"{&quot;background_background&quot;:&quot;classic&quot;}\">\n\t\t\t\t<div class=\"elementor-element elementor-element-4de22e3 elementor-widget__width-initial elementor-widget-tablet__width-inherit elementor-widget elementor-widget-heading\" data-id=\"4de22e3\" data-element_type=\"widget\" data-e-type=\"widget\" data-widget_type=\"heading.default\">\n\t\t\t\t<div class=\"elementor-widget-container\">\n\t\t\t\t\t<h1 class=\"elementor-heading-title elementor-size-default\"><a href=\"https:\/\/zern-verbund.de\/themenbereiche-2\/themenbereich-gruenland\/IP1\">Informationsbereitstellungsstrategien f\u00fcr nachhaltige und klimafreundliche Produktionsmethoden: Eine Analyse des Milchsektors in Niedersachsen\n<\/a><\/h1>\t\t\t\t<\/div>\n\t\t\t\t<\/div>\n\t\t\t\t<\/div>\n\t\t<div class=\"elementor-element elementor-element-ec2f65d e-con-full e-flex e-con e-child\" data-id=\"ec2f65d\" data-element_type=\"container\" data-e-type=\"container\" data-settings=\"{&quot;background_background&quot;:&quot;classic&quot;}\">\n\t\t\t\t<\/div>\n\t\t\t\t<\/div>\n\t\t<div class=\"elementor-element elementor-element-268d91f e-flex e-con-boxed e-con e-parent\" data-id=\"268d91f\" data-element_type=\"container\" data-e-type=\"container\">\n\t\t\t\t\t<div class=\"e-con-inner\">\n\t\t\t\t<div class=\"elementor-element elementor-element-b488398 elementor-widget elementor-widget-text-editor\" data-id=\"b488398\" data-element_type=\"widget\" data-e-type=\"widget\" data-widget_type=\"text-editor.default\">\n\t\t\t\t<div class=\"elementor-widget-container\">\n\t\t\t\t\t\t\t\t\t<p>Angesichts der sich versch\u00e4rfenden Klimakrise spielt der <strong>Milchsektor eine entscheidende Rolle bei der Reduzierung von Treibhausgasemissionen<\/strong>. Die Minderung von Treibhausgasen ist jedoch komplex in diesem Bereich. Der Viehsektor ist ein wesentlicher Verursacher von Treibhausgasemissionen und tr\u00e4gt erheblich zum Einfluss der Landwirtschaft auf das Klima bei. In Deutschland ist die Landwirtschaft f\u00fcr 8% der nationalen Treibhausgasemissionen verantwortlich, wobei 42% auf die Nutztierhaltung entfallen (BMEL, 2024). Zudem verursacht der Agrarsektor 75% der nationalen Methanemissionen, die haupts\u00e4chlich durch Verdauungsprozesse von Rindern entstehen. Niedersachsen, eine Region mit intensiver Viehhaltung, produziert 22,4 % der deutschen Milch (BZL, 2024), was die zentrale Rolle des Milchsektors im Emissionsprofil des Landes hervorhebt.<br \/>Dieses Projekt konzentriert sich auf <strong>Strategien zur Minderung von Treibhausgasen im nieders\u00e4chsischen Milchsektor<\/strong> und zielt darauf ab, <strong>Landwirte mit Informationen und L\u00f6sungen auszustatten, um klimafreundliche Praktiken in der Region zu unterst\u00fctzen<\/strong>.<br \/>Geeignete Klimaschutzma\u00dfnahmen, die Landwirte sowohl bereit als auch in der Lage sind umzusetzen, werden analysiert und dann mit geeigneten Informationsstrategien an Landwirt*innen \u00fcbermittelt. Das Ziel des Projektes ist es Forschungsergebnisse mit konkreten, landwirtschaftsnahen Praktiken zu verkn\u00fcpfen, die gleichzeitig wirtschaftliche, \u00f6kologische und soziale Vorteile bringen. Durch eine systematische Bewertung, Mitgestaltung und Kommunikation von Klimaschutzma\u00dfnahmen wollen wir Milchviehhalter*innen mit dem Wissen und den Werkzeugen ausstatten, die sie ben\u00f6tigen, um zu den Klimazielen beizutragen und gleichzeitig die Nachhaltigkeit ihrer Betriebe zu verbessern.<br \/>Das Projekt wird alle wichtigen Klimaschutzma\u00dfnahmen auf einzelbetrieblicher Ebene umfassen. In \u00dcbereinstimmung mit den Themenschwerpunkten und laufenden Projekten von ZERN wird jedoch ein besonderer Fokus auf <strong>Minderungsoptionen im Zusammenhang mit Gr\u00fcnland<\/strong> gelegt. Die nachhaltige Bewirtschaftung von Gr\u00fcnland zur Minderung des Klimawandels ist f\u00fcr die Zukunft des nieders\u00e4chsischen Agrar- und Ern\u00e4hrungssektors von zentraler Bedeutung und stellt direkte Verbindungen zu den Gr\u00fcnlandprojekten von ZERN her. Dar\u00fcber hinaus sind betriebliche Managementma\u00dfnahmen wie die Anpassung von F\u00fctterungsstrategien, Zuchtentscheidungen und Tiergesundheitsma\u00dfnahmen wichtige Stellschrauben zur Emissionsreduktion, wodurch dieses Projekt eine enge Verbindung zu den Tierprojekten von ZERN aufweist.<br \/>Dieses Projekt ist eine Kooperation zwischen dem Department f\u00fcr Agrar\u00f6konomie und l\u00e4ndliche Entwicklung der Universit\u00e4t G\u00f6ttingen und dem Institut f\u00fcr Betriebswirtschaft am Th\u00fcnen-Institut.<\/p><p><strong>Projektleitung:<\/strong><\/p><p>Doris L\u00e4pple, Georg-August Universit\u00e4t G\u00f6ttingen<\/p><p><a href=\"mailto:doris.laepple@uni-goettingen.de\">doris.laepple@uni-goettingen.de<\/a><\/p>\t\t\t\t\t\t\t\t<\/div>\n\t\t\t\t<\/div>\n\t\t\t\t<div class=\"elementor-element elementor-element-895e7d0 elementor-widget__width-initial elementor-widget elementor-widget-heading\" data-id=\"895e7d0\" data-element_type=\"widget\" data-e-type=\"widget\" data-widget_type=\"heading.default\">\n\t\t\t\t<div class=\"elementor-widget-container\">\n\t\t\t\t\t<h2 class=\"elementor-heading-title elementor-size-default\">Geplante Arbeitspakete ... folgen<\/h2>\t\t\t\t<\/div>\n\t\t\t\t<\/div>\n\t\t\t\t\t<\/div>\n\t\t\t\t<\/div>\n\t\t<div class=\"elementor-element elementor-element-def5e8f e-flex e-con-boxed e-con e-parent\" data-id=\"def5e8f\" data-element_type=\"container\" data-e-type=\"container\">\n\t\t\t\t\t<div class=\"e-con-inner\">\n\t\t\t\t<div class=\"elementor-element elementor-element-a46bd28 elementor-widget__width-initial elementor-widget elementor-widget-heading\" data-id=\"a46bd28\" data-element_type=\"widget\" data-e-type=\"widget\" data-widget_type=\"heading.default\">\n\t\t\t\t<div class=\"elementor-widget-container\">\n\t\t\t\t\t<h2 class=\"elementor-heading-title elementor-size-default\">Quellenangaben<\/h2>\t\t\t\t<\/div>\n\t\t\t\t<\/div>\n\t\t\t\t<div class=\"elementor-element elementor-element-f46ab68 elementor-widget elementor-widget-text-editor\" data-id=\"f46ab68\" data-element_type=\"widget\" data-e-type=\"widget\" data-widget_type=\"text-editor.default\">\n\t\t\t\t<div class=\"elementor-widget-container\">\n\t\t\t\t\t\t\t\t\t<p><strong>BMEL (2024). Land- und Forstwirtschaft st\u00e4rken \u2013 Klima sch\u00fctzen:<\/strong> Ma\u00dfnahmen der Land- und Forstwirtschaft f\u00fcr den Klimaschutz, Bundesministerium f\u00fcr Ern\u00e4hrung und Landwirtschaft, verf\u00fcgbar unter: <a href=\"https:\/\/www.bmel.de\/SharedDocs\/Downloads\/DE\/Broschueren\/klimaschuetzer-land-und-forstwirtschaft.html\">https:\/\/www.bmel.de\/SharedDocs\/Downloads\/DE\/Broschueren\/klimaschuetzer-land-und-forstwirtschaft.html<\/a> [last accessed 11\/2024]<\/p><p>.<\/p><p><strong>BZL (2024): Milcherzeugung und -verwendung 2023<\/strong>. Milcherzeugung und -verwendung nach Kreisen in Deutschland im Jahr 2023. Bundesinformationszentrum Landwirtschaft, verf\u00fcgbar unter: <a href=\"https:\/\/www.ble.de\/DE\/BZL\/Daten-Berichte\/Milch-Milcherzeugnisse\/_functions\/TabelleMilcherzeugungVerwendung2023.html;jsessionid=8E07B26801955CE282F83DBB56DB4589.internet952?nn=8906974\">https:\/\/www.ble.de\/DE\/BZL\/Daten-Berichte\/Milch-Milcherzeugnisse\/_functions\/TabelleMilcherzeugungVerwendung2023.html;jsessionid=8E07B26801955CE282F83DBB56DB4589.internet952?nn=8906974<\/a> [last accessed: 10\/2024]<\/p>\t\t\t\t\t\t\t\t<\/div>\n\t\t\t\t<\/div>\n\t\t\t\t\t<\/div>\n\t\t\t\t<\/div>\n\t\t\t\t<\/div>\n\t\t","protected":false},"excerpt":{"rendered":"<p>Informationsbereitstellungsstrategien f\u00fcr nachhaltige und klimafreundliche Produktionsmethoden: Eine Analyse des Milchsektors in Niedersachsen Angesichts der sich versch\u00e4rfenden Klimakrise spielt der Milchsektor eine entscheidende Rolle bei der Reduzierung von Treibhausgasemissionen. Die Minderung von Treibhausgasen ist jedoch komplex in diesem Bereich. Der Viehsektor ist ein wesentlicher Verursacher von Treibhausgasemissionen und tr\u00e4gt erheblich zum Einfluss der Landwirtschaft auf das [&hellip;]<\/p>\n","protected":false},"author":6,"featured_media":0,"parent":0,"menu_order":0,"comment_status":"closed","ping_status":"closed","template":"","meta":{"footnotes":""},"class_list":["post-2488","page","type-page","status-publish","hentry"],"yoast_head":"<!-- This site is optimized with the Yoast SEO plugin v27.5 - https:\/\/yoast.com\/product\/yoast-seo-wordpress\/ -->\n<title>Informationsbereitstellungsstrategien f\u00fcr nachhaltige und klimafreundliche Produktionsmethoden: Eine Analyse des Milchsektors in Niedersachsen - ZERN<\/title>\n<meta name=\"description\" content=\"Agrar Ern\u00e4hrung Landwirtschaft\" \/>\n<meta name=\"robots\" content=\"index, follow, max-snippet:-1, max-image-preview:large, max-video-preview:-1\" \/>\n<link rel=\"canonical\" href=\"https:\/\/zern-verbund.de\/en\/informationsbereitstellungsstrategien-fuer-nachhaltige-und-klimafreundliche-produktionsmethoden-eine-analyse-des-milchsektors-in-niedersachsen\/\" \/>\n<meta property=\"og:locale\" content=\"en_GB\" \/>\n<meta property=\"og:type\" content=\"article\" \/>\n<meta property=\"og:title\" content=\"Informationsbereitstellungsstrategien f\u00fcr nachhaltige und klimafreundliche Produktionsmethoden: Eine Analyse des Milchsektors in Niedersachsen - ZERN\" \/>\n<meta property=\"og:description\" content=\"Agrar Ern\u00e4hrung Landwirtschaft\" \/>\n<meta property=\"og:url\" content=\"https:\/\/zern-verbund.de\/en\/informationsbereitstellungsstrategien-fuer-nachhaltige-und-klimafreundliche-produktionsmethoden-eine-analyse-des-milchsektors-in-niedersachsen\/\" \/>\n<meta property=\"og:site_name\" content=\"ZERN\" \/>\n<meta property=\"article:modified_time\" content=\"2025-02-19T17:36:44+00:00\" \/>\n<meta name=\"twitter:card\" content=\"summary_large_image\" \/>\n<meta name=\"twitter:site\" content=\"@ZernZukunf34174\" \/>\n<meta name=\"twitter:label1\" content=\"Estimated reading time\" \/>\n\t<meta name=\"twitter:data1\" content=\"3 minutes\" \/>\n<script type=\"application\/ld+json\" class=\"yoast-schema-graph\">{\"@context\":\"https:\\\/\\\/schema.org\",\"@graph\":[{\"@type\":\"WebPage\",\"@id\":\"https:\\\/\\\/zern-verbund.de\\\/informationsbereitstellungsstrategien-fuer-nachhaltige-und-klimafreundliche-produktionsmethoden-eine-analyse-des-milchsektors-in-niedersachsen\\\/\",\"url\":\"https:\\\/\\\/zern-verbund.de\\\/informationsbereitstellungsstrategien-fuer-nachhaltige-und-klimafreundliche-produktionsmethoden-eine-analyse-des-milchsektors-in-niedersachsen\\\/\",\"name\":\"Informationsbereitstellungsstrategien f\u00fcr nachhaltige und klimafreundliche Produktionsmethoden: Eine Analyse des Milchsektors in Niedersachsen - ZERN\",\"isPartOf\":{\"@id\":\"https:\\\/\\\/zern-verbund.de\\\/#website\"},\"datePublished\":\"2025-02-19T17:20:09+00:00\",\"dateModified\":\"2025-02-19T17:36:44+00:00\",\"description\":\"Agrar Ern\u00e4hrung Landwirtschaft\",\"breadcrumb\":{\"@id\":\"https:\\\/\\\/zern-verbund.de\\\/informationsbereitstellungsstrategien-fuer-nachhaltige-und-klimafreundliche-produktionsmethoden-eine-analyse-des-milchsektors-in-niedersachsen\\\/#breadcrumb\"},\"inLanguage\":\"en-GB\",\"potentialAction\":[{\"@type\":\"ReadAction\",\"target\":[\"https:\\\/\\\/zern-verbund.de\\\/informationsbereitstellungsstrategien-fuer-nachhaltige-und-klimafreundliche-produktionsmethoden-eine-analyse-des-milchsektors-in-niedersachsen\\\/\"]}]},{\"@type\":\"BreadcrumbList\",\"@id\":\"https:\\\/\\\/zern-verbund.de\\\/informationsbereitstellungsstrategien-fuer-nachhaltige-und-klimafreundliche-produktionsmethoden-eine-analyse-des-milchsektors-in-niedersachsen\\\/#breadcrumb\",\"itemListElement\":[{\"@type\":\"ListItem\",\"position\":1,\"name\":\"Home\",\"item\":\"https:\\\/\\\/zern-verbund.de\\\/\"},{\"@type\":\"ListItem\",\"position\":2,\"name\":\"Informationsbereitstellungsstrategien f\u00fcr nachhaltige und klimafreundliche Produktionsmethoden: Eine Analyse des Milchsektors in Niedersachsen\"}]},{\"@type\":\"WebSite\",\"@id\":\"https:\\\/\\\/zern-verbund.de\\\/#website\",\"url\":\"https:\\\/\\\/zern-verbund.de\\\/\",\"name\":\"ZERN\",\"description\":\"ZERN Verbund\",\"publisher\":{\"@id\":\"https:\\\/\\\/zern-verbund.de\\\/#organization\"},\"alternateName\":\"Zukunft Ern\u00e4hrung Niedersachsen\",\"potentialAction\":[{\"@type\":\"SearchAction\",\"target\":{\"@type\":\"EntryPoint\",\"urlTemplate\":\"https:\\\/\\\/zern-verbund.de\\\/?s={search_term_string}\"},\"query-input\":{\"@type\":\"PropertyValueSpecification\",\"valueRequired\":true,\"valueName\":\"search_term_string\"}}],\"inLanguage\":\"en-GB\"},{\"@type\":\"Organization\",\"@id\":\"https:\\\/\\\/zern-verbund.de\\\/#organization\",\"name\":\"ZERN\",\"alternateName\":\"Zukunft Ern\u00e4hrung Niedersachsen\",\"url\":\"https:\\\/\\\/zern-verbund.de\\\/\",\"logo\":{\"@type\":\"ImageObject\",\"inLanguage\":\"en-GB\",\"@id\":\"https:\\\/\\\/zern-verbund.de\\\/#\\\/schema\\\/logo\\\/image\\\/\",\"url\":\"https:\\\/\\\/zern-verbund.de\\\/wp-content\\\/uploads\\\/2024\\\/04\\\/zern_logo.png\",\"contentUrl\":\"https:\\\/\\\/zern-verbund.de\\\/wp-content\\\/uploads\\\/2024\\\/04\\\/zern_logo.png\",\"width\":167,\"height\":155,\"caption\":\"ZERN\"},\"image\":{\"@id\":\"https:\\\/\\\/zern-verbund.de\\\/#\\\/schema\\\/logo\\\/image\\\/\"},\"sameAs\":[\"https:\\\/\\\/x.com\\\/ZernZukunf34174\",\"https:\\\/\\\/www.linkedin.com\\\/in\\\/zern-zukunft-ernhrung-niedersachsen-5089292b8\\\/\",\"https:\\\/\\\/www.instagram.com\\\/zern.verbund\\\/\"]}]}<\/script>\n<!-- \/ Yoast SEO plugin. -->","yoast_head_json":{"title":"Informationsbereitstellungsstrategien f\u00fcr nachhaltige und klimafreundliche Produktionsmethoden: Eine Analyse des Milchsektors in Niedersachsen - ZERN","description":"Agrar Ern\u00e4hrung Landwirtschaft","robots":{"index":"index","follow":"follow","max-snippet":"max-snippet:-1","max-image-preview":"max-image-preview:large","max-video-preview":"max-video-preview:-1"},"canonical":"https:\/\/zern-verbund.de\/en\/informationsbereitstellungsstrategien-fuer-nachhaltige-und-klimafreundliche-produktionsmethoden-eine-analyse-des-milchsektors-in-niedersachsen\/","og_locale":"en_GB","og_type":"article","og_title":"Informationsbereitstellungsstrategien f\u00fcr nachhaltige und klimafreundliche Produktionsmethoden: Eine Analyse des Milchsektors in Niedersachsen - ZERN","og_description":"Agrar Ern\u00e4hrung Landwirtschaft","og_url":"https:\/\/zern-verbund.de\/en\/informationsbereitstellungsstrategien-fuer-nachhaltige-und-klimafreundliche-produktionsmethoden-eine-analyse-des-milchsektors-in-niedersachsen\/","og_site_name":"ZERN","article_modified_time":"2025-02-19T17:36:44+00:00","twitter_card":"summary_large_image","twitter_site":"@ZernZukunf34174","twitter_misc":{"Estimated reading time":"3 minutes"},"schema":{"@context":"https:\/\/schema.org","@graph":[{"@type":"WebPage","@id":"https:\/\/zern-verbund.de\/informationsbereitstellungsstrategien-fuer-nachhaltige-und-klimafreundliche-produktionsmethoden-eine-analyse-des-milchsektors-in-niedersachsen\/","url":"https:\/\/zern-verbund.de\/informationsbereitstellungsstrategien-fuer-nachhaltige-und-klimafreundliche-produktionsmethoden-eine-analyse-des-milchsektors-in-niedersachsen\/","name":"Informationsbereitstellungsstrategien f\u00fcr nachhaltige und klimafreundliche Produktionsmethoden: Eine Analyse des Milchsektors in Niedersachsen - ZERN","isPartOf":{"@id":"https:\/\/zern-verbund.de\/#website"},"datePublished":"2025-02-19T17:20:09+00:00","dateModified":"2025-02-19T17:36:44+00:00","description":"Agrar Ern\u00e4hrung Landwirtschaft","breadcrumb":{"@id":"https:\/\/zern-verbund.de\/informationsbereitstellungsstrategien-fuer-nachhaltige-und-klimafreundliche-produktionsmethoden-eine-analyse-des-milchsektors-in-niedersachsen\/#breadcrumb"},"inLanguage":"en-GB","potentialAction":[{"@type":"ReadAction","target":["https:\/\/zern-verbund.de\/informationsbereitstellungsstrategien-fuer-nachhaltige-und-klimafreundliche-produktionsmethoden-eine-analyse-des-milchsektors-in-niedersachsen\/"]}]},{"@type":"BreadcrumbList","@id":"https:\/\/zern-verbund.de\/informationsbereitstellungsstrategien-fuer-nachhaltige-und-klimafreundliche-produktionsmethoden-eine-analyse-des-milchsektors-in-niedersachsen\/#breadcrumb","itemListElement":[{"@type":"ListItem","position":1,"name":"Home","item":"https:\/\/zern-verbund.de\/"},{"@type":"ListItem","position":2,"name":"Informationsbereitstellungsstrategien f\u00fcr nachhaltige und klimafreundliche Produktionsmethoden: Eine Analyse des Milchsektors in Niedersachsen"}]},{"@type":"WebSite","@id":"https:\/\/zern-verbund.de\/#website","url":"https:\/\/zern-verbund.de\/","name":"ZERN","description":"ZERN Verbund","publisher":{"@id":"https:\/\/zern-verbund.de\/#organization"},"alternateName":"Zukunft Ern\u00e4hrung Niedersachsen","potentialAction":[{"@type":"SearchAction","target":{"@type":"EntryPoint","urlTemplate":"https:\/\/zern-verbund.de\/?s={search_term_string}"},"query-input":{"@type":"PropertyValueSpecification","valueRequired":true,"valueName":"search_term_string"}}],"inLanguage":"en-GB"},{"@type":"Organization","@id":"https:\/\/zern-verbund.de\/#organization","name":"ZERN","alternateName":"Zukunft Ern\u00e4hrung Niedersachsen","url":"https:\/\/zern-verbund.de\/","logo":{"@type":"ImageObject","inLanguage":"en-GB","@id":"https:\/\/zern-verbund.de\/#\/schema\/logo\/image\/","url":"https:\/\/zern-verbund.de\/wp-content\/uploads\/2024\/04\/zern_logo.png","contentUrl":"https:\/\/zern-verbund.de\/wp-content\/uploads\/2024\/04\/zern_logo.png","width":167,"height":155,"caption":"ZERN"},"image":{"@id":"https:\/\/zern-verbund.de\/#\/schema\/logo\/image\/"},"sameAs":["https:\/\/x.com\/ZernZukunf34174","https:\/\/www.linkedin.com\/in\/zern-zukunft-ernhrung-niedersachsen-5089292b8\/","https:\/\/www.instagram.com\/zern.verbund\/"]}]}},"_links":{"self":[{"href":"https:\/\/zern-verbund.de\/en\/wp-json\/wp\/v2\/pages\/2488","targetHints":{"allow":["GET"]}}],"collection":[{"href":"https:\/\/zern-verbund.de\/en\/wp-json\/wp\/v2\/pages"}],"about":[{"href":"https:\/\/zern-verbund.de\/en\/wp-json\/wp\/v2\/types\/page"}],"author":[{"embeddable":true,"href":"https:\/\/zern-verbund.de\/en\/wp-json\/wp\/v2\/users\/6"}],"replies":[{"embeddable":true,"href":"https:\/\/zern-verbund.de\/en\/wp-json\/wp\/v2\/comments?post=2488"}],"version-history":[{"count":10,"href":"https:\/\/zern-verbund.de\/en\/wp-json\/wp\/v2\/pages\/2488\/revisions"}],"predecessor-version":[{"id":2514,"href":"https:\/\/zern-verbund.de\/en\/wp-json\/wp\/v2\/pages\/2488\/revisions\/2514"}],"wp:attachment":[{"href":"https:\/\/zern-verbund.de\/en\/wp-json\/wp\/v2\/media?parent=2488"}],"curies":[{"name":"wp","href":"https:\/\/api.w.org\/{rel}","templated":true}]}}