{"id":3089,"date":"2026-01-26T12:10:44","date_gmt":"2026-01-26T11:10:44","guid":{"rendered":"https:\/\/zern-verbund.de\/?page_id=3089"},"modified":"2026-01-26T12:15:03","modified_gmt":"2026-01-26T11:15:03","slug":"crop-rotation-optimisation-to-water-and-nutrient-scarcity-field-and-landscape-scale-evaluations-of-arable-farming-adaptation-in-lower-saxony-crowns","status":"publish","type":"page","link":"https:\/\/zern-verbund.de\/en\/crop-rotation-optimisation-to-water-and-nutrient-scarcity-field-and-landscape-scale-evaluations-of-arable-farming-adaptation-in-lower-saxony-crowns\/","title":{"rendered":"Crop Rotation Optimisation to Water and Nutrient Scarcity \u2013 Field and landscape scale evaluations of  arable farming adaptation in Lower Saxony (CROWNS)"},"content":{"rendered":"<div data-elementor-type=\"wp-page\" data-elementor-id=\"3089\" class=\"elementor elementor-3089\" data-elementor-post-type=\"page\">\n\t\t\t\t<div class=\"elementor-element elementor-element-ae34540 e-con-full e-flex e-con e-parent\" data-id=\"ae34540\" data-element_type=\"container\" data-e-type=\"container\">\n\t\t<div class=\"elementor-element elementor-element-3b862bea e-con-full e-flex e-con e-child\" data-id=\"3b862bea\" data-element_type=\"container\" data-e-type=\"container\" data-settings=\"{&quot;background_background&quot;:&quot;classic&quot;}\">\n\t\t\t\t<div class=\"elementor-element elementor-element-29cfd29b elementor-widget__width-initial elementor-widget-tablet__width-inherit elementor-widget elementor-widget-heading\" data-id=\"29cfd29b\" data-element_type=\"widget\" data-e-type=\"widget\" data-widget_type=\"heading.default\">\n\t\t\t\t<div class=\"elementor-widget-container\">\n\t\t\t\t\t<h1 class=\"elementor-heading-title elementor-size-default\">Crop Rotation Optimisation to Water and Nutrient Scarcity \u2013 Field and landscape scale evaluations of \narable farming adaptation in Lower Saxony (CROWNS)<\/h1>\t\t\t\t<\/div>\n\t\t\t\t<\/div>\n\t\t\t\t<\/div>\n\t\t<div class=\"elementor-element elementor-element-9a4eed3 e-con-full e-flex e-con e-child\" data-id=\"9a4eed3\" data-element_type=\"container\" data-e-type=\"container\" data-settings=\"{&quot;background_background&quot;:&quot;classic&quot;}\">\n\t\t\t\t<div class=\"elementor-element elementor-element-e5729d2 elementor-widget elementor-widget-image\" data-id=\"e5729d2\" data-element_type=\"widget\" data-e-type=\"widget\" data-widget_type=\"image.default\">\n\t\t\t\t<div class=\"elementor-widget-container\">\n\t\t\t\t\t\t\t\t\t\t\t\t\t\t\t<img fetchpriority=\"high\" decoding=\"async\" width=\"800\" height=\"800\" src=\"https:\/\/zern-verbund.de\/wp-content\/uploads\/2026\/01\/Wurzel-Pflanze-Boden-1024x1024.png\" class=\"attachment-large size-large wp-image-3082\" alt=\"\" srcset=\"https:\/\/zern-verbund.de\/wp-content\/uploads\/2026\/01\/Wurzel-Pflanze-Boden-1024x1024.png 1024w, https:\/\/zern-verbund.de\/wp-content\/uploads\/2026\/01\/Wurzel-Pflanze-Boden-300x300.png 300w, https:\/\/zern-verbund.de\/wp-content\/uploads\/2026\/01\/Wurzel-Pflanze-Boden-150x150.png 150w, https:\/\/zern-verbund.de\/wp-content\/uploads\/2026\/01\/Wurzel-Pflanze-Boden-768x768.png 768w, https:\/\/zern-verbund.de\/wp-content\/uploads\/2026\/01\/Wurzel-Pflanze-Boden-1536x1536.png 1536w, https:\/\/zern-verbund.de\/wp-content\/uploads\/2026\/01\/Wurzel-Pflanze-Boden-12x12.png 12w, https:\/\/zern-verbund.de\/wp-content\/uploads\/2026\/01\/Wurzel-Pflanze-Boden.png 1563w\" sizes=\"(max-width: 800px) 100vw, 800px\" \/>\t\t\t\t\t\t\t\t\t\t\t\t\t\t\t<\/div>\n\t\t\t\t<\/div>\n\t\t\t\t<\/div>\n\t\t\t\t<\/div>\n\t\t<div class=\"elementor-element elementor-element-4c226b2 e-flex e-con-boxed e-con e-parent\" data-id=\"4c226b2\" data-element_type=\"container\" data-e-type=\"container\">\n\t\t\t\t\t<div class=\"e-con-inner\">\n\t\t\t\t<div class=\"elementor-element elementor-element-5e118b03 elementor-align-left elementor-widget__width-initial elementor-widget elementor-widget-breadcrumbs\" data-id=\"5e118b03\" data-element_type=\"widget\" data-e-type=\"widget\" data-widget_type=\"breadcrumbs.default\">\n\t\t\t\t<div class=\"elementor-widget-container\">\n\t\t\t\t\t<p id=\"breadcrumbs\"><span><span><a href=\"https:\/\/zern-verbund.de\/en\/\">Home<\/a><\/span><\/span><\/p>\t\t\t\t<\/div>\n\t\t\t\t<\/div>\n\t\t\t\t\t<\/div>\n\t\t\t\t<\/div>\n\t\t<div class=\"elementor-element elementor-element-7cb781b2 e-flex e-con-boxed e-con e-parent\" data-id=\"7cb781b2\" data-element_type=\"container\" data-e-type=\"container\">\n\t\t\t\t\t<div class=\"e-con-inner\">\n\t\t<div class=\"elementor-element elementor-element-2c813302 e-con-full e-flex e-con e-child\" data-id=\"2c813302\" data-element_type=\"container\" data-e-type=\"container\">\n\t\t\t\t<div class=\"elementor-element elementor-element-115bd245 elementor-widget elementor-widget-text-editor\" data-id=\"115bd245\" data-element_type=\"widget\" data-e-type=\"widget\" data-widget_type=\"text-editor.default\">\n\t\t\t\t<div class=\"elementor-widget-container\">\n\t\t\t\t\t\t\t\t\t<p>Der Ackerbau in Niedersachsen unterliegt <strong>vielf\u00e4ltigen Ver\u00e4nderungen<\/strong>, darunter Wasserknappheit aufgrund des Klimawandels, gestiegene Kosten f\u00fcr D\u00fcngemittel und gesellschaftliche Forderungen nach einer Verringerung der Umweltbelastung. Verschiedene Anpassungsma\u00dfnahmen k\u00f6nnten diesen Herausforderungen entgegenwirken. Beispielsweise k\u00f6nnen<\/p><p>(i) tiefwurzelnde H\u00fclsenfr\u00fcchte kosteng\u00fcnstig Stickstoff liefern und die Unterbodenstruktur verbessern,<\/p><p>(ii) eine reduzierte Bodenbearbeitung kann zur Anpassung an Wasserknappheit beitragen und<\/p><p>(iii) eine erh\u00f6hte R\u00fcckf\u00fchrung organischer R\u00fcckst\u00e4nde kann die N\u00e4hrstoffverf\u00fcgbarkeit und die Oberbodenstruktur verbessern.<\/p><p>Die <strong>Wirksamkeit solcher Ma\u00dfnahmen und ihrer Kombination h\u00e4ngt von den \u00f6rtlichen Standortbedingungen ab.<\/strong> Daher ist es notwendig, ihre Leistungsf\u00e4higkeit unter begrenzter N\u00e4hrstoff- und Wasserversorgung unter repr\u00e4sentativen, landwirtschaftlichen Bedingungen in Niedersachsen zu testen.<\/p><p>In diesem Teilprojekt sollen daher die <strong>Auswirkungen einer Mischung aus tiefwurzelnden Pflanzen und Leguminosen als Deckfr\u00fcchte in einem bestehenden Zuckerr\u00fcben-Fruchtfolgeversuch in der N\u00e4he von G\u00f6ttingen<\/strong> untersucht werden. Dar\u00fcber hinaus werden Trockenstressbedingungen simuliert, indem sogenannte \u201eRain-out Shelter\u201c aufgestellt werden. Ein interdisziplin\u00e4res Team aus Bodenphysikern, Bodenchemikern und Agrarwissenschaftlern wird gemeinsam an der Auswertung arbeiten.<\/p>\t\t\t\t\t\t\t\t<\/div>\n\t\t\t\t<\/div>\n\t\t\t\t<\/div>\n\t\t<div class=\"elementor-element elementor-element-7a547e10 e-con-full e-flex e-con e-child\" data-id=\"7a547e10\" data-element_type=\"container\" data-e-type=\"container\">\n\t\t\t\t<div class=\"elementor-element elementor-element-30905ac8 elementor-widget elementor-widget-text-editor\" data-id=\"30905ac8\" data-element_type=\"widget\" data-e-type=\"widget\" data-widget_type=\"text-editor.default\">\n\t\t\t\t<div class=\"elementor-widget-container\">\n\t\t\t\t\t\t\t\t\t<p>Erkenntnisse \u00fcber die <strong>Auswirkungen auf die Bodenstruktur, den Wasserhaushalt, die Dynamik von organischem Kohlenstoff und Stickstoff im Boden, das Wurzelwachstum von Zuckerr\u00fcben und die agronomische Fruchtfolgebilanz<\/strong> werden zum Projektende geliefert. Dar\u00fcber hinaus werden laufende ZERN-Studien erg\u00e4nzt. Dazu geh\u00f6rt ein langfristiger D\u00fcngungsversuch, der die Auswirkungen unterschiedlicher Ernter\u00fcckstandsbewirtschaftung auf die N\u00e4hrstoffdynamik untersucht und zur Entwicklung von Bewirtschaftungsanpassungsstrategien genutzt wird. Au\u00dferdem wird ein laufender Versuch zur reduzierten Bodenbearbeitung durch <strong>drohnenbasierte Infrarotbildgebung<\/strong> erg\u00e4nzt, um den <strong>Trockenstress bei Nutzpflanzen<\/strong> zu messen. <br \/>Dar\u00fcber hinaus werden Experten f\u00fcr Fernerkundung an der <strong>Analyse von hyperspektralen Daten aus Drohnen und Satelliten<\/strong> arbeiten, um die Boden\u00fcberwachung auf Feld- bis Regionalebene zu erm\u00f6glichen.<\/p><p>Nach der Entwicklung und Kalibrierung dieser neu verf\u00fcgbaren Methoden f\u00fcr die lokalen Bedingungen werden die Auswirkungen der getesteten Anpassungsma\u00dfnahmen auf Landschaftsebene in Niedersachsen bewertet.<\/p><p>Ansprechpartner*innen f\u00fcr dieses Teilprojekt sind: Prof. Dr. Stephan Peth (<a href=\"mailto:peth@ifbk.uni-hannover.de\">peth@ifbk.uni-hannover.de<\/a>), Prof. Dr. Sabine Chabrillat (<a href=\"mailto:chabrillat@ifbk.uni-hannover.de\">chabrillat@ifbk.uni-hannover.de<\/a>), Prof. Dr. Georg Guggenberger (<a href=\"mailto:guggenberger@ifbk.uni-hannover.de\">guggenberger@ifbk.uni-hannover.de<\/a>), PD Dr. Anna Jacobs (<a href=\"mailto:jacobs@ifz-goettingen.de\">jacobs@ifz-goettingen.de<\/a>) und Prof. Dr. Anne-Katrin Mahlein (<a href=\"mailto:mahlein@ifz-goettingen.de\">mahlein@ifz-goettingen.de<\/a>)\u00a0<\/p><p>\u2026weitere Informationen folgen\u2026<\/p>\t\t\t\t\t\t\t\t<\/div>\n\t\t\t\t<\/div>\n\t\t\t\t<\/div>\n\t\t\t\t\t<\/div>\n\t\t\t\t<\/div>\n\t\t\t\t<\/div>","protected":false},"excerpt":{"rendered":"<p>Crop Rotation Optimisation to Water and Nutrient Scarcity \u2013 Field and landscape scale evaluations of arable farming adaptation in Lower Saxony (CROWNS) Der Ackerbau in Niedersachsen unterliegt vielf\u00e4ltigen Ver\u00e4nderungen, darunter Wasserknappheit aufgrund des Klimawandels, gestiegene Kosten f\u00fcr D\u00fcngemittel und gesellschaftliche Forderungen nach einer Verringerung der Umweltbelastung. Verschiedene Anpassungsma\u00dfnahmen k\u00f6nnten diesen Herausforderungen entgegenwirken. Beispielsweise k\u00f6nnen (i) [&hellip;]<\/p>\n","protected":false},"author":6,"featured_media":0,"parent":0,"menu_order":0,"comment_status":"closed","ping_status":"closed","template":"elementor_header_footer","meta":{"footnotes":""},"class_list":["post-3089","page","type-page","status-publish","hentry"],"yoast_head":"<!-- This site is optimized with the Yoast SEO plugin v27.5 - https:\/\/yoast.com\/product\/yoast-seo-wordpress\/ -->\n<title>Crop Rotation Optimisation to Water and Nutrient Scarcity \u2013 Field and landscape scale evaluations of arable farming adaptation in Lower Saxony (CROWNS) - ZERN<\/title>\n<meta name=\"description\" content=\"Agrar Ern\u00e4hrung Landwirtschaft Boden Bodenwissenschaften Ackerbau Klimawandel Trockenstress\" \/>\n<meta name=\"robots\" content=\"index, follow, max-snippet:-1, max-image-preview:large, max-video-preview:-1\" \/>\n<link rel=\"canonical\" href=\"https:\/\/zern-verbund.de\/en\/crop-rotation-optimisation-to-water-and-nutrient-scarcity-field-and-landscape-scale-evaluations-of-arable-farming-adaptation-in-lower-saxony-crowns\/\" \/>\n<meta property=\"og:locale\" content=\"en_GB\" \/>\n<meta property=\"og:type\" content=\"article\" \/>\n<meta property=\"og:title\" content=\"Crop Rotation Optimisation to Water and Nutrient Scarcity \u2013 Field and landscape scale evaluations of arable farming adaptation in Lower Saxony (CROWNS) - ZERN\" \/>\n<meta property=\"og:description\" content=\"Agrar Ern\u00e4hrung Landwirtschaft Boden Bodenwissenschaften Ackerbau Klimawandel Trockenstress\" \/>\n<meta property=\"og:url\" content=\"https:\/\/zern-verbund.de\/en\/crop-rotation-optimisation-to-water-and-nutrient-scarcity-field-and-landscape-scale-evaluations-of-arable-farming-adaptation-in-lower-saxony-crowns\/\" \/>\n<meta property=\"og:site_name\" content=\"ZERN\" \/>\n<meta property=\"article:modified_time\" content=\"2026-01-26T11:15:03+00:00\" \/>\n<meta property=\"og:image\" content=\"https:\/\/zern-verbund.de\/wp-content\/uploads\/2026\/01\/Wurzel-Pflanze-Boden-1024x1024.png\" \/>\n<meta name=\"twitter:card\" content=\"summary_large_image\" \/>\n<meta name=\"twitter:site\" content=\"@ZernZukunf34174\" \/>\n<meta name=\"twitter:label1\" content=\"Estimated reading time\" \/>\n\t<meta name=\"twitter:data1\" content=\"3 minutes\" \/>\n<script type=\"application\/ld+json\" class=\"yoast-schema-graph\">{\"@context\":\"https:\\\/\\\/schema.org\",\"@graph\":[{\"@type\":\"WebPage\",\"@id\":\"https:\\\/\\\/zern-verbund.de\\\/crop-rotation-optimisation-to-water-and-nutrient-scarcity-field-and-landscape-scale-evaluations-of-arable-farming-adaptation-in-lower-saxony-crowns\\\/\",\"url\":\"https:\\\/\\\/zern-verbund.de\\\/crop-rotation-optimisation-to-water-and-nutrient-scarcity-field-and-landscape-scale-evaluations-of-arable-farming-adaptation-in-lower-saxony-crowns\\\/\",\"name\":\"Crop Rotation Optimisation to Water and Nutrient Scarcity \u2013 Field and landscape scale evaluations of arable farming adaptation in Lower Saxony (CROWNS) - ZERN\",\"isPartOf\":{\"@id\":\"https:\\\/\\\/zern-verbund.de\\\/#website\"},\"primaryImageOfPage\":{\"@id\":\"https:\\\/\\\/zern-verbund.de\\\/crop-rotation-optimisation-to-water-and-nutrient-scarcity-field-and-landscape-scale-evaluations-of-arable-farming-adaptation-in-lower-saxony-crowns\\\/#primaryimage\"},\"image\":{\"@id\":\"https:\\\/\\\/zern-verbund.de\\\/crop-rotation-optimisation-to-water-and-nutrient-scarcity-field-and-landscape-scale-evaluations-of-arable-farming-adaptation-in-lower-saxony-crowns\\\/#primaryimage\"},\"thumbnailUrl\":\"https:\\\/\\\/zern-verbund.de\\\/wp-content\\\/uploads\\\/2026\\\/01\\\/Wurzel-Pflanze-Boden-1024x1024.png\",\"datePublished\":\"2026-01-26T11:10:44+00:00\",\"dateModified\":\"2026-01-26T11:15:03+00:00\",\"description\":\"Agrar Ern\u00e4hrung Landwirtschaft Boden Bodenwissenschaften Ackerbau Klimawandel Trockenstress\",\"breadcrumb\":{\"@id\":\"https:\\\/\\\/zern-verbund.de\\\/crop-rotation-optimisation-to-water-and-nutrient-scarcity-field-and-landscape-scale-evaluations-of-arable-farming-adaptation-in-lower-saxony-crowns\\\/#breadcrumb\"},\"inLanguage\":\"en-GB\",\"potentialAction\":[{\"@type\":\"ReadAction\",\"target\":[\"https:\\\/\\\/zern-verbund.de\\\/crop-rotation-optimisation-to-water-and-nutrient-scarcity-field-and-landscape-scale-evaluations-of-arable-farming-adaptation-in-lower-saxony-crowns\\\/\"]}]},{\"@type\":\"ImageObject\",\"inLanguage\":\"en-GB\",\"@id\":\"https:\\\/\\\/zern-verbund.de\\\/crop-rotation-optimisation-to-water-and-nutrient-scarcity-field-and-landscape-scale-evaluations-of-arable-farming-adaptation-in-lower-saxony-crowns\\\/#primaryimage\",\"url\":\"https:\\\/\\\/zern-verbund.de\\\/wp-content\\\/uploads\\\/2026\\\/01\\\/Wurzel-Pflanze-Boden-1024x1024.png\",\"contentUrl\":\"https:\\\/\\\/zern-verbund.de\\\/wp-content\\\/uploads\\\/2026\\\/01\\\/Wurzel-Pflanze-Boden-1024x1024.png\"},{\"@type\":\"BreadcrumbList\",\"@id\":\"https:\\\/\\\/zern-verbund.de\\\/crop-rotation-optimisation-to-water-and-nutrient-scarcity-field-and-landscape-scale-evaluations-of-arable-farming-adaptation-in-lower-saxony-crowns\\\/#breadcrumb\",\"itemListElement\":[{\"@type\":\"ListItem\",\"position\":1,\"name\":\"Home\",\"item\":\"https:\\\/\\\/zern-verbund.de\\\/\"},{\"@type\":\"ListItem\",\"position\":2,\"name\":\"Crop Rotation Optimisation to Water and Nutrient Scarcity \u2013 Field and landscape scale evaluations of arable farming adaptation in Lower Saxony (CROWNS)\"}]},{\"@type\":\"WebSite\",\"@id\":\"https:\\\/\\\/zern-verbund.de\\\/#website\",\"url\":\"https:\\\/\\\/zern-verbund.de\\\/\",\"name\":\"ZERN\",\"description\":\"ZERN Verbund\",\"publisher\":{\"@id\":\"https:\\\/\\\/zern-verbund.de\\\/#organization\"},\"alternateName\":\"Zukunft Ern\u00e4hrung Niedersachsen\",\"potentialAction\":[{\"@type\":\"SearchAction\",\"target\":{\"@type\":\"EntryPoint\",\"urlTemplate\":\"https:\\\/\\\/zern-verbund.de\\\/?s={search_term_string}\"},\"query-input\":{\"@type\":\"PropertyValueSpecification\",\"valueRequired\":true,\"valueName\":\"search_term_string\"}}],\"inLanguage\":\"en-GB\"},{\"@type\":\"Organization\",\"@id\":\"https:\\\/\\\/zern-verbund.de\\\/#organization\",\"name\":\"ZERN\",\"alternateName\":\"Zukunft Ern\u00e4hrung Niedersachsen\",\"url\":\"https:\\\/\\\/zern-verbund.de\\\/\",\"logo\":{\"@type\":\"ImageObject\",\"inLanguage\":\"en-GB\",\"@id\":\"https:\\\/\\\/zern-verbund.de\\\/#\\\/schema\\\/logo\\\/image\\\/\",\"url\":\"https:\\\/\\\/zern-verbund.de\\\/wp-content\\\/uploads\\\/2024\\\/04\\\/zern_logo.png\",\"contentUrl\":\"https:\\\/\\\/zern-verbund.de\\\/wp-content\\\/uploads\\\/2024\\\/04\\\/zern_logo.png\",\"width\":167,\"height\":155,\"caption\":\"ZERN\"},\"image\":{\"@id\":\"https:\\\/\\\/zern-verbund.de\\\/#\\\/schema\\\/logo\\\/image\\\/\"},\"sameAs\":[\"https:\\\/\\\/x.com\\\/ZernZukunf34174\",\"https:\\\/\\\/www.linkedin.com\\\/in\\\/zern-zukunft-ernhrung-niedersachsen-5089292b8\\\/\",\"https:\\\/\\\/www.instagram.com\\\/zern.verbund\\\/\"]}]}<\/script>\n<!-- \/ Yoast SEO plugin. -->","yoast_head_json":{"title":"Crop Rotation Optimisation to Water and Nutrient Scarcity \u2013 Field and landscape scale evaluations of arable farming adaptation in Lower Saxony (CROWNS) - ZERN","description":"Agrar Ern\u00e4hrung Landwirtschaft Boden Bodenwissenschaften Ackerbau Klimawandel Trockenstress","robots":{"index":"index","follow":"follow","max-snippet":"max-snippet:-1","max-image-preview":"max-image-preview:large","max-video-preview":"max-video-preview:-1"},"canonical":"https:\/\/zern-verbund.de\/en\/crop-rotation-optimisation-to-water-and-nutrient-scarcity-field-and-landscape-scale-evaluations-of-arable-farming-adaptation-in-lower-saxony-crowns\/","og_locale":"en_GB","og_type":"article","og_title":"Crop Rotation Optimisation to Water and Nutrient Scarcity \u2013 Field and landscape scale evaluations of arable farming adaptation in Lower Saxony (CROWNS) - ZERN","og_description":"Agrar Ern\u00e4hrung Landwirtschaft Boden Bodenwissenschaften Ackerbau Klimawandel Trockenstress","og_url":"https:\/\/zern-verbund.de\/en\/crop-rotation-optimisation-to-water-and-nutrient-scarcity-field-and-landscape-scale-evaluations-of-arable-farming-adaptation-in-lower-saxony-crowns\/","og_site_name":"ZERN","article_modified_time":"2026-01-26T11:15:03+00:00","og_image":[{"url":"https:\/\/zern-verbund.de\/wp-content\/uploads\/2026\/01\/Wurzel-Pflanze-Boden-1024x1024.png","type":"","width":"","height":""}],"twitter_card":"summary_large_image","twitter_site":"@ZernZukunf34174","twitter_misc":{"Estimated reading time":"3 minutes"},"schema":{"@context":"https:\/\/schema.org","@graph":[{"@type":"WebPage","@id":"https:\/\/zern-verbund.de\/crop-rotation-optimisation-to-water-and-nutrient-scarcity-field-and-landscape-scale-evaluations-of-arable-farming-adaptation-in-lower-saxony-crowns\/","url":"https:\/\/zern-verbund.de\/crop-rotation-optimisation-to-water-and-nutrient-scarcity-field-and-landscape-scale-evaluations-of-arable-farming-adaptation-in-lower-saxony-crowns\/","name":"Crop Rotation Optimisation to Water and Nutrient Scarcity \u2013 Field and landscape scale evaluations of arable farming adaptation in Lower Saxony (CROWNS) - ZERN","isPartOf":{"@id":"https:\/\/zern-verbund.de\/#website"},"primaryImageOfPage":{"@id":"https:\/\/zern-verbund.de\/crop-rotation-optimisation-to-water-and-nutrient-scarcity-field-and-landscape-scale-evaluations-of-arable-farming-adaptation-in-lower-saxony-crowns\/#primaryimage"},"image":{"@id":"https:\/\/zern-verbund.de\/crop-rotation-optimisation-to-water-and-nutrient-scarcity-field-and-landscape-scale-evaluations-of-arable-farming-adaptation-in-lower-saxony-crowns\/#primaryimage"},"thumbnailUrl":"https:\/\/zern-verbund.de\/wp-content\/uploads\/2026\/01\/Wurzel-Pflanze-Boden-1024x1024.png","datePublished":"2026-01-26T11:10:44+00:00","dateModified":"2026-01-26T11:15:03+00:00","description":"Agrar Ern\u00e4hrung Landwirtschaft Boden Bodenwissenschaften Ackerbau Klimawandel Trockenstress","breadcrumb":{"@id":"https:\/\/zern-verbund.de\/crop-rotation-optimisation-to-water-and-nutrient-scarcity-field-and-landscape-scale-evaluations-of-arable-farming-adaptation-in-lower-saxony-crowns\/#breadcrumb"},"inLanguage":"en-GB","potentialAction":[{"@type":"ReadAction","target":["https:\/\/zern-verbund.de\/crop-rotation-optimisation-to-water-and-nutrient-scarcity-field-and-landscape-scale-evaluations-of-arable-farming-adaptation-in-lower-saxony-crowns\/"]}]},{"@type":"ImageObject","inLanguage":"en-GB","@id":"https:\/\/zern-verbund.de\/crop-rotation-optimisation-to-water-and-nutrient-scarcity-field-and-landscape-scale-evaluations-of-arable-farming-adaptation-in-lower-saxony-crowns\/#primaryimage","url":"https:\/\/zern-verbund.de\/wp-content\/uploads\/2026\/01\/Wurzel-Pflanze-Boden-1024x1024.png","contentUrl":"https:\/\/zern-verbund.de\/wp-content\/uploads\/2026\/01\/Wurzel-Pflanze-Boden-1024x1024.png"},{"@type":"BreadcrumbList","@id":"https:\/\/zern-verbund.de\/crop-rotation-optimisation-to-water-and-nutrient-scarcity-field-and-landscape-scale-evaluations-of-arable-farming-adaptation-in-lower-saxony-crowns\/#breadcrumb","itemListElement":[{"@type":"ListItem","position":1,"name":"Home","item":"https:\/\/zern-verbund.de\/"},{"@type":"ListItem","position":2,"name":"Crop Rotation Optimisation to Water and Nutrient Scarcity \u2013 Field and landscape scale evaluations of arable farming adaptation in Lower Saxony (CROWNS)"}]},{"@type":"WebSite","@id":"https:\/\/zern-verbund.de\/#website","url":"https:\/\/zern-verbund.de\/","name":"ZERN","description":"ZERN Verbund","publisher":{"@id":"https:\/\/zern-verbund.de\/#organization"},"alternateName":"Zukunft Ern\u00e4hrung Niedersachsen","potentialAction":[{"@type":"SearchAction","target":{"@type":"EntryPoint","urlTemplate":"https:\/\/zern-verbund.de\/?s={search_term_string}"},"query-input":{"@type":"PropertyValueSpecification","valueRequired":true,"valueName":"search_term_string"}}],"inLanguage":"en-GB"},{"@type":"Organization","@id":"https:\/\/zern-verbund.de\/#organization","name":"ZERN","alternateName":"Zukunft Ern\u00e4hrung Niedersachsen","url":"https:\/\/zern-verbund.de\/","logo":{"@type":"ImageObject","inLanguage":"en-GB","@id":"https:\/\/zern-verbund.de\/#\/schema\/logo\/image\/","url":"https:\/\/zern-verbund.de\/wp-content\/uploads\/2024\/04\/zern_logo.png","contentUrl":"https:\/\/zern-verbund.de\/wp-content\/uploads\/2024\/04\/zern_logo.png","width":167,"height":155,"caption":"ZERN"},"image":{"@id":"https:\/\/zern-verbund.de\/#\/schema\/logo\/image\/"},"sameAs":["https:\/\/x.com\/ZernZukunf34174","https:\/\/www.linkedin.com\/in\/zern-zukunft-ernhrung-niedersachsen-5089292b8\/","https:\/\/www.instagram.com\/zern.verbund\/"]}]}},"_links":{"self":[{"href":"https:\/\/zern-verbund.de\/en\/wp-json\/wp\/v2\/pages\/3089","targetHints":{"allow":["GET"]}}],"collection":[{"href":"https:\/\/zern-verbund.de\/en\/wp-json\/wp\/v2\/pages"}],"about":[{"href":"https:\/\/zern-verbund.de\/en\/wp-json\/wp\/v2\/types\/page"}],"author":[{"embeddable":true,"href":"https:\/\/zern-verbund.de\/en\/wp-json\/wp\/v2\/users\/6"}],"replies":[{"embeddable":true,"href":"https:\/\/zern-verbund.de\/en\/wp-json\/wp\/v2\/comments?post=3089"}],"version-history":[{"count":4,"href":"https:\/\/zern-verbund.de\/en\/wp-json\/wp\/v2\/pages\/3089\/revisions"}],"predecessor-version":[{"id":3093,"href":"https:\/\/zern-verbund.de\/en\/wp-json\/wp\/v2\/pages\/3089\/revisions\/3093"}],"wp:attachment":[{"href":"https:\/\/zern-verbund.de\/en\/wp-json\/wp\/v2\/media?parent=3089"}],"curies":[{"name":"wp","href":"https:\/\/api.w.org\/{rel}","templated":true}]}}