{"id":428,"date":"2024-04-18T10:34:06","date_gmt":"2024-04-18T08:34:06","guid":{"rendered":"http:\/\/zern-verbund.de\/?page_id=428"},"modified":"2024-06-05T15:03:06","modified_gmt":"2024-06-05T13:03:06","slug":"impressum","status":"publish","type":"page","link":"https:\/\/zern-verbund.de\/en\/impressum\/","title":{"rendered":"Imprint"},"content":{"rendered":"\t\t<div data-elementor-type=\"wp-page\" data-elementor-id=\"428\" class=\"elementor elementor-428\" data-elementor-post-type=\"page\">\n\t\t\t\t<div class=\"elementor-element elementor-element-9e04862 e-con-full e-flex e-con e-parent\" data-id=\"9e04862\" data-element_type=\"container\" data-e-type=\"container\">\n\t\t<div class=\"elementor-element elementor-element-902bdde e-con-full e-flex e-con e-child\" data-id=\"902bdde\" data-element_type=\"container\" data-e-type=\"container\" data-settings=\"{&quot;background_background&quot;:&quot;classic&quot;}\">\n\t\t\t\t<div class=\"elementor-element elementor-element-c18309b elementor-widget__width-initial elementor-widget-tablet__width-inherit elementor-widget elementor-widget-heading\" data-id=\"c18309b\" data-element_type=\"widget\" data-e-type=\"widget\" data-widget_type=\"heading.default\">\n\t\t\t\t<div class=\"elementor-widget-container\">\n\t\t\t\t\t<h1 class=\"elementor-heading-title elementor-size-default\">Impressum<\/h1>\t\t\t\t<\/div>\n\t\t\t\t<\/div>\n\t\t\t\t<\/div>\n\t\t<div class=\"elementor-element elementor-element-41451fd e-con-full e-flex e-con e-child\" data-id=\"41451fd\" data-element_type=\"container\" data-e-type=\"container\" data-settings=\"{&quot;background_background&quot;:&quot;classic&quot;}\">\n\t\t\t\t<\/div>\n\t\t\t\t<\/div>\n\t\t<div class=\"elementor-element elementor-element-0d176fe e-flex e-con-boxed e-con e-parent\" data-id=\"0d176fe\" data-element_type=\"container\" data-e-type=\"container\">\n\t\t\t\t\t<div class=\"e-con-inner\">\n\t\t\t\t<div class=\"elementor-element elementor-element-1620141 elementor-widget elementor-widget-text-editor\" data-id=\"1620141\" data-element_type=\"widget\" data-e-type=\"widget\" data-widget_type=\"text-editor.default\">\n\t\t\t\t<div class=\"elementor-widget-container\">\n\t\t\t\t\t\t\t\t\t<p><strong>ZERN-Gesch\u00e4ftsstelle<\/strong><br \/>Koordination: Dr. Linda Armbrecht<br \/>Platz der G\u00f6ttinger Sieben 5<br \/>37073 G\u00f6ttingen<\/p><p>Telefon: 0551 39-24838<\/p><p>Mail: zern[at]uni-goettingen.de<\/p><p><strong>Fakult\u00e4t f\u00fcr Agrarwissenschaften<br \/>der Georg-August-Universit\u00e4t G\u00f6ttingen<\/strong><br \/>B\u00fcsgenweg 5<br \/>37077 G\u00f6ttingen<\/p><p>Tel. +49 551 39 25530<br \/>dekagrar@uni-goettingen.de<\/p><p>Die Fakult\u00e4t f\u00fcr Agrarwissenschaften ist eine organisatorische Grundeinheit der Georg-August-Universit\u00e4t G\u00f6ttingen, Wilhelmsplatz 1, 37073 G\u00f6ttingen, Tel. 0551 39-0.<\/p><p>Vertretungsberechtigte Person: Prof. Dr. Stephan von Cramon-Taubadel (Dekan der Fakult\u00e4t)<\/p><p>Die Georg-August-Universit\u00e4t G\u00f6ttingen ist eine K\u00f6rperschaft des \u00f6ffentlichen Rechts. Sie wird durch den Pr\u00e4sidenten, Prof. Dr. Metin Tolan, gesetzlich vertreten.<\/p><p><strong>Zust\u00e4ndige Aufsichtsbeh\u00f6rde:<\/strong><br \/>Georg-August-Universit\u00e4t G\u00f6ttingen Stiftung \u00d6ffentlichen Rechts, Stiftungsausschuss Universit\u00e4t (\u00a7\u00a7 59 Abs. 2, 60 Abs. 2 Satz 2 Nr. 7, 60 a Abs. 1 NHG), Wilhelmsplatz 1, 37073 G\u00f6ttingen<\/p><p>Umsatzsteuer-Identifikationsnummer gem\u00e4\u00df \u00a7 27 a Umsatzsteuergesetz: DE 286 005 408<\/p><p><strong>Verantwortliche f\u00fcr den Inhalt dieser Website:<\/strong><br \/>Dr. Linda Armbrecht<\/p><p>Es gilt das zentrale Impressum der <a href=\"https:\/\/www.uni-goettingen.de\/\">Georg-August-Universit\u00e4t G\u00f6ttingen<\/a>.<\/p><p><strong>Haftungshinweis:<\/strong><br \/>Trotz sorgf\u00e4ltiger inhaltlicher Kontrolle \u00fcbernehmen wir keine Haftung f\u00fcr die Inhalte externer Links. F\u00fcr den Inhalt der verlinkten Seiten sind ausschlie\u00dflich deren Betreiber verantwortlich.<\/p><p><strong>Urheberrecht<\/strong><br \/>\u00a9 Copyright Georg-August-Universit\u00e4t G\u00f6ttingen. Alle Rechte vorbehalten. S\u00e4mtliche Bilder, Grafiken, Texte, Ton-, Video- und Animationsdateien dieser Webseite unterliegen dem Urheberrecht bzw. anderen Gesetzen zum Schutz geistigen Eigentums. Eine Vervielf\u00e4ltigung, Ver\u00e4nderung oder Verwendung in anderen elektronischen oder gedruckten Publikationen ist ohne ausdr\u00fcckliche Zustimmung der Georg-August-Universit\u00e4t G\u00f6ttingen nicht gestattet.<\/p><p><strong>Bildlizenzen<\/strong><br \/>Fotografien und Grafiken, sind urheberrechtlich gesch\u00fctzt.<\/p><p>\u00a9 Shutterstock.com 1970933630 von Valery Zotev<br \/>\u00a9 Shutterstock.com 1830025559 von Christian Schwier<br \/>\u00a9 Shutterstock.com 110520497 von Antonov Roman<br \/>\u00a9 Shutterstock.com 1784691707 von Edgar G Biehle<br \/>\u00a9 Shutterstock.com 380802811 von Fotokostic<br \/>\u00a9 Shutterstock.com 564088459 von D. Kucharski K. Kucharska<br \/>\u00a9 Shutterstock.com 1067849963 von goodluz<br \/>\u00a9 Shutterstock.com 101462953 von Vibrant Image Studio<br \/>\u00a9 Shutterstock.com 1494272252 von Aleksandr Rybalko<br \/>\u00a9 Shutterstock.com 2055681089 von Jacob Lund<br \/>\u00a9 Shutterstock.com 365900297 von FiledIMAGE<br \/>\u00a9 Shutterstock.com 2227982737 von PeopleImages.com &#8211; Yuri A<br \/>\u00a9 Shutterstock.com 1453692737 von Manop Boonpeng<\/p>\t\t\t\t\t\t\t\t<\/div>\n\t\t\t\t<\/div>\n\t\t\t\t\t<\/div>\n\t\t\t\t<\/div>\n\t\t\t\t<\/div>\n\t\t","protected":false},"excerpt":{"rendered":"<p>ZERN-Gesch\u00e4ftsstelleKoordination: Dr. Linda ArmbrechtPlatz der G\u00f6ttinger Sieben 537073 G\u00f6ttingen Telefon: 0551 39-24838 Mail: zern[at]uni-goettingen.de Fakult\u00e4t f\u00fcr Agrarwissenschaftender Georg-August-Universit\u00e4t G\u00f6ttingenB\u00fcsgenweg 537077 G\u00f6ttingen Tel. +49 551 39 25530dekagrar@uni-goettingen.de Die Fakult\u00e4t f\u00fcr Agrarwissenschaften ist eine organisatorische Grundeinheit der Georg-August-Universit\u00e4t G\u00f6ttingen, Wilhelmsplatz 1, 37073 G\u00f6ttingen, Tel. 0551 39-0. Vertretungsberechtigte Person: Prof. Dr. Stephan von Cramon-Taubadel (Dekan der Fakult\u00e4t) Die [&hellip;]<\/p>\n","protected":false},"author":6,"featured_media":0,"parent":0,"menu_order":0,"comment_status":"closed","ping_status":"closed","template":"elementor_header_footer","meta":{"footnotes":""},"class_list":["post-428","page","type-page","status-publish","hentry"],"yoast_head":"<!-- This site is optimized with the Yoast SEO plugin v27.5 - https:\/\/yoast.com\/product\/yoast-seo-wordpress\/ -->\n<title>Impressum - ZERN<\/title>\n<meta name=\"description\" content=\"\u00a9 Copyright Georg-August-Universit\u00e4t G\u00f6ttingen. Alle Rechte vorbehalten. ZERN-Gesch\u00e4ftsstelle Koordination.\" \/>\n<meta name=\"robots\" content=\"index, follow, max-snippet:-1, max-image-preview:large, max-video-preview:-1\" \/>\n<link rel=\"canonical\" href=\"https:\/\/zern-verbund.de\/en\/impressum\/\" \/>\n<meta property=\"og:locale\" content=\"en_GB\" \/>\n<meta property=\"og:type\" content=\"article\" \/>\n<meta property=\"og:title\" content=\"Impressum - ZERN\" \/>\n<meta property=\"og:description\" content=\"\u00a9 Copyright Georg-August-Universit\u00e4t G\u00f6ttingen. Alle Rechte vorbehalten. ZERN-Gesch\u00e4ftsstelle Koordination.\" \/>\n<meta property=\"og:url\" content=\"https:\/\/zern-verbund.de\/en\/impressum\/\" \/>\n<meta property=\"og:site_name\" content=\"ZERN\" \/>\n<meta property=\"article:modified_time\" content=\"2024-06-05T13:03:06+00:00\" \/>\n<meta name=\"twitter:card\" content=\"summary_large_image\" \/>\n<meta name=\"twitter:site\" content=\"@ZernZukunf34174\" \/>\n<meta name=\"twitter:label1\" content=\"Estimated reading time\" \/>\n\t<meta name=\"twitter:data1\" content=\"2 minutes\" \/>\n<script type=\"application\/ld+json\" class=\"yoast-schema-graph\">{\"@context\":\"https:\\\/\\\/schema.org\",\"@graph\":[{\"@type\":\"WebPage\",\"@id\":\"https:\\\/\\\/zern-verbund.de\\\/impressum\\\/\",\"url\":\"https:\\\/\\\/zern-verbund.de\\\/impressum\\\/\",\"name\":\"Impressum - ZERN\",\"isPartOf\":{\"@id\":\"https:\\\/\\\/zern-verbund.de\\\/#website\"},\"datePublished\":\"2024-04-18T08:34:06+00:00\",\"dateModified\":\"2024-06-05T13:03:06+00:00\",\"description\":\"\u00a9 Copyright Georg-August-Universit\u00e4t G\u00f6ttingen. Alle Rechte vorbehalten. ZERN-Gesch\u00e4ftsstelle Koordination.\",\"breadcrumb\":{\"@id\":\"https:\\\/\\\/zern-verbund.de\\\/impressum\\\/#breadcrumb\"},\"inLanguage\":\"en-GB\",\"potentialAction\":[{\"@type\":\"ReadAction\",\"target\":[\"https:\\\/\\\/zern-verbund.de\\\/impressum\\\/\"]}]},{\"@type\":\"BreadcrumbList\",\"@id\":\"https:\\\/\\\/zern-verbund.de\\\/impressum\\\/#breadcrumb\",\"itemListElement\":[{\"@type\":\"ListItem\",\"position\":1,\"name\":\"Home\",\"item\":\"https:\\\/\\\/zern-verbund.de\\\/\"},{\"@type\":\"ListItem\",\"position\":2,\"name\":\"Impressum\"}]},{\"@type\":\"WebSite\",\"@id\":\"https:\\\/\\\/zern-verbund.de\\\/#website\",\"url\":\"https:\\\/\\\/zern-verbund.de\\\/\",\"name\":\"ZERN\",\"description\":\"ZERN Verbund\",\"publisher\":{\"@id\":\"https:\\\/\\\/zern-verbund.de\\\/#organization\"},\"alternateName\":\"Zukunft Ern\u00e4hrung Niedersachsen\",\"potentialAction\":[{\"@type\":\"SearchAction\",\"target\":{\"@type\":\"EntryPoint\",\"urlTemplate\":\"https:\\\/\\\/zern-verbund.de\\\/?s={search_term_string}\"},\"query-input\":{\"@type\":\"PropertyValueSpecification\",\"valueRequired\":true,\"valueName\":\"search_term_string\"}}],\"inLanguage\":\"en-GB\"},{\"@type\":\"Organization\",\"@id\":\"https:\\\/\\\/zern-verbund.de\\\/#organization\",\"name\":\"ZERN\",\"alternateName\":\"Zukunft Ern\u00e4hrung Niedersachsen\",\"url\":\"https:\\\/\\\/zern-verbund.de\\\/\",\"logo\":{\"@type\":\"ImageObject\",\"inLanguage\":\"en-GB\",\"@id\":\"https:\\\/\\\/zern-verbund.de\\\/#\\\/schema\\\/logo\\\/image\\\/\",\"url\":\"https:\\\/\\\/zern-verbund.de\\\/wp-content\\\/uploads\\\/2024\\\/04\\\/zern_logo.png\",\"contentUrl\":\"https:\\\/\\\/zern-verbund.de\\\/wp-content\\\/uploads\\\/2024\\\/04\\\/zern_logo.png\",\"width\":167,\"height\":155,\"caption\":\"ZERN\"},\"image\":{\"@id\":\"https:\\\/\\\/zern-verbund.de\\\/#\\\/schema\\\/logo\\\/image\\\/\"},\"sameAs\":[\"https:\\\/\\\/x.com\\\/ZernZukunf34174\",\"https:\\\/\\\/www.linkedin.com\\\/in\\\/zern-zukunft-ernhrung-niedersachsen-5089292b8\\\/\",\"https:\\\/\\\/www.instagram.com\\\/zern.verbund\\\/\"]}]}<\/script>\n<!-- \/ Yoast SEO plugin. -->","yoast_head_json":{"title":"Impressum - ZERN","description":"\u00a9 Copyright Georg-August-Universit\u00e4t G\u00f6ttingen. Alle Rechte vorbehalten. ZERN-Gesch\u00e4ftsstelle Koordination.","robots":{"index":"index","follow":"follow","max-snippet":"max-snippet:-1","max-image-preview":"max-image-preview:large","max-video-preview":"max-video-preview:-1"},"canonical":"https:\/\/zern-verbund.de\/en\/impressum\/","og_locale":"en_GB","og_type":"article","og_title":"Impressum - ZERN","og_description":"\u00a9 Copyright Georg-August-Universit\u00e4t G\u00f6ttingen. Alle Rechte vorbehalten. ZERN-Gesch\u00e4ftsstelle Koordination.","og_url":"https:\/\/zern-verbund.de\/en\/impressum\/","og_site_name":"ZERN","article_modified_time":"2024-06-05T13:03:06+00:00","twitter_card":"summary_large_image","twitter_site":"@ZernZukunf34174","twitter_misc":{"Estimated reading time":"2 minutes"},"schema":{"@context":"https:\/\/schema.org","@graph":[{"@type":"WebPage","@id":"https:\/\/zern-verbund.de\/impressum\/","url":"https:\/\/zern-verbund.de\/impressum\/","name":"Impressum - ZERN","isPartOf":{"@id":"https:\/\/zern-verbund.de\/#website"},"datePublished":"2024-04-18T08:34:06+00:00","dateModified":"2024-06-05T13:03:06+00:00","description":"\u00a9 Copyright Georg-August-Universit\u00e4t G\u00f6ttingen. Alle Rechte vorbehalten. ZERN-Gesch\u00e4ftsstelle Koordination.","breadcrumb":{"@id":"https:\/\/zern-verbund.de\/impressum\/#breadcrumb"},"inLanguage":"en-GB","potentialAction":[{"@type":"ReadAction","target":["https:\/\/zern-verbund.de\/impressum\/"]}]},{"@type":"BreadcrumbList","@id":"https:\/\/zern-verbund.de\/impressum\/#breadcrumb","itemListElement":[{"@type":"ListItem","position":1,"name":"Home","item":"https:\/\/zern-verbund.de\/"},{"@type":"ListItem","position":2,"name":"Impressum"}]},{"@type":"WebSite","@id":"https:\/\/zern-verbund.de\/#website","url":"https:\/\/zern-verbund.de\/","name":"ZERN","description":"ZERN Verbund","publisher":{"@id":"https:\/\/zern-verbund.de\/#organization"},"alternateName":"Zukunft Ern\u00e4hrung Niedersachsen","potentialAction":[{"@type":"SearchAction","target":{"@type":"EntryPoint","urlTemplate":"https:\/\/zern-verbund.de\/?s={search_term_string}"},"query-input":{"@type":"PropertyValueSpecification","valueRequired":true,"valueName":"search_term_string"}}],"inLanguage":"en-GB"},{"@type":"Organization","@id":"https:\/\/zern-verbund.de\/#organization","name":"ZERN","alternateName":"Zukunft Ern\u00e4hrung Niedersachsen","url":"https:\/\/zern-verbund.de\/","logo":{"@type":"ImageObject","inLanguage":"en-GB","@id":"https:\/\/zern-verbund.de\/#\/schema\/logo\/image\/","url":"https:\/\/zern-verbund.de\/wp-content\/uploads\/2024\/04\/zern_logo.png","contentUrl":"https:\/\/zern-verbund.de\/wp-content\/uploads\/2024\/04\/zern_logo.png","width":167,"height":155,"caption":"ZERN"},"image":{"@id":"https:\/\/zern-verbund.de\/#\/schema\/logo\/image\/"},"sameAs":["https:\/\/x.com\/ZernZukunf34174","https:\/\/www.linkedin.com\/in\/zern-zukunft-ernhrung-niedersachsen-5089292b8\/","https:\/\/www.instagram.com\/zern.verbund\/"]}]}},"_links":{"self":[{"href":"https:\/\/zern-verbund.de\/en\/wp-json\/wp\/v2\/pages\/428","targetHints":{"allow":["GET"]}}],"collection":[{"href":"https:\/\/zern-verbund.de\/en\/wp-json\/wp\/v2\/pages"}],"about":[{"href":"https:\/\/zern-verbund.de\/en\/wp-json\/wp\/v2\/types\/page"}],"author":[{"embeddable":true,"href":"https:\/\/zern-verbund.de\/en\/wp-json\/wp\/v2\/users\/6"}],"replies":[{"embeddable":true,"href":"https:\/\/zern-verbund.de\/en\/wp-json\/wp\/v2\/comments?post=428"}],"version-history":[{"count":22,"href":"https:\/\/zern-verbund.de\/en\/wp-json\/wp\/v2\/pages\/428\/revisions"}],"predecessor-version":[{"id":729,"href":"https:\/\/zern-verbund.de\/en\/wp-json\/wp\/v2\/pages\/428\/revisions\/729"}],"wp:attachment":[{"href":"https:\/\/zern-verbund.de\/en\/wp-json\/wp\/v2\/media?parent=428"}],"curies":[{"name":"wp","href":"https:\/\/api.w.org\/{rel}","templated":true}]}}