{"id":530,"date":"2024-04-18T14:30:30","date_gmt":"2024-04-18T12:30:30","guid":{"rendered":"http:\/\/zern-verbund.de\/?page_id=530"},"modified":"2025-02-19T17:36:23","modified_gmt":"2025-02-19T16:36:23","slug":"themenbereich-gruenland","status":"publish","type":"page","link":"https:\/\/zern-verbund.de\/en\/themenbereiche-2\/themenbereich-gruenland\/","title":{"rendered":"TOPIC AREA GRASSLAND"},"content":{"rendered":"<div data-elementor-type=\"wp-page\" data-elementor-id=\"530\" class=\"elementor elementor-530\" data-elementor-post-type=\"page\">\n\t\t\t\t<div class=\"elementor-element elementor-element-fbc900b e-con-full e-flex e-con e-parent\" data-id=\"fbc900b\" data-element_type=\"container\" data-e-type=\"container\">\n\t\t<div class=\"elementor-element elementor-element-8ab5fb4 e-con-full e-flex e-con e-child\" data-id=\"8ab5fb4\" data-element_type=\"container\" data-e-type=\"container\" data-settings=\"{&quot;background_background&quot;:&quot;classic&quot;}\">\n\t\t\t\t<div class=\"elementor-element elementor-element-cdd288e elementor-widget__width-initial elementor-widget-tablet__width-inherit elementor-widget elementor-widget-heading\" data-id=\"cdd288e\" data-element_type=\"widget\" data-e-type=\"widget\" data-widget_type=\"heading.default\">\n\t\t\t\t<div class=\"elementor-widget-container\">\n\t\t\t\t\t<h1 class=\"elementor-heading-title elementor-size-default\">TOPIC AREA GRASSLAND<\/h1>\t\t\t\t<\/div>\n\t\t\t\t<\/div>\n\t\t\t\t<\/div>\n\t\t<div class=\"elementor-element elementor-element-9aac0bd e-con-full e-flex e-con e-child\" data-id=\"9aac0bd\" data-element_type=\"container\" data-e-type=\"container\" data-settings=\"{&quot;background_background&quot;:&quot;classic&quot;}\">\n\t\t\t\t<\/div>\n\t\t\t\t<\/div>\n\t\t<div class=\"elementor-element elementor-element-c71492d e-flex e-con-boxed e-con e-parent\" data-id=\"c71492d\" data-element_type=\"container\" data-e-type=\"container\">\n\t\t\t\t\t<div class=\"e-con-inner\">\n\t\t\t\t<div class=\"elementor-element elementor-element-ba0809b elementor-align-left elementor-widget__width-initial elementor-widget elementor-widget-breadcrumbs\" data-id=\"ba0809b\" data-element_type=\"widget\" data-e-type=\"widget\" data-widget_type=\"breadcrumbs.default\">\n\t\t\t\t<div class=\"elementor-widget-container\">\n\t\t\t\t\t<p id=\"breadcrumbs\"><span><span><a href=\"https:\/\/zern-verbund.de\/en\/\">Home<\/a><\/span><\/span><\/p>\t\t\t\t<\/div>\n\t\t\t\t<\/div>\n\t\t\t\t\t<\/div>\n\t\t\t\t<\/div>\n\t\t<div class=\"elementor-element elementor-element-aa863d7 e-flex e-con-boxed e-con e-parent\" data-id=\"aa863d7\" data-element_type=\"container\" data-e-type=\"container\">\n\t\t\t\t\t<div class=\"e-con-inner\">\n\t\t\t\t<div class=\"elementor-element elementor-element-feb503a elementor-widget elementor-widget-text-editor\" data-id=\"feb503a\" data-element_type=\"widget\" data-e-type=\"widget\" data-widget_type=\"text-editor.default\">\n\t\t\t\t<div class=\"elementor-widget-container\">\n\t\t\t\t\t\t\t\t\t<p class=\"translation-block\">Grassland is one of the most important forms of land use in Lower Saxony, covering around 700,000 hectares. It is primarily used for the production of fodder and thus for the production of milk and meat. The production of energy (biogas) is also important. However, grassland also helps to protect the climate, soil and groundwater, is an important habitat for plants and animals and has a significant impact on the landscape.<\/p><p class=\"translation-block\">With an average yield per hectare of 80 dt dry matter with three cuts per year and a protein content of 15% (based on dry matter), grassland can produce over 820,000 tons of crude protein. Lower Saxony and Bavaria account for almost half of the entire German dairy cow population. Grazing on grassland is therefore extremely important in Lower Saxony. Although grazing is very positive from an animal welfare perspective, there are a number of issues with regard to sustainable use, including methane production by ruminants. However, losses of biodiversity are also seen in connection with the agricultural use of grassland.<\/p><p class=\"translation-block\">Alternatives to the intensive form of grassland management for the production of animal proteins and fats, as practiced today in large parts of Lower Saxony\u2019s dairy regions, are therefore of particular interest from an ecological point of view. The direct extraction of concentrated protein from green biomass for use in animal fattening has also already been described. The direct use of the extracted protein in human nutrition has also already been investigated in partial aspects, but there are currently no studies available that allow a further evaluation of the potential of this protein source with regard to economy and ecology. However, since the development of grassland protein through technical processes, without conversion by ruminants, provides significantly higher yields, the integration of this novel protein source into the overall evaluation of land use must be included against the background of possible future CO\u2082 pricing in agriculture.<\/p><p class=\"translation-block\">There is still a considerable need for research before directly obtained protein from green biomass can be used commercially. In addition to the development of suitable technical systems and the determination of process costs, the technological functionality of the protein and its suitability as a foodstuff (novel food) must be clarified.<\/p>\t\t\t\t\t\t\t\t<\/div>\n\t\t\t\t<\/div>\n\t\t\t\t\t<\/div>\n\t\t\t\t<\/div>\n\t\t<div class=\"elementor-element elementor-element-caf5b99 e-flex e-con-boxed e-con e-parent\" data-id=\"caf5b99\" data-element_type=\"container\" data-e-type=\"container\">\n\t\t\t\t\t<div class=\"e-con-inner\">\n\t\t\t\t<div class=\"elementor-element elementor-element-e2b268c elementor-widget elementor-widget-heading\" data-id=\"e2b268c\" data-element_type=\"widget\" data-e-type=\"widget\" data-widget_type=\"heading.default\">\n\t\t\t\t<div class=\"elementor-widget-container\">\n\t\t\t\t\t<h2 class=\"elementor-heading-title elementor-size-default\">OUR SUB-PROJECTS<\/h2>\t\t\t\t<\/div>\n\t\t\t\t<\/div>\n\t\t<div class=\"elementor-element elementor-element-936dbe1 e-grid e-con-boxed e-con e-child\" data-id=\"936dbe1\" data-element_type=\"container\" data-e-type=\"container\">\n\t\t\t\t\t<div class=\"e-con-inner\">\n\t\t<div class=\"elementor-element elementor-element-53fa775 e-flex e-con-boxed e-con e-child\" data-id=\"53fa775\" data-element_type=\"container\" data-e-type=\"container\">\n\t\t\t\t\t<div class=\"e-con-inner\">\n\t\t<div class=\"elementor-element elementor-element-cde17ee e-flex e-con-boxed e-con e-child\" data-id=\"cde17ee\" data-element_type=\"container\" data-e-type=\"container\" data-settings=\"{&quot;background_background&quot;:&quot;classic&quot;}\">\n\t\t\t\t\t<div class=\"e-con-inner\">\n\t\t\t\t\t<\/div>\n\t\t\t\t<\/div>\n\t\t\t\t<div class=\"elementor-element elementor-element-6ebf58c elementor-widget elementor-widget-text-editor\" data-id=\"6ebf58c\" data-element_type=\"widget\" data-e-type=\"widget\" data-widget_type=\"text-editor.default\">\n\t\t\t\t<div class=\"elementor-widget-container\">\n\t\t\t\t\t\t\t\t\t<p>Development of an extraction and functionalization process for the use of protein from green biomass in human nutrition<\/p>\t\t\t\t\t\t\t\t<\/div>\n\t\t\t\t<\/div>\n\t\t\t\t<div class=\"elementor-element elementor-element-0ee3681 elementor-align-right elementor-widget elementor-widget-button\" data-id=\"0ee3681\" data-element_type=\"widget\" data-e-type=\"widget\" data-widget_type=\"button.default\">\n\t\t\t\t<div class=\"elementor-widget-container\">\n\t\t\t\t\t\t\t\t\t<div class=\"elementor-button-wrapper\">\n\t\t\t\t\t<a class=\"elementor-button elementor-button-link elementor-size-sm\" href=\"https:\/\/zern-verbund.de\/en\/themenbereiche-2\/themenbereich-gruenland\/https-zern-verbund-de-themenbereiche-2-themenbereich-gruenland-ip1\/\">\n\t\t\t\t\t\t<span class=\"elementor-button-content-wrapper\">\n\t\t\t\t\t\t\t\t\t<span class=\"elementor-button-text\">about the project<\/span>\n\t\t\t\t\t<\/span>\n\t\t\t\t\t<\/a>\n\t\t\t\t<\/div>\n\t\t\t\t\t\t\t\t<\/div>\n\t\t\t\t<\/div>\n\t\t\t\t\t<\/div>\n\t\t\t\t<\/div>\n\t\t<div class=\"elementor-element elementor-element-389a081 e-flex e-con-boxed e-con e-child\" data-id=\"389a081\" data-element_type=\"container\" data-e-type=\"container\">\n\t\t\t\t\t<div class=\"e-con-inner\">\n\t\t<div class=\"elementor-element elementor-element-2150d0f e-flex e-con-boxed e-con e-child\" data-id=\"2150d0f\" data-element_type=\"container\" data-e-type=\"container\" data-settings=\"{&quot;background_background&quot;:&quot;classic&quot;}\">\n\t\t\t\t\t<div class=\"e-con-inner\">\n\t\t\t\t\t<\/div>\n\t\t\t\t<\/div>\n\t\t\t\t<div class=\"elementor-element elementor-element-f0fe561 elementor-widget elementor-widget-text-editor\" data-id=\"f0fe561\" data-element_type=\"widget\" data-e-type=\"widget\" data-widget_type=\"text-editor.default\">\n\t\t\t\t<div class=\"elementor-widget-container\">\n\t\t\t\t\t\t\t\t\t<p>Proteins from stinging nettle<\/p><p>\u00a0<\/p>\t\t\t\t\t\t\t\t<\/div>\n\t\t\t\t<\/div>\n\t\t\t\t<div class=\"elementor-element elementor-element-c57223d elementor-align-right elementor-widget elementor-widget-button\" data-id=\"c57223d\" data-element_type=\"widget\" data-e-type=\"widget\" data-widget_type=\"button.default\">\n\t\t\t\t<div class=\"elementor-widget-container\">\n\t\t\t\t\t\t\t\t\t<div class=\"elementor-button-wrapper\">\n\t\t\t\t\t<a class=\"elementor-button elementor-button-link elementor-size-sm\" href=\"https:\/\/zern-verbund.de\/en\/prozess-zur-proteingewinnung-und-vollstaendigen-verwertung-der-brennnessel\/\">\n\t\t\t\t\t\t<span class=\"elementor-button-content-wrapper\">\n\t\t\t\t\t\t\t\t\t<span class=\"elementor-button-text\">about the project<\/span>\n\t\t\t\t\t<\/span>\n\t\t\t\t\t<\/a>\n\t\t\t\t<\/div>\n\t\t\t\t\t\t\t\t<\/div>\n\t\t\t\t<\/div>\n\t\t\t\t\t<\/div>\n\t\t\t\t<\/div>\n\t\t<div class=\"elementor-element elementor-element-35cf4d7 e-flex e-con-boxed e-con e-child\" data-id=\"35cf4d7\" data-element_type=\"container\" data-e-type=\"container\">\n\t\t\t\t\t<div class=\"e-con-inner\">\n\t\t<div class=\"elementor-element elementor-element-0ec80c1 e-flex e-con-boxed e-con e-child\" data-id=\"0ec80c1\" data-element_type=\"container\" data-e-type=\"container\" data-settings=\"{&quot;background_background&quot;:&quot;classic&quot;}\">\n\t\t\t\t\t<div class=\"e-con-inner\">\n\t\t\t\t\t<\/div>\n\t\t\t\t<\/div>\n\t\t\t\t<div class=\"elementor-element elementor-element-a14606c elementor-widget elementor-widget-text-editor\" data-id=\"a14606c\" data-element_type=\"widget\" data-e-type=\"widget\" data-widget_type=\"text-editor.default\">\n\t\t\t\t<div class=\"elementor-widget-container\">\n\t\t\t\t\t\t\t\t\t<p>Value-adding material utilization of press residues protein extraction from green biomass \u2013 \u201cPresswert\u201d<\/p>\t\t\t\t\t\t\t\t<\/div>\n\t\t\t\t<\/div>\n\t\t\t\t<div class=\"elementor-element elementor-element-17ba5fc elementor-align-right elementor-widget elementor-widget-button\" data-id=\"17ba5fc\" data-element_type=\"widget\" data-e-type=\"widget\" data-widget_type=\"button.default\">\n\t\t\t\t<div class=\"elementor-widget-container\">\n\t\t\t\t\t\t\t\t\t<div class=\"elementor-button-wrapper\">\n\t\t\t\t\t<a class=\"elementor-button elementor-button-link elementor-size-sm\" href=\"https:\/\/zern-verbund.de\/en\/elementor-2436\/\">\n\t\t\t\t\t\t<span class=\"elementor-button-content-wrapper\">\n\t\t\t\t\t\t\t\t\t<span class=\"elementor-button-text\">about the project<\/span>\n\t\t\t\t\t<\/span>\n\t\t\t\t\t<\/a>\n\t\t\t\t<\/div>\n\t\t\t\t\t\t\t\t<\/div>\n\t\t\t\t<\/div>\n\t\t\t\t\t<\/div>\n\t\t\t\t<\/div>\n\t\t\t\t\t<\/div>\n\t\t\t\t<\/div>\n\t\t\t\t\t<\/div>\n\t\t\t\t<\/div>\n\t\t\t\t<\/div>","protected":false},"excerpt":{"rendered":"<p>Gr\u00fcnland ist in Niedersachsen mit ca. 700.000 ha eine der wichtigsten Landnutzungsformen. Es dient in erster Linie der Produktion von Futter und damit der Erzeugung von Milch und Fleisch. Daneben ist auch die Produktion von Energie (Biogas) von Bedeutung. Gr\u00fcnland tr\u00e4gt aber zudem zum Schutz von Klima, Boden und Grundwasser bei, ist ein wichtiger Lebensraum [&hellip;]<\/p>\n","protected":false},"author":6,"featured_media":0,"parent":18,"menu_order":0,"comment_status":"closed","ping_status":"closed","template":"elementor_header_footer","meta":{"footnotes":""},"class_list":["post-530","page","type-page","status-publish","hentry"],"yoast_head":"<!-- This site is optimized with the Yoast SEO plugin v27.5 - https:\/\/yoast.com\/product\/yoast-seo-wordpress\/ -->\n<title>Themenbereich Gr\u00fcnland - ZERN<\/title>\n<meta name=\"description\" content=\"Wie k\u00f6nnen wir die Ressource Gr\u00fcnland zuk\u00fcnftig am effektivsten nutzen? K\u00f6nnen technische Verfahren zur Erschlie\u00dfung von Gr\u00fcnlandeiwei\u00df beitragen?\" \/>\n<meta name=\"robots\" content=\"index, follow, max-snippet:-1, max-image-preview:large, max-video-preview:-1\" \/>\n<link rel=\"canonical\" href=\"https:\/\/zern-verbund.de\/en\/themenbereiche-2\/themenbereich-gruenland\/\" \/>\n<meta property=\"og:locale\" content=\"en_GB\" \/>\n<meta property=\"og:type\" content=\"article\" \/>\n<meta property=\"og:title\" content=\"Themenbereich Gr\u00fcnland - ZERN\" \/>\n<meta property=\"og:description\" content=\"Wie k\u00f6nnen wir die Ressource Gr\u00fcnland zuk\u00fcnftig am effektivsten nutzen? K\u00f6nnen technische Verfahren zur Erschlie\u00dfung von Gr\u00fcnlandeiwei\u00df beitragen?\" \/>\n<meta property=\"og:url\" content=\"https:\/\/zern-verbund.de\/en\/themenbereiche-2\/themenbereich-gruenland\/\" \/>\n<meta property=\"og:site_name\" content=\"ZERN\" \/>\n<meta property=\"article:modified_time\" content=\"2025-02-19T16:36:23+00:00\" \/>\n<meta name=\"twitter:card\" content=\"summary_large_image\" \/>\n<meta name=\"twitter:site\" content=\"@ZernZukunf34174\" \/>\n<meta name=\"twitter:label1\" content=\"Estimated reading time\" \/>\n\t<meta name=\"twitter:data1\" content=\"3 minutes\" \/>\n<script type=\"application\/ld+json\" class=\"yoast-schema-graph\">{\"@context\":\"https:\\\/\\\/schema.org\",\"@graph\":[{\"@type\":\"WebPage\",\"@id\":\"https:\\\/\\\/zern-verbund.de\\\/themenbereiche-2\\\/themenbereich-gruenland\\\/\",\"url\":\"https:\\\/\\\/zern-verbund.de\\\/themenbereiche-2\\\/themenbereich-gruenland\\\/\",\"name\":\"Themenbereich Gr\u00fcnland - ZERN\",\"isPartOf\":{\"@id\":\"https:\\\/\\\/zern-verbund.de\\\/#website\"},\"datePublished\":\"2024-04-18T12:30:30+00:00\",\"dateModified\":\"2025-02-19T16:36:23+00:00\",\"description\":\"Wie k\u00f6nnen wir die Ressource Gr\u00fcnland zuk\u00fcnftig am effektivsten nutzen? K\u00f6nnen technische Verfahren zur Erschlie\u00dfung von Gr\u00fcnlandeiwei\u00df beitragen?\",\"breadcrumb\":{\"@id\":\"https:\\\/\\\/zern-verbund.de\\\/themenbereiche-2\\\/themenbereich-gruenland\\\/#breadcrumb\"},\"inLanguage\":\"en-GB\",\"potentialAction\":[{\"@type\":\"ReadAction\",\"target\":[\"https:\\\/\\\/zern-verbund.de\\\/themenbereiche-2\\\/themenbereich-gruenland\\\/\"]}]},{\"@type\":\"BreadcrumbList\",\"@id\":\"https:\\\/\\\/zern-verbund.de\\\/themenbereiche-2\\\/themenbereich-gruenland\\\/#breadcrumb\",\"itemListElement\":[{\"@type\":\"ListItem\",\"position\":1,\"name\":\"Home\",\"item\":\"https:\\\/\\\/zern-verbund.de\\\/\"},{\"@type\":\"ListItem\",\"position\":2,\"name\":\"THEMENBEREICHE\",\"item\":\"https:\\\/\\\/zern-verbund.de\\\/themenbereiche-2\\\/\"},{\"@type\":\"ListItem\",\"position\":3,\"name\":\"Themenbereich Gr\u00fcnland\"}]},{\"@type\":\"WebSite\",\"@id\":\"https:\\\/\\\/zern-verbund.de\\\/#website\",\"url\":\"https:\\\/\\\/zern-verbund.de\\\/\",\"name\":\"ZERN\",\"description\":\"ZERN Verbund\",\"publisher\":{\"@id\":\"https:\\\/\\\/zern-verbund.de\\\/#organization\"},\"alternateName\":\"Zukunft Ern\u00e4hrung Niedersachsen\",\"potentialAction\":[{\"@type\":\"SearchAction\",\"target\":{\"@type\":\"EntryPoint\",\"urlTemplate\":\"https:\\\/\\\/zern-verbund.de\\\/?s={search_term_string}\"},\"query-input\":{\"@type\":\"PropertyValueSpecification\",\"valueRequired\":true,\"valueName\":\"search_term_string\"}}],\"inLanguage\":\"en-GB\"},{\"@type\":\"Organization\",\"@id\":\"https:\\\/\\\/zern-verbund.de\\\/#organization\",\"name\":\"ZERN\",\"alternateName\":\"Zukunft Ern\u00e4hrung Niedersachsen\",\"url\":\"https:\\\/\\\/zern-verbund.de\\\/\",\"logo\":{\"@type\":\"ImageObject\",\"inLanguage\":\"en-GB\",\"@id\":\"https:\\\/\\\/zern-verbund.de\\\/#\\\/schema\\\/logo\\\/image\\\/\",\"url\":\"https:\\\/\\\/zern-verbund.de\\\/wp-content\\\/uploads\\\/2024\\\/04\\\/zern_logo.png\",\"contentUrl\":\"https:\\\/\\\/zern-verbund.de\\\/wp-content\\\/uploads\\\/2024\\\/04\\\/zern_logo.png\",\"width\":167,\"height\":155,\"caption\":\"ZERN\"},\"image\":{\"@id\":\"https:\\\/\\\/zern-verbund.de\\\/#\\\/schema\\\/logo\\\/image\\\/\"},\"sameAs\":[\"https:\\\/\\\/x.com\\\/ZernZukunf34174\",\"https:\\\/\\\/www.linkedin.com\\\/in\\\/zern-zukunft-ernhrung-niedersachsen-5089292b8\\\/\",\"https:\\\/\\\/www.instagram.com\\\/zern.verbund\\\/\"]}]}<\/script>\n<!-- \/ Yoast SEO plugin. -->","yoast_head_json":{"title":"Themenbereich Gr\u00fcnland - ZERN","description":"Wie k\u00f6nnen wir die Ressource Gr\u00fcnland zuk\u00fcnftig am effektivsten nutzen? K\u00f6nnen technische Verfahren zur Erschlie\u00dfung von Gr\u00fcnlandeiwei\u00df beitragen?","robots":{"index":"index","follow":"follow","max-snippet":"max-snippet:-1","max-image-preview":"max-image-preview:large","max-video-preview":"max-video-preview:-1"},"canonical":"https:\/\/zern-verbund.de\/en\/themenbereiche-2\/themenbereich-gruenland\/","og_locale":"en_GB","og_type":"article","og_title":"Themenbereich Gr\u00fcnland - ZERN","og_description":"Wie k\u00f6nnen wir die Ressource Gr\u00fcnland zuk\u00fcnftig am effektivsten nutzen? K\u00f6nnen technische Verfahren zur Erschlie\u00dfung von Gr\u00fcnlandeiwei\u00df beitragen?","og_url":"https:\/\/zern-verbund.de\/en\/themenbereiche-2\/themenbereich-gruenland\/","og_site_name":"ZERN","article_modified_time":"2025-02-19T16:36:23+00:00","twitter_card":"summary_large_image","twitter_site":"@ZernZukunf34174","twitter_misc":{"Estimated reading time":"3 minutes"},"schema":{"@context":"https:\/\/schema.org","@graph":[{"@type":"WebPage","@id":"https:\/\/zern-verbund.de\/themenbereiche-2\/themenbereich-gruenland\/","url":"https:\/\/zern-verbund.de\/themenbereiche-2\/themenbereich-gruenland\/","name":"Themenbereich Gr\u00fcnland - ZERN","isPartOf":{"@id":"https:\/\/zern-verbund.de\/#website"},"datePublished":"2024-04-18T12:30:30+00:00","dateModified":"2025-02-19T16:36:23+00:00","description":"Wie k\u00f6nnen wir die Ressource Gr\u00fcnland zuk\u00fcnftig am effektivsten nutzen? K\u00f6nnen technische Verfahren zur Erschlie\u00dfung von Gr\u00fcnlandeiwei\u00df beitragen?","breadcrumb":{"@id":"https:\/\/zern-verbund.de\/themenbereiche-2\/themenbereich-gruenland\/#breadcrumb"},"inLanguage":"en-GB","potentialAction":[{"@type":"ReadAction","target":["https:\/\/zern-verbund.de\/themenbereiche-2\/themenbereich-gruenland\/"]}]},{"@type":"BreadcrumbList","@id":"https:\/\/zern-verbund.de\/themenbereiche-2\/themenbereich-gruenland\/#breadcrumb","itemListElement":[{"@type":"ListItem","position":1,"name":"Home","item":"https:\/\/zern-verbund.de\/"},{"@type":"ListItem","position":2,"name":"THEMENBEREICHE","item":"https:\/\/zern-verbund.de\/themenbereiche-2\/"},{"@type":"ListItem","position":3,"name":"Themenbereich Gr\u00fcnland"}]},{"@type":"WebSite","@id":"https:\/\/zern-verbund.de\/#website","url":"https:\/\/zern-verbund.de\/","name":"ZERN","description":"ZERN Verbund","publisher":{"@id":"https:\/\/zern-verbund.de\/#organization"},"alternateName":"Zukunft Ern\u00e4hrung Niedersachsen","potentialAction":[{"@type":"SearchAction","target":{"@type":"EntryPoint","urlTemplate":"https:\/\/zern-verbund.de\/?s={search_term_string}"},"query-input":{"@type":"PropertyValueSpecification","valueRequired":true,"valueName":"search_term_string"}}],"inLanguage":"en-GB"},{"@type":"Organization","@id":"https:\/\/zern-verbund.de\/#organization","name":"ZERN","alternateName":"Zukunft Ern\u00e4hrung Niedersachsen","url":"https:\/\/zern-verbund.de\/","logo":{"@type":"ImageObject","inLanguage":"en-GB","@id":"https:\/\/zern-verbund.de\/#\/schema\/logo\/image\/","url":"https:\/\/zern-verbund.de\/wp-content\/uploads\/2024\/04\/zern_logo.png","contentUrl":"https:\/\/zern-verbund.de\/wp-content\/uploads\/2024\/04\/zern_logo.png","width":167,"height":155,"caption":"ZERN"},"image":{"@id":"https:\/\/zern-verbund.de\/#\/schema\/logo\/image\/"},"sameAs":["https:\/\/x.com\/ZernZukunf34174","https:\/\/www.linkedin.com\/in\/zern-zukunft-ernhrung-niedersachsen-5089292b8\/","https:\/\/www.instagram.com\/zern.verbund\/"]}]}},"_links":{"self":[{"href":"https:\/\/zern-verbund.de\/en\/wp-json\/wp\/v2\/pages\/530","targetHints":{"allow":["GET"]}}],"collection":[{"href":"https:\/\/zern-verbund.de\/en\/wp-json\/wp\/v2\/pages"}],"about":[{"href":"https:\/\/zern-verbund.de\/en\/wp-json\/wp\/v2\/types\/page"}],"author":[{"embeddable":true,"href":"https:\/\/zern-verbund.de\/en\/wp-json\/wp\/v2\/users\/6"}],"replies":[{"embeddable":true,"href":"https:\/\/zern-verbund.de\/en\/wp-json\/wp\/v2\/comments?post=530"}],"version-history":[{"count":40,"href":"https:\/\/zern-verbund.de\/en\/wp-json\/wp\/v2\/pages\/530\/revisions"}],"predecessor-version":[{"id":2460,"href":"https:\/\/zern-verbund.de\/en\/wp-json\/wp\/v2\/pages\/530\/revisions\/2460"}],"up":[{"embeddable":true,"href":"https:\/\/zern-verbund.de\/en\/wp-json\/wp\/v2\/pages\/18"}],"wp:attachment":[{"href":"https:\/\/zern-verbund.de\/en\/wp-json\/wp\/v2\/media?parent=530"}],"curies":[{"name":"wp","href":"https:\/\/api.w.org\/{rel}","templated":true}]}}