{"id":822,"date":"2024-04-25T15:53:20","date_gmt":"2024-04-25T13:53:20","guid":{"rendered":"https:\/\/zern-verbund.de\/?page_id=822"},"modified":"2024-06-05T15:46:32","modified_gmt":"2024-06-05T13:46:32","slug":"https-zern-verbund-de-themenbereiche-2-themenbereich-gruenland-ip1","status":"publish","type":"page","link":"https:\/\/zern-verbund.de\/en\/themenbereiche-2\/themenbereich-gruenland\/https-zern-verbund-de-themenbereiche-2-themenbereich-gruenland-ip1\/","title":{"rendered":"NUTZUNG VON EIWEI\u00df AUS GR\u00dcNER BIOMASSE"},"content":{"rendered":"<div data-elementor-type=\"wp-page\" data-elementor-id=\"822\" class=\"elementor elementor-822\" data-elementor-post-type=\"page\">\n\t\t\t\t<div class=\"elementor-element elementor-element-fbc900b e-con-full e-flex e-con e-parent\" data-id=\"fbc900b\" data-element_type=\"container\" data-e-type=\"container\">\n\t\t<div class=\"elementor-element elementor-element-8ab5fb4 e-con-full e-flex e-con e-child\" data-id=\"8ab5fb4\" data-element_type=\"container\" data-e-type=\"container\" data-settings=\"{&quot;background_background&quot;:&quot;classic&quot;}\">\n\t\t\t\t<div class=\"elementor-element elementor-element-9bf2295 elementor-widget__width-initial elementor-widget-tablet__width-inherit elementor-widget elementor-widget-heading\" data-id=\"9bf2295\" data-element_type=\"widget\" data-e-type=\"widget\" data-widget_type=\"heading.default\">\n\t\t\t\t<div class=\"elementor-widget-container\">\n\t\t\t\t\t<h1 class=\"elementor-heading-title elementor-size-default\"><a href=\"https:\/\/zern-verbund.de\/en\/themenbereiche-2\/themenbereich-gruenland\/IP1\/\">Entwicklung eines Extraktions- und Funktionalisierungs-prozesses zur Nutzung von Eiwei\u00df aus gr\u00fcner Biomasse in der menschlichen Ern\u00e4hrung<\/a><\/h1>\t\t\t\t<\/div>\n\t\t\t\t<\/div>\n\t\t\t\t<\/div>\n\t\t<div class=\"elementor-element elementor-element-9aac0bd e-con-full e-flex e-con e-child\" data-id=\"9aac0bd\" data-element_type=\"container\" data-e-type=\"container\" data-settings=\"{&quot;background_background&quot;:&quot;classic&quot;}\">\n\t\t\t\t<\/div>\n\t\t\t\t<\/div>\n\t\t<div class=\"elementor-element elementor-element-c71492d e-flex e-con-boxed e-con e-parent\" data-id=\"c71492d\" data-element_type=\"container\" data-e-type=\"container\">\n\t\t\t\t\t<div class=\"e-con-inner\">\n\t\t\t\t<div class=\"elementor-element elementor-element-ba0809b elementor-align-left elementor-widget__width-initial elementor-widget elementor-widget-breadcrumbs\" data-id=\"ba0809b\" data-element_type=\"widget\" data-e-type=\"widget\" data-widget_type=\"breadcrumbs.default\">\n\t\t\t\t<div class=\"elementor-widget-container\">\n\t\t\t\t\t<p id=\"breadcrumbs\"><span><span><a href=\"https:\/\/zern-verbund.de\/en\/\">Home<\/a><\/span><\/span><\/p>\t\t\t\t<\/div>\n\t\t\t\t<\/div>\n\t\t\t\t\t<\/div>\n\t\t\t\t<\/div>\n\t\t<div class=\"elementor-element elementor-element-aa863d7 e-flex e-con-boxed e-con e-parent\" data-id=\"aa863d7\" data-element_type=\"container\" data-e-type=\"container\">\n\t\t\t\t\t<div class=\"e-con-inner\">\n\t\t\t\t<div class=\"elementor-element elementor-element-feb503a elementor-widget elementor-widget-text-editor\" data-id=\"feb503a\" data-element_type=\"widget\" data-e-type=\"widget\" data-widget_type=\"text-editor.default\">\n\t\t\t\t<div class=\"elementor-widget-container\">\n\t\t\t\t\t\t\t\t\t<p>By 2050, 10 billion people will need to be fed, which will require an additional 250 million tons of protein per year. <strong>This initial project aims to overcome the challenges of extracting protein from grassland plants, especially from ryegrass.<\/strong> It aims to lay the necessary foundations for the sustainable use of grass protein in human nutrition and for use in the food industry to provide structure. <strong>The project at the German Institute of Food Technology (DIL) is investigating fundamental scientific questions for a process to extract techno-functional proteins from grassland plants.<\/strong> Four interdisciplinary sub-projects at the DIL are working together to analyze all process steps from the laboratory to the pilot plant level.<\/p><p>Particular attention is being paid to protein yield and quality, economic efficiency, and a positive life cycle assessment. <strong>Food chemists, laboratory assistants, technologists, and technicians are coordinating the experiments and analyses<\/strong>in order to thoroughly investigate and optimize each step from extraction to the use of grass protein in functional foods.<\/p><p>Ein wesentlicher Aspekt des Projekts ist die <strong>umfassende Charakterisierung der gewonnenen Proteine hinsichtlich ihrer Zusammensetzung und technofunktionalen Eigenschaften<\/strong>. Diese Erkenntnisse sind essentiell f\u00fcr die Prozessoptimierung und flie\u00dfen in die \u00f6kologische Bewertung mittels Life Cycle Assessment (LCA) ein. Herausforderungen wie die Vermeidung von Proteinverlusten durch Aggregation und Oxidation, die Einstellung des pH-Wertes und wesentliche Schritte wie eine Temperaturbehandlung zur Proteinf\u00e4llung sind bereits identifiziert und werden durch systematische Optimierungen adressiert.<\/p><p>Das Projekt untersucht zudem die <strong>Eignung der direkt gewonnenen Proteine als Ersatz oder Erg\u00e4nzung zu traditionellen Milch- und Fleischproteinen<\/strong>, wobei ein besonderes Augenmerk auf die erforderlichen technologischen Anpassungen f\u00fcr die Lebensmittelproduktion gelegt wird.<\/p><p>Die <strong>Sicherheit der Gr\u00fcnlandproteine<\/strong> wird ebenfalls bewertet. Eine <strong>ern\u00e4hrungsphysiologische Charakterisierung<\/strong> sowie Untersuchungen zum m\u00f6glichen allergenen Potenzial werden durchgef\u00fchrt. Auch das Vorkommen von toxischen Pyrrolizidin-Alkaloiden (PA), die in einigen Gr\u00fcnlandpflanzen wie dem Kreuzkraut auftreten, wird untersucht. Methoden zur Reduktion dieser Alkaloide und anderer antinutritiver Substanzen sowie agrartechnische Verfahren zur Abtrennung PA-haltiger Pflanzen w\u00e4hrend der Ernte oder Verarbeitung sind Teil der Forschung, um nachhaltige und sichere Proteinquellen f\u00fcr den Lebensmittelsektor zu entwickeln, die den <strong>Anforderungen einer Novel Food-Zulassung<\/strong> entsprechen.<\/p><p><strong>Projektleitung:<\/strong> Dr. Andreas Juadjur (DIL) a.juadjur@dil-ev.de <\/p>\t\t\t\t\t\t\t\t<\/div>\n\t\t\t\t<\/div>\n\t\t\t\t<div class=\"elementor-element elementor-element-99f2000 elementor-widget__width-initial elementor-widget elementor-widget-heading\" data-id=\"99f2000\" data-element_type=\"widget\" data-e-type=\"widget\" data-widget_type=\"heading.default\">\n\t\t\t\t<div class=\"elementor-widget-container\">\n\t\t\t\t\t<h2 class=\"elementor-heading-title elementor-size-default\">Planned work packages<\/h2>\t\t\t\t<\/div>\n\t\t\t\t<\/div>\n\t\t\t\t\t<\/div>\n\t\t\t\t<\/div>\n\t\t<div class=\"elementor-element elementor-element-b051272 e-grid e-con-boxed e-con e-parent\" data-id=\"b051272\" data-element_type=\"container\" data-e-type=\"container\">\n\t\t\t\t\t<div class=\"e-con-inner\">\n\t\t\t\t<div class=\"elementor-element elementor-element-a5703db elementor-widget elementor-widget-text-editor\" data-id=\"a5703db\" data-element_type=\"widget\" data-e-type=\"widget\" data-widget_type=\"text-editor.default\">\n\t\t\t\t<div class=\"elementor-widget-container\">\n\t\t\t\t\t\t\t\t\t<ul><li>Ernte\/ Nachernte<\/li><li>Eiwei\u00dfgewinnung<\/li><li>Eiwei\u00dfcharakterisierung<\/li><li>Ern\u00e4hrungswissenschaftliche Charakterisierung<\/li><li>\u00d6kologische Analyse (LCA)<\/li><li>Strukturanalyse<\/li><li>Verbraucherakzeptanz<\/li><li>\u00d6konomische Analyse<\/li><\/ul>\t\t\t\t\t\t\t\t<\/div>\n\t\t\t\t<\/div>\n\t\t\t\t\t<\/div>\n\t\t\t\t<\/div>\n\t\t<div class=\"elementor-element elementor-element-be5b97c e-grid e-con-boxed e-con e-parent\" data-id=\"be5b97c\" data-element_type=\"container\" data-e-type=\"container\">\n\t\t\t\t\t<div class=\"e-con-inner\">\n\t\t\t\t\t<\/div>\n\t\t\t\t<\/div>\n\t\t\t\t<\/div>","protected":false},"excerpt":{"rendered":"<p>Entwicklung eines Extraktions- und Funktionalisierungs-prozesses zur Nutzung von Eiwei\u00df aus gr\u00fcner Biomasse in der menschlichen Ern\u00e4hrung Bis zum Jahr 2050 m\u00fcssen 10 Milliarden Menschen ern\u00e4hrt werden, was einen zus\u00e4tzlichen Bedarf von 250 Millionen Tonnen Protein pro Jahr mit sich bringt. Das Projekt \u201eGr\u00fcnland\u201c zielt darauf ab, die Herausforderungen der Proteingewinnung aus Gr\u00fcnlandpflanzen, insbesondere aus Weidelgras, [&hellip;]<\/p>\n","protected":false},"author":6,"featured_media":0,"parent":530,"menu_order":0,"comment_status":"closed","ping_status":"closed","template":"elementor_header_footer","meta":{"footnotes":""},"class_list":["post-822","page","type-page","status-publish","hentry"],"yoast_head":"<!-- This site is optimized with the Yoast SEO plugin v27.5 - https:\/\/yoast.com\/product\/yoast-seo-wordpress\/ -->\n<title>NUTZUNG VON EIWEI\u00df AUS GR\u00dcNER BIOMASSE - ZERN<\/title>\n<meta name=\"description\" content=\"Entwicklung eines Extraktions- und Funktionalisierungsprozesses zur Nutzung von Eiwei\u00df aus gr\u00fcner Biomasse in der menschlichen Ern\u00e4hrung.\" \/>\n<meta name=\"robots\" content=\"index, follow, max-snippet:-1, max-image-preview:large, max-video-preview:-1\" \/>\n<link rel=\"canonical\" href=\"https:\/\/zern-verbund.de\/en\/themenbereiche-2\/themenbereich-gruenland\/https-zern-verbund-de-themenbereiche-2-themenbereich-gruenland-ip1\/\" \/>\n<meta property=\"og:locale\" content=\"en_GB\" \/>\n<meta property=\"og:type\" content=\"article\" \/>\n<meta property=\"og:title\" content=\"NUTZUNG VON EIWEI\u00df AUS GR\u00dcNER BIOMASSE - ZERN\" \/>\n<meta property=\"og:description\" content=\"Entwicklung eines Extraktions- und Funktionalisierungsprozesses zur Nutzung von Eiwei\u00df aus gr\u00fcner Biomasse in der menschlichen Ern\u00e4hrung.\" \/>\n<meta property=\"og:url\" content=\"https:\/\/zern-verbund.de\/en\/themenbereiche-2\/themenbereich-gruenland\/https-zern-verbund-de-themenbereiche-2-themenbereich-gruenland-ip1\/\" \/>\n<meta property=\"og:site_name\" content=\"ZERN\" \/>\n<meta property=\"article:modified_time\" content=\"2024-06-05T13:46:32+00:00\" \/>\n<meta name=\"twitter:card\" content=\"summary_large_image\" \/>\n<meta name=\"twitter:site\" content=\"@ZernZukunf34174\" \/>\n<meta name=\"twitter:label1\" content=\"Estimated reading time\" \/>\n\t<meta name=\"twitter:data1\" content=\"3 minutes\" \/>\n<script type=\"application\/ld+json\" class=\"yoast-schema-graph\">{\"@context\":\"https:\\\/\\\/schema.org\",\"@graph\":[{\"@type\":\"WebPage\",\"@id\":\"https:\\\/\\\/zern-verbund.de\\\/themenbereiche-2\\\/themenbereich-gruenland\\\/https-zern-verbund-de-themenbereiche-2-themenbereich-gruenland-ip1\\\/\",\"url\":\"https:\\\/\\\/zern-verbund.de\\\/themenbereiche-2\\\/themenbereich-gruenland\\\/https-zern-verbund-de-themenbereiche-2-themenbereich-gruenland-ip1\\\/\",\"name\":\"NUTZUNG VON EIWEI\u00df AUS GR\u00dcNER BIOMASSE - ZERN\",\"isPartOf\":{\"@id\":\"https:\\\/\\\/zern-verbund.de\\\/#website\"},\"datePublished\":\"2024-04-25T13:53:20+00:00\",\"dateModified\":\"2024-06-05T13:46:32+00:00\",\"description\":\"Entwicklung eines Extraktions- und Funktionalisierungsprozesses zur Nutzung von Eiwei\u00df aus gr\u00fcner Biomasse in der menschlichen Ern\u00e4hrung.\",\"breadcrumb\":{\"@id\":\"https:\\\/\\\/zern-verbund.de\\\/themenbereiche-2\\\/themenbereich-gruenland\\\/https-zern-verbund-de-themenbereiche-2-themenbereich-gruenland-ip1\\\/#breadcrumb\"},\"inLanguage\":\"en-GB\",\"potentialAction\":[{\"@type\":\"ReadAction\",\"target\":[\"https:\\\/\\\/zern-verbund.de\\\/themenbereiche-2\\\/themenbereich-gruenland\\\/https-zern-verbund-de-themenbereiche-2-themenbereich-gruenland-ip1\\\/\"]}]},{\"@type\":\"BreadcrumbList\",\"@id\":\"https:\\\/\\\/zern-verbund.de\\\/themenbereiche-2\\\/themenbereich-gruenland\\\/https-zern-verbund-de-themenbereiche-2-themenbereich-gruenland-ip1\\\/#breadcrumb\",\"itemListElement\":[{\"@type\":\"ListItem\",\"position\":1,\"name\":\"Home\",\"item\":\"https:\\\/\\\/zern-verbund.de\\\/\"},{\"@type\":\"ListItem\",\"position\":2,\"name\":\"THEMENBEREICHE\",\"item\":\"https:\\\/\\\/zern-verbund.de\\\/themenbereiche-2\\\/\"},{\"@type\":\"ListItem\",\"position\":3,\"name\":\"Themenbereich Gr\u00fcnland\",\"item\":\"https:\\\/\\\/zern-verbund.de\\\/themenbereiche-2\\\/themenbereich-gruenland\\\/\"},{\"@type\":\"ListItem\",\"position\":4,\"name\":\"NUTZUNG VON EIWEI\u00df AUS GR\u00dcNER BIOMASSE\"}]},{\"@type\":\"WebSite\",\"@id\":\"https:\\\/\\\/zern-verbund.de\\\/#website\",\"url\":\"https:\\\/\\\/zern-verbund.de\\\/\",\"name\":\"ZERN\",\"description\":\"ZERN Verbund\",\"publisher\":{\"@id\":\"https:\\\/\\\/zern-verbund.de\\\/#organization\"},\"alternateName\":\"Zukunft Ern\u00e4hrung Niedersachsen\",\"potentialAction\":[{\"@type\":\"SearchAction\",\"target\":{\"@type\":\"EntryPoint\",\"urlTemplate\":\"https:\\\/\\\/zern-verbund.de\\\/?s={search_term_string}\"},\"query-input\":{\"@type\":\"PropertyValueSpecification\",\"valueRequired\":true,\"valueName\":\"search_term_string\"}}],\"inLanguage\":\"en-GB\"},{\"@type\":\"Organization\",\"@id\":\"https:\\\/\\\/zern-verbund.de\\\/#organization\",\"name\":\"ZERN\",\"alternateName\":\"Zukunft Ern\u00e4hrung Niedersachsen\",\"url\":\"https:\\\/\\\/zern-verbund.de\\\/\",\"logo\":{\"@type\":\"ImageObject\",\"inLanguage\":\"en-GB\",\"@id\":\"https:\\\/\\\/zern-verbund.de\\\/#\\\/schema\\\/logo\\\/image\\\/\",\"url\":\"https:\\\/\\\/zern-verbund.de\\\/wp-content\\\/uploads\\\/2024\\\/04\\\/zern_logo.png\",\"contentUrl\":\"https:\\\/\\\/zern-verbund.de\\\/wp-content\\\/uploads\\\/2024\\\/04\\\/zern_logo.png\",\"width\":167,\"height\":155,\"caption\":\"ZERN\"},\"image\":{\"@id\":\"https:\\\/\\\/zern-verbund.de\\\/#\\\/schema\\\/logo\\\/image\\\/\"},\"sameAs\":[\"https:\\\/\\\/x.com\\\/ZernZukunf34174\",\"https:\\\/\\\/www.linkedin.com\\\/in\\\/zern-zukunft-ernhrung-niedersachsen-5089292b8\\\/\",\"https:\\\/\\\/www.instagram.com\\\/zern.verbund\\\/\"]}]}<\/script>\n<!-- \/ Yoast SEO plugin. -->","yoast_head_json":{"title":"NUTZUNG VON EIWEI\u00df AUS GR\u00dcNER BIOMASSE - ZERN","description":"Entwicklung eines Extraktions- und Funktionalisierungsprozesses zur Nutzung von Eiwei\u00df aus gr\u00fcner Biomasse in der menschlichen Ern\u00e4hrung.","robots":{"index":"index","follow":"follow","max-snippet":"max-snippet:-1","max-image-preview":"max-image-preview:large","max-video-preview":"max-video-preview:-1"},"canonical":"https:\/\/zern-verbund.de\/en\/themenbereiche-2\/themenbereich-gruenland\/https-zern-verbund-de-themenbereiche-2-themenbereich-gruenland-ip1\/","og_locale":"en_GB","og_type":"article","og_title":"NUTZUNG VON EIWEI\u00df AUS GR\u00dcNER BIOMASSE - ZERN","og_description":"Entwicklung eines Extraktions- und Funktionalisierungsprozesses zur Nutzung von Eiwei\u00df aus gr\u00fcner Biomasse in der menschlichen Ern\u00e4hrung.","og_url":"https:\/\/zern-verbund.de\/en\/themenbereiche-2\/themenbereich-gruenland\/https-zern-verbund-de-themenbereiche-2-themenbereich-gruenland-ip1\/","og_site_name":"ZERN","article_modified_time":"2024-06-05T13:46:32+00:00","twitter_card":"summary_large_image","twitter_site":"@ZernZukunf34174","twitter_misc":{"Estimated reading time":"3 minutes"},"schema":{"@context":"https:\/\/schema.org","@graph":[{"@type":"WebPage","@id":"https:\/\/zern-verbund.de\/themenbereiche-2\/themenbereich-gruenland\/https-zern-verbund-de-themenbereiche-2-themenbereich-gruenland-ip1\/","url":"https:\/\/zern-verbund.de\/themenbereiche-2\/themenbereich-gruenland\/https-zern-verbund-de-themenbereiche-2-themenbereich-gruenland-ip1\/","name":"NUTZUNG VON EIWEI\u00df AUS GR\u00dcNER BIOMASSE - ZERN","isPartOf":{"@id":"https:\/\/zern-verbund.de\/#website"},"datePublished":"2024-04-25T13:53:20+00:00","dateModified":"2024-06-05T13:46:32+00:00","description":"Entwicklung eines Extraktions- und Funktionalisierungsprozesses zur Nutzung von Eiwei\u00df aus gr\u00fcner Biomasse in der menschlichen Ern\u00e4hrung.","breadcrumb":{"@id":"https:\/\/zern-verbund.de\/themenbereiche-2\/themenbereich-gruenland\/https-zern-verbund-de-themenbereiche-2-themenbereich-gruenland-ip1\/#breadcrumb"},"inLanguage":"en-GB","potentialAction":[{"@type":"ReadAction","target":["https:\/\/zern-verbund.de\/themenbereiche-2\/themenbereich-gruenland\/https-zern-verbund-de-themenbereiche-2-themenbereich-gruenland-ip1\/"]}]},{"@type":"BreadcrumbList","@id":"https:\/\/zern-verbund.de\/themenbereiche-2\/themenbereich-gruenland\/https-zern-verbund-de-themenbereiche-2-themenbereich-gruenland-ip1\/#breadcrumb","itemListElement":[{"@type":"ListItem","position":1,"name":"Home","item":"https:\/\/zern-verbund.de\/"},{"@type":"ListItem","position":2,"name":"THEMENBEREICHE","item":"https:\/\/zern-verbund.de\/themenbereiche-2\/"},{"@type":"ListItem","position":3,"name":"Themenbereich Gr\u00fcnland","item":"https:\/\/zern-verbund.de\/themenbereiche-2\/themenbereich-gruenland\/"},{"@type":"ListItem","position":4,"name":"NUTZUNG VON EIWEI\u00df AUS GR\u00dcNER BIOMASSE"}]},{"@type":"WebSite","@id":"https:\/\/zern-verbund.de\/#website","url":"https:\/\/zern-verbund.de\/","name":"ZERN","description":"ZERN Verbund","publisher":{"@id":"https:\/\/zern-verbund.de\/#organization"},"alternateName":"Zukunft Ern\u00e4hrung Niedersachsen","potentialAction":[{"@type":"SearchAction","target":{"@type":"EntryPoint","urlTemplate":"https:\/\/zern-verbund.de\/?s={search_term_string}"},"query-input":{"@type":"PropertyValueSpecification","valueRequired":true,"valueName":"search_term_string"}}],"inLanguage":"en-GB"},{"@type":"Organization","@id":"https:\/\/zern-verbund.de\/#organization","name":"ZERN","alternateName":"Zukunft Ern\u00e4hrung Niedersachsen","url":"https:\/\/zern-verbund.de\/","logo":{"@type":"ImageObject","inLanguage":"en-GB","@id":"https:\/\/zern-verbund.de\/#\/schema\/logo\/image\/","url":"https:\/\/zern-verbund.de\/wp-content\/uploads\/2024\/04\/zern_logo.png","contentUrl":"https:\/\/zern-verbund.de\/wp-content\/uploads\/2024\/04\/zern_logo.png","width":167,"height":155,"caption":"ZERN"},"image":{"@id":"https:\/\/zern-verbund.de\/#\/schema\/logo\/image\/"},"sameAs":["https:\/\/x.com\/ZernZukunf34174","https:\/\/www.linkedin.com\/in\/zern-zukunft-ernhrung-niedersachsen-5089292b8\/","https:\/\/www.instagram.com\/zern.verbund\/"]}]}},"_links":{"self":[{"href":"https:\/\/zern-verbund.de\/en\/wp-json\/wp\/v2\/pages\/822","targetHints":{"allow":["GET"]}}],"collection":[{"href":"https:\/\/zern-verbund.de\/en\/wp-json\/wp\/v2\/pages"}],"about":[{"href":"https:\/\/zern-verbund.de\/en\/wp-json\/wp\/v2\/types\/page"}],"author":[{"embeddable":true,"href":"https:\/\/zern-verbund.de\/en\/wp-json\/wp\/v2\/users\/6"}],"replies":[{"embeddable":true,"href":"https:\/\/zern-verbund.de\/en\/wp-json\/wp\/v2\/comments?post=822"}],"version-history":[{"count":39,"href":"https:\/\/zern-verbund.de\/en\/wp-json\/wp\/v2\/pages\/822\/revisions"}],"predecessor-version":[{"id":1438,"href":"https:\/\/zern-verbund.de\/en\/wp-json\/wp\/v2\/pages\/822\/revisions\/1438"}],"up":[{"embeddable":true,"href":"https:\/\/zern-verbund.de\/en\/wp-json\/wp\/v2\/pages\/530"}],"wp:attachment":[{"href":"https:\/\/zern-verbund.de\/en\/wp-json\/wp\/v2\/media?parent=822"}],"curies":[{"name":"wp","href":"https:\/\/api.w.org\/{rel}","templated":true}]}}