{"id":928,"date":"2024-04-26T10:03:49","date_gmt":"2024-04-26T08:03:49","guid":{"rendered":"https:\/\/zern-verbund.de\/?page_id=928"},"modified":"2024-09-10T10:07:21","modified_gmt":"2024-09-10T08:07:21","slug":"zukunftsorientierte-mastschweinehaltung","status":"publish","type":"page","link":"https:\/\/zern-verbund.de\/en\/themenbereiche-2\/themenbereich-nutztierhaltung\/zukunftsorientierte-mastschweinehaltung\/","title":{"rendered":"ZUKUNFTSORIENTIERTE MASTSCHWEINEHALTUNG"},"content":{"rendered":"<div data-elementor-type=\"wp-page\" data-elementor-id=\"928\" class=\"elementor elementor-928\" data-elementor-post-type=\"page\">\n\t\t\t\t<div class=\"elementor-element elementor-element-fbc900b e-con-full e-flex e-con e-parent\" data-id=\"fbc900b\" data-element_type=\"container\" data-e-type=\"container\">\n\t\t<div class=\"elementor-element elementor-element-8ab5fb4 e-con-full e-flex e-con e-child\" data-id=\"8ab5fb4\" data-element_type=\"container\" data-e-type=\"container\" data-settings=\"{&quot;background_background&quot;:&quot;classic&quot;}\">\n\t\t\t\t<div class=\"elementor-element elementor-element-9bf2295 elementor-widget__width-initial elementor-widget-tablet__width-inherit elementor-widget elementor-widget-heading\" data-id=\"9bf2295\" data-element_type=\"widget\" data-e-type=\"widget\" data-widget_type=\"heading.default\">\n\t\t\t\t<div class=\"elementor-widget-container\">\n\t\t\t\t\t<h1 class=\"elementor-heading-title elementor-size-default\">ZUKUNFTSORIENTIERTE MASTSCHWEINEHALTUNG<\/h1>\t\t\t\t<\/div>\n\t\t\t\t<\/div>\n\t\t\t\t<\/div>\n\t\t<div class=\"elementor-element elementor-element-9aac0bd e-con-full e-flex e-con e-child\" data-id=\"9aac0bd\" data-element_type=\"container\" data-e-type=\"container\" data-settings=\"{&quot;background_background&quot;:&quot;classic&quot;}\">\n\t\t\t\t<\/div>\n\t\t\t\t<\/div>\n\t\t<div class=\"elementor-element elementor-element-c71492d e-flex e-con-boxed e-con e-parent\" data-id=\"c71492d\" data-element_type=\"container\" data-e-type=\"container\">\n\t\t\t\t\t<div class=\"e-con-inner\">\n\t\t\t\t<div class=\"elementor-element elementor-element-ba0809b elementor-align-left elementor-widget__width-initial elementor-widget elementor-widget-breadcrumbs\" data-id=\"ba0809b\" data-element_type=\"widget\" data-e-type=\"widget\" data-widget_type=\"breadcrumbs.default\">\n\t\t\t\t<div class=\"elementor-widget-container\">\n\t\t\t\t\t<p id=\"breadcrumbs\"><span><span><a href=\"https:\/\/zern-verbund.de\/en\/\">Home<\/a><\/span><\/span><\/p>\t\t\t\t<\/div>\n\t\t\t\t<\/div>\n\t\t\t\t\t<\/div>\n\t\t\t\t<\/div>\n\t\t<div class=\"elementor-element elementor-element-aa863d7 e-flex e-con-boxed e-con e-parent\" data-id=\"aa863d7\" data-element_type=\"container\" data-e-type=\"container\">\n\t\t\t\t\t<div class=\"e-con-inner\">\n\t\t\t\t<div class=\"elementor-element elementor-element-feb503a elementor-widget elementor-widget-text-editor\" data-id=\"feb503a\" data-element_type=\"widget\" data-e-type=\"widget\" data-widget_type=\"text-editor.default\">\n\t\t\t\t<div class=\"elementor-widget-container\">\n\t\t\t\t\t\t\t\t\t<p class=\"translation-block\">The aim of the ZERN initial project \"Future-orientated fattening pig husbandry\" is the scientific examination of <strong>forward-looking and socially accepted husbandry systems for fattening pigs with bedding and free-range housing<\/strong>. In this project, these housing systems are analysed and evaluated holistically. Issues from the fields of animal welfare and animal health, animal ethics, animal nutrition, meat and product quality, as well as economics are addressed. Particular attention is paid to <strong>conflicts of interest arising<\/strong> in these husbandry systems, especially with regard to animal health, biosecurity, emissions, nutrient efficiency and economic efficiency.<\/p><p class=\"translation-block\">Project management: Dr. Thies Jesper Nicolaisen (TiHo) Thies.Jesper.Nicolaisen@tiho-hannover.de<\/p>\t\t\t\t\t\t\t\t<\/div>\n\t\t\t\t<\/div>\n\t\t\t\t\t<\/div>\n\t\t\t\t<\/div>\n\t\t<div class=\"elementor-element elementor-element-de05cfb e-flex e-con-boxed e-con e-parent\" data-id=\"de05cfb\" data-element_type=\"container\" data-e-type=\"container\">\n\t\t\t\t\t<div class=\"e-con-inner\">\n\t\t\t\t<div class=\"elementor-element elementor-element-94bf3dd elementor-widget__width-initial elementor-widget elementor-widget-heading\" data-id=\"94bf3dd\" data-element_type=\"widget\" data-e-type=\"widget\" data-widget_type=\"heading.default\">\n\t\t\t\t<div class=\"elementor-widget-container\">\n\t\t\t\t\t<h2 class=\"elementor-heading-title elementor-size-default\">Planned work packages<\/h2>\t\t\t\t<\/div>\n\t\t\t\t<\/div>\n\t\t\t\t\t<\/div>\n\t\t\t\t<\/div>\n\t\t<div class=\"elementor-element elementor-element-f6be1de e-flex e-con-boxed e-con e-parent\" data-id=\"f6be1de\" data-element_type=\"container\" data-e-type=\"container\">\n\t\t\t\t\t<div class=\"e-con-inner\">\n\t\t\t\t<div class=\"elementor-element elementor-element-9759134 elementor-widget elementor-widget-text-editor\" data-id=\"9759134\" data-element_type=\"widget\" data-e-type=\"widget\" data-widget_type=\"text-editor.default\">\n\t\t\t\t<div class=\"elementor-widget-container\">\n\t\t\t\t\t\t\t\t\t<ul><li>Animal hygiene, animal health, animal welfare<\/li><li>Ethics in animal husbandry<\/li><li>Animal nutrition<\/li><li>Meat quality<\/li><li>Product quality, sensor technology<\/li><li>Economy<\/li><li>Natural product chemistry<\/li><\/ul>\t\t\t\t\t\t\t\t<\/div>\n\t\t\t\t<\/div>\n\t\t\t\t\t<\/div>\n\t\t\t\t<\/div>\n\t\t\t\t<\/div>","protected":false},"excerpt":{"rendered":"<p>ZUKUNFTSORIENTIERTE MASTSCHWEINEHALTUNG Ziel des ZERN Initialprojektes \u201eZukunftorientierte Mastschweinehaltung\u201c ist die wissenschaftliche Auseinandersetzung mit zukunftsweisenden und gesellschaftlich akzeptierten Haltungssystemen f\u00fcr Mastschweine mit Einstreu und Auslaufhaltung. In diesem Projekt werden diese Haltungssysteme ganzheitlich betrachtet und bewertet. Es werden Fragestellungen aus den Themenfeldern Tierwohl und Tiergesundheit, Tierethik, Tierern\u00e4hrung, Fleisch- und Produktqualit\u00e4t, sowie \u00d6konomie bearbeitet. Ein besonderes Augenmerk wird [&hellip;]<\/p>\n","protected":false},"author":6,"featured_media":0,"parent":186,"menu_order":0,"comment_status":"closed","ping_status":"closed","template":"elementor_header_footer","meta":{"footnotes":""},"class_list":["post-928","page","type-page","status-publish","hentry"],"yoast_head":"<!-- This site is optimized with the Yoast SEO plugin v27.5 - https:\/\/yoast.com\/product\/yoast-seo-wordpress\/ -->\n<title>ZUKUNFTSORIENTIERTE MASTSCHWEINEHALTUNG - ZERN<\/title>\n<meta name=\"description\" content=\"Ziel ist die wissenschaftliche Auseinandersetzung mit zukunftsweisenden Haltungssystemen f\u00fcr Mastschweine mit Einstreu und Auslaufhaltung.\" \/>\n<meta name=\"robots\" content=\"index, follow, max-snippet:-1, max-image-preview:large, max-video-preview:-1\" \/>\n<link rel=\"canonical\" href=\"https:\/\/zern-verbund.de\/en\/themenbereiche-2\/themenbereich-nutztierhaltung\/zukunftsorientierte-mastschweinehaltung\/\" \/>\n<meta property=\"og:locale\" content=\"en_GB\" \/>\n<meta property=\"og:type\" content=\"article\" \/>\n<meta property=\"og:title\" content=\"ZUKUNFTSORIENTIERTE MASTSCHWEINEHALTUNG - ZERN\" \/>\n<meta property=\"og:description\" content=\"Ziel ist die wissenschaftliche Auseinandersetzung mit zukunftsweisenden Haltungssystemen f\u00fcr Mastschweine mit Einstreu und Auslaufhaltung.\" \/>\n<meta property=\"og:url\" content=\"https:\/\/zern-verbund.de\/en\/themenbereiche-2\/themenbereich-nutztierhaltung\/zukunftsorientierte-mastschweinehaltung\/\" \/>\n<meta property=\"og:site_name\" content=\"ZERN\" \/>\n<meta property=\"article:modified_time\" content=\"2024-09-10T08:07:21+00:00\" \/>\n<meta name=\"twitter:card\" content=\"summary_large_image\" \/>\n<meta name=\"twitter:site\" content=\"@ZernZukunf34174\" \/>\n<meta name=\"twitter:label1\" content=\"Estimated reading time\" \/>\n\t<meta name=\"twitter:data1\" content=\"1 minute\" \/>\n<script type=\"application\/ld+json\" class=\"yoast-schema-graph\">{\"@context\":\"https:\\\/\\\/schema.org\",\"@graph\":[{\"@type\":\"WebPage\",\"@id\":\"https:\\\/\\\/zern-verbund.de\\\/themenbereiche-2\\\/themenbereich-nutztierhaltung\\\/zukunftsorientierte-mastschweinehaltung\\\/\",\"url\":\"https:\\\/\\\/zern-verbund.de\\\/themenbereiche-2\\\/themenbereich-nutztierhaltung\\\/zukunftsorientierte-mastschweinehaltung\\\/\",\"name\":\"ZUKUNFTSORIENTIERTE MASTSCHWEINEHALTUNG - ZERN\",\"isPartOf\":{\"@id\":\"https:\\\/\\\/zern-verbund.de\\\/#website\"},\"datePublished\":\"2024-04-26T08:03:49+00:00\",\"dateModified\":\"2024-09-10T08:07:21+00:00\",\"description\":\"Ziel ist die wissenschaftliche Auseinandersetzung mit zukunftsweisenden Haltungssystemen f\u00fcr Mastschweine mit Einstreu und Auslaufhaltung.\",\"breadcrumb\":{\"@id\":\"https:\\\/\\\/zern-verbund.de\\\/themenbereiche-2\\\/themenbereich-nutztierhaltung\\\/zukunftsorientierte-mastschweinehaltung\\\/#breadcrumb\"},\"inLanguage\":\"en-GB\",\"potentialAction\":[{\"@type\":\"ReadAction\",\"target\":[\"https:\\\/\\\/zern-verbund.de\\\/themenbereiche-2\\\/themenbereich-nutztierhaltung\\\/zukunftsorientierte-mastschweinehaltung\\\/\"]}]},{\"@type\":\"BreadcrumbList\",\"@id\":\"https:\\\/\\\/zern-verbund.de\\\/themenbereiche-2\\\/themenbereich-nutztierhaltung\\\/zukunftsorientierte-mastschweinehaltung\\\/#breadcrumb\",\"itemListElement\":[{\"@type\":\"ListItem\",\"position\":1,\"name\":\"Home\",\"item\":\"https:\\\/\\\/zern-verbund.de\\\/\"},{\"@type\":\"ListItem\",\"position\":2,\"name\":\"THEMENBEREICHE\",\"item\":\"https:\\\/\\\/zern-verbund.de\\\/themenbereiche-2\\\/\"},{\"@type\":\"ListItem\",\"position\":3,\"name\":\"Themenbereich Nutztierhaltung\",\"item\":\"https:\\\/\\\/zern-verbund.de\\\/themenbereiche-2\\\/themenbereich-nutztierhaltung\\\/\"},{\"@type\":\"ListItem\",\"position\":4,\"name\":\"ZUKUNFTSORIENTIERTE MASTSCHWEINEHALTUNG\"}]},{\"@type\":\"WebSite\",\"@id\":\"https:\\\/\\\/zern-verbund.de\\\/#website\",\"url\":\"https:\\\/\\\/zern-verbund.de\\\/\",\"name\":\"ZERN\",\"description\":\"ZERN Verbund\",\"publisher\":{\"@id\":\"https:\\\/\\\/zern-verbund.de\\\/#organization\"},\"alternateName\":\"Zukunft Ern\u00e4hrung Niedersachsen\",\"potentialAction\":[{\"@type\":\"SearchAction\",\"target\":{\"@type\":\"EntryPoint\",\"urlTemplate\":\"https:\\\/\\\/zern-verbund.de\\\/?s={search_term_string}\"},\"query-input\":{\"@type\":\"PropertyValueSpecification\",\"valueRequired\":true,\"valueName\":\"search_term_string\"}}],\"inLanguage\":\"en-GB\"},{\"@type\":\"Organization\",\"@id\":\"https:\\\/\\\/zern-verbund.de\\\/#organization\",\"name\":\"ZERN\",\"alternateName\":\"Zukunft Ern\u00e4hrung Niedersachsen\",\"url\":\"https:\\\/\\\/zern-verbund.de\\\/\",\"logo\":{\"@type\":\"ImageObject\",\"inLanguage\":\"en-GB\",\"@id\":\"https:\\\/\\\/zern-verbund.de\\\/#\\\/schema\\\/logo\\\/image\\\/\",\"url\":\"https:\\\/\\\/zern-verbund.de\\\/wp-content\\\/uploads\\\/2024\\\/04\\\/zern_logo.png\",\"contentUrl\":\"https:\\\/\\\/zern-verbund.de\\\/wp-content\\\/uploads\\\/2024\\\/04\\\/zern_logo.png\",\"width\":167,\"height\":155,\"caption\":\"ZERN\"},\"image\":{\"@id\":\"https:\\\/\\\/zern-verbund.de\\\/#\\\/schema\\\/logo\\\/image\\\/\"},\"sameAs\":[\"https:\\\/\\\/x.com\\\/ZernZukunf34174\",\"https:\\\/\\\/www.linkedin.com\\\/in\\\/zern-zukunft-ernhrung-niedersachsen-5089292b8\\\/\",\"https:\\\/\\\/www.instagram.com\\\/zern.verbund\\\/\"]}]}<\/script>\n<!-- \/ Yoast SEO plugin. -->","yoast_head_json":{"title":"ZUKUNFTSORIENTIERTE MASTSCHWEINEHALTUNG - ZERN","description":"Ziel ist die wissenschaftliche Auseinandersetzung mit zukunftsweisenden Haltungssystemen f\u00fcr Mastschweine mit Einstreu und Auslaufhaltung.","robots":{"index":"index","follow":"follow","max-snippet":"max-snippet:-1","max-image-preview":"max-image-preview:large","max-video-preview":"max-video-preview:-1"},"canonical":"https:\/\/zern-verbund.de\/en\/themenbereiche-2\/themenbereich-nutztierhaltung\/zukunftsorientierte-mastschweinehaltung\/","og_locale":"en_GB","og_type":"article","og_title":"ZUKUNFTSORIENTIERTE MASTSCHWEINEHALTUNG - ZERN","og_description":"Ziel ist die wissenschaftliche Auseinandersetzung mit zukunftsweisenden Haltungssystemen f\u00fcr Mastschweine mit Einstreu und Auslaufhaltung.","og_url":"https:\/\/zern-verbund.de\/en\/themenbereiche-2\/themenbereich-nutztierhaltung\/zukunftsorientierte-mastschweinehaltung\/","og_site_name":"ZERN","article_modified_time":"2024-09-10T08:07:21+00:00","twitter_card":"summary_large_image","twitter_site":"@ZernZukunf34174","twitter_misc":{"Estimated reading time":"1 minute"},"schema":{"@context":"https:\/\/schema.org","@graph":[{"@type":"WebPage","@id":"https:\/\/zern-verbund.de\/themenbereiche-2\/themenbereich-nutztierhaltung\/zukunftsorientierte-mastschweinehaltung\/","url":"https:\/\/zern-verbund.de\/themenbereiche-2\/themenbereich-nutztierhaltung\/zukunftsorientierte-mastschweinehaltung\/","name":"ZUKUNFTSORIENTIERTE MASTSCHWEINEHALTUNG - ZERN","isPartOf":{"@id":"https:\/\/zern-verbund.de\/#website"},"datePublished":"2024-04-26T08:03:49+00:00","dateModified":"2024-09-10T08:07:21+00:00","description":"Ziel ist die wissenschaftliche Auseinandersetzung mit zukunftsweisenden Haltungssystemen f\u00fcr Mastschweine mit Einstreu und Auslaufhaltung.","breadcrumb":{"@id":"https:\/\/zern-verbund.de\/themenbereiche-2\/themenbereich-nutztierhaltung\/zukunftsorientierte-mastschweinehaltung\/#breadcrumb"},"inLanguage":"en-GB","potentialAction":[{"@type":"ReadAction","target":["https:\/\/zern-verbund.de\/themenbereiche-2\/themenbereich-nutztierhaltung\/zukunftsorientierte-mastschweinehaltung\/"]}]},{"@type":"BreadcrumbList","@id":"https:\/\/zern-verbund.de\/themenbereiche-2\/themenbereich-nutztierhaltung\/zukunftsorientierte-mastschweinehaltung\/#breadcrumb","itemListElement":[{"@type":"ListItem","position":1,"name":"Home","item":"https:\/\/zern-verbund.de\/"},{"@type":"ListItem","position":2,"name":"THEMENBEREICHE","item":"https:\/\/zern-verbund.de\/themenbereiche-2\/"},{"@type":"ListItem","position":3,"name":"Themenbereich Nutztierhaltung","item":"https:\/\/zern-verbund.de\/themenbereiche-2\/themenbereich-nutztierhaltung\/"},{"@type":"ListItem","position":4,"name":"ZUKUNFTSORIENTIERTE MASTSCHWEINEHALTUNG"}]},{"@type":"WebSite","@id":"https:\/\/zern-verbund.de\/#website","url":"https:\/\/zern-verbund.de\/","name":"ZERN","description":"ZERN Verbund","publisher":{"@id":"https:\/\/zern-verbund.de\/#organization"},"alternateName":"Zukunft Ern\u00e4hrung Niedersachsen","potentialAction":[{"@type":"SearchAction","target":{"@type":"EntryPoint","urlTemplate":"https:\/\/zern-verbund.de\/?s={search_term_string}"},"query-input":{"@type":"PropertyValueSpecification","valueRequired":true,"valueName":"search_term_string"}}],"inLanguage":"en-GB"},{"@type":"Organization","@id":"https:\/\/zern-verbund.de\/#organization","name":"ZERN","alternateName":"Zukunft Ern\u00e4hrung Niedersachsen","url":"https:\/\/zern-verbund.de\/","logo":{"@type":"ImageObject","inLanguage":"en-GB","@id":"https:\/\/zern-verbund.de\/#\/schema\/logo\/image\/","url":"https:\/\/zern-verbund.de\/wp-content\/uploads\/2024\/04\/zern_logo.png","contentUrl":"https:\/\/zern-verbund.de\/wp-content\/uploads\/2024\/04\/zern_logo.png","width":167,"height":155,"caption":"ZERN"},"image":{"@id":"https:\/\/zern-verbund.de\/#\/schema\/logo\/image\/"},"sameAs":["https:\/\/x.com\/ZernZukunf34174","https:\/\/www.linkedin.com\/in\/zern-zukunft-ernhrung-niedersachsen-5089292b8\/","https:\/\/www.instagram.com\/zern.verbund\/"]}]}},"_links":{"self":[{"href":"https:\/\/zern-verbund.de\/en\/wp-json\/wp\/v2\/pages\/928","targetHints":{"allow":["GET"]}}],"collection":[{"href":"https:\/\/zern-verbund.de\/en\/wp-json\/wp\/v2\/pages"}],"about":[{"href":"https:\/\/zern-verbund.de\/en\/wp-json\/wp\/v2\/types\/page"}],"author":[{"embeddable":true,"href":"https:\/\/zern-verbund.de\/en\/wp-json\/wp\/v2\/users\/6"}],"replies":[{"embeddable":true,"href":"https:\/\/zern-verbund.de\/en\/wp-json\/wp\/v2\/comments?post=928"}],"version-history":[{"count":31,"href":"https:\/\/zern-verbund.de\/en\/wp-json\/wp\/v2\/pages\/928\/revisions"}],"predecessor-version":[{"id":1952,"href":"https:\/\/zern-verbund.de\/en\/wp-json\/wp\/v2\/pages\/928\/revisions\/1952"}],"up":[{"embeddable":true,"href":"https:\/\/zern-verbund.de\/en\/wp-json\/wp\/v2\/pages\/186"}],"wp:attachment":[{"href":"https:\/\/zern-verbund.de\/en\/wp-json\/wp\/v2\/media?parent=928"}],"curies":[{"name":"wp","href":"https:\/\/api.w.org\/{rel}","templated":true}]}}