{"id":952,"date":"2024-04-26T10:45:21","date_gmt":"2024-04-26T08:45:21","guid":{"rendered":"https:\/\/zern-verbund.de\/?page_id=952"},"modified":"2026-01-28T18:31:04","modified_gmt":"2026-01-28T17:31:04","slug":"nachwuchsgruppe-food-economics-and-policy","status":"publish","type":"page","link":"https:\/\/zern-verbund.de\/en\/home\/nachwuchsgruppe-food-economics-and-policy\/","title":{"rendered":"JUNIOR RESEARCH GROUP FOOD ECONOMICS AND POLICY"},"content":{"rendered":"<div data-elementor-type=\"wp-page\" data-elementor-id=\"952\" class=\"elementor elementor-952\" data-elementor-post-type=\"page\">\n\t\t\t\t<div class=\"elementor-element elementor-element-fbc900b e-con-full e-flex e-con e-parent\" data-id=\"fbc900b\" data-element_type=\"container\" data-e-type=\"container\">\n\t\t<div class=\"elementor-element elementor-element-8ab5fb4 e-con-full e-flex e-con e-child\" data-id=\"8ab5fb4\" data-element_type=\"container\" data-e-type=\"container\" data-settings=\"{&quot;background_background&quot;:&quot;classic&quot;}\">\n\t\t\t\t<div class=\"elementor-element elementor-element-9bf2295 elementor-widget__width-initial elementor-widget-tablet__width-inherit elementor-widget elementor-widget-heading\" data-id=\"9bf2295\" data-element_type=\"widget\" data-e-type=\"widget\" data-widget_type=\"heading.default\">\n\t\t\t\t<div class=\"elementor-widget-container\">\n\t\t\t\t\t<h1 class=\"elementor-heading-title elementor-size-default\">JUNIOR RESEARCH GROUP FOOD ECONOMICS AND POLICY<\/h1>\t\t\t\t<\/div>\n\t\t\t\t<\/div>\n\t\t\t\t<\/div>\n\t\t<div class=\"elementor-element elementor-element-9aac0bd e-con-full e-flex e-con e-child\" data-id=\"9aac0bd\" data-element_type=\"container\" data-e-type=\"container\" data-settings=\"{&quot;background_background&quot;:&quot;classic&quot;}\">\n\t\t\t\t<\/div>\n\t\t\t\t<\/div>\n\t\t<div class=\"elementor-element elementor-element-c71492d e-flex e-con-boxed e-con e-parent\" data-id=\"c71492d\" data-element_type=\"container\" data-e-type=\"container\">\n\t\t\t\t\t<div class=\"e-con-inner\">\n\t\t\t\t<div class=\"elementor-element elementor-element-ba0809b elementor-align-left elementor-widget__width-initial elementor-widget elementor-widget-breadcrumbs\" data-id=\"ba0809b\" data-element_type=\"widget\" data-e-type=\"widget\" data-widget_type=\"breadcrumbs.default\">\n\t\t\t\t<div class=\"elementor-widget-container\">\n\t\t\t\t\t<p id=\"breadcrumbs\"><span><span><a href=\"https:\/\/zern-verbund.de\/en\/\">Home<\/a><\/span><\/span><\/p>\t\t\t\t<\/div>\n\t\t\t\t<\/div>\n\t\t\t\t\t<\/div>\n\t\t\t\t<\/div>\n\t\t<div class=\"elementor-element elementor-element-231ace7 e-flex e-con-boxed e-con e-parent\" data-id=\"231ace7\" data-element_type=\"container\" data-e-type=\"container\">\n\t\t\t\t\t<div class=\"e-con-inner\">\n\t\t<div class=\"elementor-element elementor-element-3e7e252 e-con-full e-flex e-con e-child\" data-id=\"3e7e252\" data-element_type=\"container\" data-e-type=\"container\">\n\t\t\t\t<div class=\"elementor-element elementor-element-0816fb5 elementor-widget elementor-widget-text-editor\" data-id=\"0816fb5\" data-element_type=\"widget\" data-e-type=\"widget\" data-widget_type=\"text-editor.default\">\n\t\t\t\t<div class=\"elementor-widget-container\">\n\t\t\t\t\t\t\t\t\t<p><strong>\ud83c\udf0d<\/strong> <strong>How do global shocks impact food and nutrition in Lower Saxony?<\/strong> <strong>\ud83c\udf7d<\/strong><strong>\ufe0f<\/strong><\/p><p>From climate disruptions and animal disease outbreaks, pandemics to geopolitical conflicts, shocks ripple through global food systems\u2014impacting supply chains, trade flows, and local food security. Given Lower Saxony\u2019s deep integration into the global food network, our research explores how such disruptions shape market dynamics and our local food system.<\/p><p>\ud83d\udcca <strong>What factors predict the resilience of our supply chains?<\/strong> Take, for example, <strong>Russia\u2019s invasion of Ukraine<\/strong>, which led to a sharp drop in imports from the <strong>affected countries.<\/strong> We find that import diversification plays a crucial role in moderating the effect of such shocks. Firms with a more diverse set of suppliers experience less volatility in the face of unforeseen shocks. While <strong>specialization<\/strong> can lead to efficiency gains, we shouldn\u2019t overlook the <strong>vulnerabilities that come with overly concentrated supply chains<\/strong> . \ud83c\udf0d When disruptions hit highly specialized supply networks can struggle to adapt. As uncertainties grow (e.g., Trump 2.0), understanding how to strike the right balance between <strong>efficiency and adaptability<\/strong> is more critical than ever.<\/p>\t\t\t\t\t\t\t\t<\/div>\n\t\t\t\t<\/div>\n\t\t\t\t<\/div>\n\t\t<div class=\"elementor-element elementor-element-5e1bb14 e-con-full e-flex e-con e-child\" data-id=\"5e1bb14\" data-element_type=\"container\" data-e-type=\"container\">\n\t\t\t\t<div class=\"elementor-element elementor-element-8f6b34f elementor-widget elementor-widget-text-editor\" data-id=\"8f6b34f\" data-element_type=\"widget\" data-e-type=\"widget\" data-widget_type=\"text-editor.default\">\n\t\t\t\t<div class=\"elementor-widget-container\">\n\t\t\t\t\t\t\t\t\t<p>\ud83d\udd0d But resilience isn\u2019t just about absorbing shocks\u2014it\u2019s also about how quickly systems <strong>recover and adapt.<\/strong>We are also examining the role of <strong>innovations in the food industry<\/strong> and <strong>sustainability standards<\/strong> \u2014from environmental regulations to animal welfare policies\u2014in shaping sourcing strategies and consumer behavior. Understanding these pathways is key to building a <strong>more secure and sustainable food future<\/strong> for our region<\/p><p>\ud83d\ude80Our research group is working to provide clear insights into these pressing issues.<\/p><p>Lead of this young scientists group: Prof. Dr. Dela-Dem Doe Fiankor (<a href=\"mailto:dela-dem.fiankor@uni-goettingen.de\">dela-dem.fiankor@uni-goettingen.de<\/a>)\u00a0<\/p><p>Research assistants: Jennifer Klaus (<a href=\"mailto:jennifer.klaus@uni-goettingen.de\">jennifer.klaus@uni-goettingen.de<\/a>) and Edmond Nyuyki Mainimo (<a href=\"mailto:edmond.mainimo@uni-goettingen.de\">edmond.mainimo@uni-goettingen.de<\/a>)\u00a0<\/p>\t\t\t\t\t\t\t\t<\/div>\n\t\t\t\t<\/div>\n\t\t\t\t<\/div>\n\t\t\t\t\t<\/div>\n\t\t\t\t<\/div>\n\t\t\t\t<\/div>","protected":false},"excerpt":{"rendered":"<p>\ud83c\udf0d Wie beeinflussen globale Schocks die Ern\u00e4hrung und Lebensmittelversorgung in Niedersachsen? \ud83c\udf7d\ufe0f Von Klimaschwankungen und Tierseuchen \u00fcber Pandemien bis hin zu geopolitischen Konflikten \u2013 Schocks durchziehen die globalen Ern\u00e4hrungssysteme und wirken sich auf Lieferketten, Handelsstr\u00f6me und die Ern\u00e4hrungssicherheit aus. Aufgrund der starken Integration Niedersachsens in das globale Lebensmittelsystem untersucht unsere Forschung, wie sich solche St\u00f6rungen [&hellip;]<\/p>\n","protected":false},"author":6,"featured_media":0,"parent":14,"menu_order":0,"comment_status":"closed","ping_status":"closed","template":"elementor_header_footer","meta":{"footnotes":""},"class_list":["post-952","page","type-page","status-publish","hentry"],"yoast_head":"<!-- This site is optimized with the Yoast SEO plugin v27.5 - https:\/\/yoast.com\/product\/yoast-seo-wordpress\/ -->\n<title>NACHWUCHSGRUPPE FOOD ECONOMICS AND POLICY - ZERN<\/title>\n<meta name=\"description\" content=\"ZERN Nachwuchsgruppe Food Economics and Policy ist als Junior-Professur an der Georg-August-Universit\u00e4t G\u00f6ttingen angesiedelt.\" \/>\n<meta name=\"robots\" content=\"index, follow, max-snippet:-1, max-image-preview:large, max-video-preview:-1\" \/>\n<link rel=\"canonical\" href=\"https:\/\/zern-verbund.de\/en\/home\/nachwuchsgruppe-food-economics-and-policy\/\" \/>\n<meta property=\"og:locale\" content=\"en_GB\" \/>\n<meta property=\"og:type\" content=\"article\" \/>\n<meta property=\"og:title\" content=\"NACHWUCHSGRUPPE FOOD ECONOMICS AND POLICY - ZERN\" \/>\n<meta property=\"og:description\" content=\"ZERN Nachwuchsgruppe Food Economics and Policy ist als Junior-Professur an der Georg-August-Universit\u00e4t G\u00f6ttingen angesiedelt.\" \/>\n<meta property=\"og:url\" content=\"https:\/\/zern-verbund.de\/en\/home\/nachwuchsgruppe-food-economics-and-policy\/\" \/>\n<meta property=\"og:site_name\" content=\"ZERN\" \/>\n<meta property=\"article:modified_time\" content=\"2026-01-28T17:31:04+00:00\" \/>\n<meta name=\"twitter:card\" content=\"summary_large_image\" \/>\n<meta name=\"twitter:site\" content=\"@ZernZukunf34174\" \/>\n<meta name=\"twitter:label1\" content=\"Estimated reading time\" \/>\n\t<meta name=\"twitter:data1\" content=\"3 minutes\" \/>\n<script type=\"application\/ld+json\" class=\"yoast-schema-graph\">{\"@context\":\"https:\\\/\\\/schema.org\",\"@graph\":[{\"@type\":\"WebPage\",\"@id\":\"https:\\\/\\\/zern-verbund.de\\\/home\\\/nachwuchsgruppe-food-economics-and-policy\\\/\",\"url\":\"https:\\\/\\\/zern-verbund.de\\\/home\\\/nachwuchsgruppe-food-economics-and-policy\\\/\",\"name\":\"NACHWUCHSGRUPPE FOOD ECONOMICS AND POLICY - ZERN\",\"isPartOf\":{\"@id\":\"https:\\\/\\\/zern-verbund.de\\\/#website\"},\"datePublished\":\"2024-04-26T08:45:21+00:00\",\"dateModified\":\"2026-01-28T17:31:04+00:00\",\"description\":\"ZERN Nachwuchsgruppe Food Economics and Policy ist als Junior-Professur an der Georg-August-Universit\u00e4t G\u00f6ttingen angesiedelt.\",\"breadcrumb\":{\"@id\":\"https:\\\/\\\/zern-verbund.de\\\/home\\\/nachwuchsgruppe-food-economics-and-policy\\\/#breadcrumb\"},\"inLanguage\":\"en-GB\",\"potentialAction\":[{\"@type\":\"ReadAction\",\"target\":[\"https:\\\/\\\/zern-verbund.de\\\/home\\\/nachwuchsgruppe-food-economics-and-policy\\\/\"]}]},{\"@type\":\"BreadcrumbList\",\"@id\":\"https:\\\/\\\/zern-verbund.de\\\/home\\\/nachwuchsgruppe-food-economics-and-policy\\\/#breadcrumb\",\"itemListElement\":[{\"@type\":\"ListItem\",\"position\":1,\"name\":\"Home\",\"item\":\"https:\\\/\\\/zern-verbund.de\\\/\"},{\"@type\":\"ListItem\",\"position\":2,\"name\":\"HOME\",\"item\":\"https:\\\/\\\/zern-verbund.de\\\/\"},{\"@type\":\"ListItem\",\"position\":3,\"name\":\"NACHWUCHSGRUPPE FOOD ECONOMICS AND POLICY\"}]},{\"@type\":\"WebSite\",\"@id\":\"https:\\\/\\\/zern-verbund.de\\\/#website\",\"url\":\"https:\\\/\\\/zern-verbund.de\\\/\",\"name\":\"ZERN\",\"description\":\"ZERN Verbund\",\"publisher\":{\"@id\":\"https:\\\/\\\/zern-verbund.de\\\/#organization\"},\"alternateName\":\"Zukunft Ern\u00e4hrung Niedersachsen\",\"potentialAction\":[{\"@type\":\"SearchAction\",\"target\":{\"@type\":\"EntryPoint\",\"urlTemplate\":\"https:\\\/\\\/zern-verbund.de\\\/?s={search_term_string}\"},\"query-input\":{\"@type\":\"PropertyValueSpecification\",\"valueRequired\":true,\"valueName\":\"search_term_string\"}}],\"inLanguage\":\"en-GB\"},{\"@type\":\"Organization\",\"@id\":\"https:\\\/\\\/zern-verbund.de\\\/#organization\",\"name\":\"ZERN\",\"alternateName\":\"Zukunft Ern\u00e4hrung Niedersachsen\",\"url\":\"https:\\\/\\\/zern-verbund.de\\\/\",\"logo\":{\"@type\":\"ImageObject\",\"inLanguage\":\"en-GB\",\"@id\":\"https:\\\/\\\/zern-verbund.de\\\/#\\\/schema\\\/logo\\\/image\\\/\",\"url\":\"https:\\\/\\\/zern-verbund.de\\\/wp-content\\\/uploads\\\/2024\\\/04\\\/zern_logo.png\",\"contentUrl\":\"https:\\\/\\\/zern-verbund.de\\\/wp-content\\\/uploads\\\/2024\\\/04\\\/zern_logo.png\",\"width\":167,\"height\":155,\"caption\":\"ZERN\"},\"image\":{\"@id\":\"https:\\\/\\\/zern-verbund.de\\\/#\\\/schema\\\/logo\\\/image\\\/\"},\"sameAs\":[\"https:\\\/\\\/x.com\\\/ZernZukunf34174\",\"https:\\\/\\\/www.linkedin.com\\\/in\\\/zern-zukunft-ernhrung-niedersachsen-5089292b8\\\/\",\"https:\\\/\\\/www.instagram.com\\\/zern.verbund\\\/\"]}]}<\/script>\n<!-- \/ Yoast SEO plugin. -->","yoast_head_json":{"title":"NACHWUCHSGRUPPE FOOD ECONOMICS AND POLICY - ZERN","description":"ZERN Nachwuchsgruppe Food Economics and Policy ist als Junior-Professur an der Georg-August-Universit\u00e4t G\u00f6ttingen angesiedelt.","robots":{"index":"index","follow":"follow","max-snippet":"max-snippet:-1","max-image-preview":"max-image-preview:large","max-video-preview":"max-video-preview:-1"},"canonical":"https:\/\/zern-verbund.de\/en\/home\/nachwuchsgruppe-food-economics-and-policy\/","og_locale":"en_GB","og_type":"article","og_title":"NACHWUCHSGRUPPE FOOD ECONOMICS AND POLICY - ZERN","og_description":"ZERN Nachwuchsgruppe Food Economics and Policy ist als Junior-Professur an der Georg-August-Universit\u00e4t G\u00f6ttingen angesiedelt.","og_url":"https:\/\/zern-verbund.de\/en\/home\/nachwuchsgruppe-food-economics-and-policy\/","og_site_name":"ZERN","article_modified_time":"2026-01-28T17:31:04+00:00","twitter_card":"summary_large_image","twitter_site":"@ZernZukunf34174","twitter_misc":{"Estimated reading time":"3 minutes"},"schema":{"@context":"https:\/\/schema.org","@graph":[{"@type":"WebPage","@id":"https:\/\/zern-verbund.de\/home\/nachwuchsgruppe-food-economics-and-policy\/","url":"https:\/\/zern-verbund.de\/home\/nachwuchsgruppe-food-economics-and-policy\/","name":"NACHWUCHSGRUPPE FOOD ECONOMICS AND POLICY - ZERN","isPartOf":{"@id":"https:\/\/zern-verbund.de\/#website"},"datePublished":"2024-04-26T08:45:21+00:00","dateModified":"2026-01-28T17:31:04+00:00","description":"ZERN Nachwuchsgruppe Food Economics and Policy ist als Junior-Professur an der Georg-August-Universit\u00e4t G\u00f6ttingen angesiedelt.","breadcrumb":{"@id":"https:\/\/zern-verbund.de\/home\/nachwuchsgruppe-food-economics-and-policy\/#breadcrumb"},"inLanguage":"en-GB","potentialAction":[{"@type":"ReadAction","target":["https:\/\/zern-verbund.de\/home\/nachwuchsgruppe-food-economics-and-policy\/"]}]},{"@type":"BreadcrumbList","@id":"https:\/\/zern-verbund.de\/home\/nachwuchsgruppe-food-economics-and-policy\/#breadcrumb","itemListElement":[{"@type":"ListItem","position":1,"name":"Home","item":"https:\/\/zern-verbund.de\/"},{"@type":"ListItem","position":2,"name":"HOME","item":"https:\/\/zern-verbund.de\/"},{"@type":"ListItem","position":3,"name":"NACHWUCHSGRUPPE FOOD ECONOMICS AND POLICY"}]},{"@type":"WebSite","@id":"https:\/\/zern-verbund.de\/#website","url":"https:\/\/zern-verbund.de\/","name":"ZERN","description":"ZERN Verbund","publisher":{"@id":"https:\/\/zern-verbund.de\/#organization"},"alternateName":"Zukunft Ern\u00e4hrung Niedersachsen","potentialAction":[{"@type":"SearchAction","target":{"@type":"EntryPoint","urlTemplate":"https:\/\/zern-verbund.de\/?s={search_term_string}"},"query-input":{"@type":"PropertyValueSpecification","valueRequired":true,"valueName":"search_term_string"}}],"inLanguage":"en-GB"},{"@type":"Organization","@id":"https:\/\/zern-verbund.de\/#organization","name":"ZERN","alternateName":"Zukunft Ern\u00e4hrung Niedersachsen","url":"https:\/\/zern-verbund.de\/","logo":{"@type":"ImageObject","inLanguage":"en-GB","@id":"https:\/\/zern-verbund.de\/#\/schema\/logo\/image\/","url":"https:\/\/zern-verbund.de\/wp-content\/uploads\/2024\/04\/zern_logo.png","contentUrl":"https:\/\/zern-verbund.de\/wp-content\/uploads\/2024\/04\/zern_logo.png","width":167,"height":155,"caption":"ZERN"},"image":{"@id":"https:\/\/zern-verbund.de\/#\/schema\/logo\/image\/"},"sameAs":["https:\/\/x.com\/ZernZukunf34174","https:\/\/www.linkedin.com\/in\/zern-zukunft-ernhrung-niedersachsen-5089292b8\/","https:\/\/www.instagram.com\/zern.verbund\/"]}]}},"_links":{"self":[{"href":"https:\/\/zern-verbund.de\/en\/wp-json\/wp\/v2\/pages\/952","targetHints":{"allow":["GET"]}}],"collection":[{"href":"https:\/\/zern-verbund.de\/en\/wp-json\/wp\/v2\/pages"}],"about":[{"href":"https:\/\/zern-verbund.de\/en\/wp-json\/wp\/v2\/types\/page"}],"author":[{"embeddable":true,"href":"https:\/\/zern-verbund.de\/en\/wp-json\/wp\/v2\/users\/6"}],"replies":[{"embeddable":true,"href":"https:\/\/zern-verbund.de\/en\/wp-json\/wp\/v2\/comments?post=952"}],"version-history":[{"count":23,"href":"https:\/\/zern-verbund.de\/en\/wp-json\/wp\/v2\/pages\/952\/revisions"}],"predecessor-version":[{"id":3176,"href":"https:\/\/zern-verbund.de\/en\/wp-json\/wp\/v2\/pages\/952\/revisions\/3176"}],"up":[{"embeddable":true,"href":"https:\/\/zern-verbund.de\/en\/wp-json\/wp\/v2\/pages\/14"}],"wp:attachment":[{"href":"https:\/\/zern-verbund.de\/en\/wp-json\/wp\/v2\/media?parent=952"}],"curies":[{"name":"wp","href":"https:\/\/api.w.org\/{rel}","templated":true}]}}